{"id":1275,"date":"2024-01-18T17:00:59","date_gmt":"2024-01-18T20:00:59","guid":{"rendered":"https:\/\/livrariamaveshop.com.br\/?post_type=product&#038;p=1275"},"modified":"2024-01-18T17:00:59","modified_gmt":"2024-01-18T20:00:59","slug":"uma-mente-moderada-e-disciplinada","status":"publish","type":"product","link":"https:\/\/livrariamaveshop.com.br\/?product=uma-mente-moderada-e-disciplinada","title":{"rendered":"Uma Mente Moderada e Disciplinada"},"content":{"rendered":"<p style=\"font-weight: 400;\"><i>\u201cUma Mente Moderada e Disciplinada\u201d <\/i>da autora Nancy Dufresne, \u00e9 uma obra que aborda assuntos referentes a voc\u00ea viver uma vida livre de preocupa\u00e7\u00e3o, medo, depress\u00e3o e d\u00favida. Deus lhe oferece os Seus pensamentos &#8211; tome-os! Eles ir\u00e3o transform\u00e1-lo! A Palavra de Deus \u00e9 o Seu pensamento escrito para que voc\u00ea possa tom\u00e1-lo para si. Suas palavras, quando vividas, ir\u00e3o penetrar em sua vida di\u00e1ria, transformando-a em algo espiritual, sobrenatural e extraordin\u00e1rio.<\/p>\n<p style=\"font-weight: 400;\">\n<p style=\"font-weight: 400;\">N\u00e3o h\u00e1 nada de comum sobre o homem que faz dos pensamentos de Deus os pr\u00f3prios pensamentos. Eles ir\u00e3o transform\u00e1-lo e tir\u00e1-lo de um lugar de normalidade e lev\u00e1-lo ao sobrenatural, produzindo uma vida que ir\u00e1 gerar muito mais fruto e glorificar\u00e1 a Deus. Esse homem ir\u00e1 se tornar algu\u00e9m que manifesta a vontade do Pai aonde quer que v\u00e1.<\/p>\n","protected":false},"excerpt":{"rendered":"<p>\u201cUma Mente Moderada e Disciplinada\u201d da autora Nancy Dufresne, \u00e9 uma obra que aborda assuntos referentes a voc\u00ea viver uma vida livre de preocupa\u00e7\u00e3o, medo, depress\u00e3o e d\u00favida. Deus lhe oferece os Seus pensamentos &#8211; tome-os! Eles ir\u00e3o transform\u00e1-lo! A Palavra de Deus \u00e9 o Seu pensamento escrito para que voc\u00ea possa tom\u00e1-lo para si. [&hellip;]<\/p>\n","protected":false},"featured_media":1276,"comment_status":"closed","ping_status":"closed","template":"","meta":{"_joinchat":[]},"pwb-brand":[113],"product_cat":[40],"product_tag":[],"class_list":{"0":"post-1275","1":"product","2":"type-product","3":"status-publish","4":"has-post-thumbnail","6":"pwb-brand-nancy-dufresne","7":"product_cat-fe","8":"product_shipping_class-geral","10":"first","11":"instock","12":"taxable","13":"shipping-taxable","14":"purchasable","15":"product-type-simple"},"brands":[{"id":113,"name":"NANCY DUFRESNE","slug":"nancy-dufresne"}],"_links":{"self":[{"href":"https:\/\/livrariamaveshop.com.br\/index.php?rest_route=\/wp\/v2\/product\/1275","targetHints":{"allow":["GET"]}}],"collection":[{"href":"https:\/\/livrariamaveshop.com.br\/index.php?rest_route=\/wp\/v2\/product"}],"about":[{"href":"https:\/\/livrariamaveshop.com.br\/index.php?rest_route=\/wp\/v2\/types\/product"}],"replies":[{"embeddable":true,"href":"https:\/\/livrariamaveshop.com.br\/index.php?rest_route=%2Fwp%2Fv2%2Fcomments&post=1275"}],"wp:featuredmedia":[{"embeddable":true,"href":"https:\/\/livrariamaveshop.com.br\/index.php?rest_route=\/wp\/v2\/media\/1276"}],"wp:attachment":[{"href":"https:\/\/livrariamaveshop.com.br\/index.php?rest_route=%2Fwp%2Fv2%2Fmedia&parent=1275"}],"wp:term":[{"taxonomy":"pwb-brand","embeddable":true,"href":"https:\/\/livrariamaveshop.com.br\/index.php?rest_route=%2Fwp%2Fv2%2Fpwb-brand&post=1275"},{"taxonomy":"product_cat","embeddable":true,"href":"https:\/\/livrariamaveshop.com.br\/index.php?rest_route=%2Fwp%2Fv2%2Fproduct_cat&post=1275"},{"taxonomy":"product_tag","embeddable":true,"href":"https:\/\/livrariamaveshop.com.br\/index.php?rest_route=%2Fwp%2Fv2%2Fproduct_tag&post=1275"}],"curies":[{"name":"wp","href":"https:\/\/api.w.org\/{rel}","templated":true}]}}