{"id":1271,"date":"2024-01-18T16:55:57","date_gmt":"2024-01-18T19:55:57","guid":{"rendered":"https:\/\/livrariamaveshop.com.br\/?post_type=product&#038;p=1271"},"modified":"2024-01-24T13:26:34","modified_gmt":"2024-01-24T16:26:34","slug":"engendrados","status":"publish","type":"product","link":"https:\/\/livrariamaveshop.com.br\/?product=engendrados","title":{"rendered":"Engendrados"},"content":{"rendered":"<p>O que Deus estava pensando quando ENGENDROU ou criou macho e f\u00eamea? O que isso tem a ver com os pap\u00e9is de g\u00eanero? E esse prop\u00f3sito ainda \u00e9 relevante hoje?<\/p>\n<p>Patsy Cameneti explora com ousadia os pensamentos e a inten\u00e7\u00e3o criativa de Deus para a humanidade. Removendo o pensamento cultural e tradicional, ela examina as verdades cruas da Palavra de Deus sobre g\u00eanero, sexualidade, casamento e fam\u00edlia que oferecem percep\u00e7\u00f5es pr\u00e1ticas para sua vida di\u00e1ria.\u00a0<em>Engendrados<\/em>\u00a0n\u00e3o se esquiva de t\u00f3picos da atualidade e traz a perspectiva de Deus para assuntos como:<\/p>\n<p>\u2022 Como desfrutar o casamento do modo que Deus o projetou<br \/>\n\u2022 O que Deus pensa sobre sexo<br \/>\n\u2022 Sexualidade e clareza de g\u00eaneros<br \/>\n\u2022 Representando Deus na sua maneira de criar filhos<br \/>\n\u2022 Refletindo a imagem de Deus atrav\u00e9s dos pap\u00e9is dos g\u00eaneros<\/p>\n<p>\u00c0 medida que descobre o prop\u00f3sito original de Deus para essas \u00e1reas, voc\u00ea ser\u00e1 iluminado e empoderado para viver a vida que Deus ENGENDROU para voc\u00ea desde o princ\u00edpio.<\/p>\n","protected":false},"excerpt":{"rendered":"<p>O que Deus estava pensando quando ENGENDROU ou criou macho e f\u00eamea? O que isso tem a ver com os pap\u00e9is de g\u00eanero? E esse prop\u00f3sito ainda \u00e9 relevante hoje? Patsy Cameneti explora com ousadia os pensamentos e a inten\u00e7\u00e3o criativa de Deus para a humanidade. Removendo o pensamento cultural e tradicional, ela examina as [&hellip;]<\/p>\n","protected":false},"featured_media":1272,"comment_status":"closed","ping_status":"closed","template":"","meta":{"_joinchat":[]},"pwb-brand":[112],"product_cat":[102,68,125],"product_tag":[],"class_list":{"0":"post-1271","1":"product","2":"type-product","3":"status-publish","4":"has-post-thumbnail","6":"pwb-brand-patsy-cameneti","7":"product_cat-casamento","8":"product_cat-familia","9":"product_cat-sabedoria","10":"product_shipping_class-geral","12":"first","13":"instock","14":"taxable","15":"shipping-taxable","16":"purchasable","17":"product-type-simple"},"brands":[{"id":112,"name":"PATSY CAMENETI","slug":"patsy-cameneti"}],"_links":{"self":[{"href":"https:\/\/livrariamaveshop.com.br\/index.php?rest_route=\/wp\/v2\/product\/1271","targetHints":{"allow":["GET"]}}],"collection":[{"href":"https:\/\/livrariamaveshop.com.br\/index.php?rest_route=\/wp\/v2\/product"}],"about":[{"href":"https:\/\/livrariamaveshop.com.br\/index.php?rest_route=\/wp\/v2\/types\/product"}],"replies":[{"embeddable":true,"href":"https:\/\/livrariamaveshop.com.br\/index.php?rest_route=%2Fwp%2Fv2%2Fcomments&post=1271"}],"wp:featuredmedia":[{"embeddable":true,"href":"https:\/\/livrariamaveshop.com.br\/index.php?rest_route=\/wp\/v2\/media\/1272"}],"wp:attachment":[{"href":"https:\/\/livrariamaveshop.com.br\/index.php?rest_route=%2Fwp%2Fv2%2Fmedia&parent=1271"}],"wp:term":[{"taxonomy":"pwb-brand","embeddable":true,"href":"https:\/\/livrariamaveshop.com.br\/index.php?rest_route=%2Fwp%2Fv2%2Fpwb-brand&post=1271"},{"taxonomy":"product_cat","embeddable":true,"href":"https:\/\/livrariamaveshop.com.br\/index.php?rest_route=%2Fwp%2Fv2%2Fproduct_cat&post=1271"},{"taxonomy":"product_tag","embeddable":true,"href":"https:\/\/livrariamaveshop.com.br\/index.php?rest_route=%2Fwp%2Fv2%2Fproduct_tag&post=1271"}],"curies":[{"name":"wp","href":"https:\/\/api.w.org\/{rel}","templated":true}]}}