{"id":1262,"date":"2024-01-24T13:27:46","date_gmt":"2024-01-24T16:27:46","guid":{"rendered":"https:\/\/livrariamaveshop.com.br\/?post_type=product&#038;p=1262"},"modified":"2024-01-24T13:27:46","modified_gmt":"2024-01-24T16:27:46","slug":"em-busca-de-timoteo","status":"publish","type":"product","link":"https:\/\/livrariamaveshop.com.br\/?product=em-busca-de-timoteo","title":{"rendered":"Em Busca de Tim\u00f3teo"},"content":{"rendered":"<p><i>\u201cEm Busca de Tim\u00f3teo\u201d<\/i> do autor Tony Cooke, \u00e9 uma obra que j\u00e1 \u00e9 considerada um dos cl\u00e1ssicos da literatura crist\u00e3 de todo o mundo que aborda informa\u00e7\u00f5es sobre como voc\u00ea pode ser um recurso vital para seu pastor e igreja. O livro serve para o estudo pessoal ou coletivo. Se voc\u00ea tem o desejo de ser usado por Deus e ser altamente produtivo para o seu l\u00edder ou pastor, este livro \u00e9 para voc\u00ea!<\/p>\n<p>&nbsp;<\/p>\n<p>Tony Cooke, neste livro, tamb\u00e9m nos instrui que se quisermos maximizar nossa performance pessoal e aumentar nossa efic\u00e1cia como integrantes de uma equipe em nossa igreja local, este livro \u00e9 um extra. <i>Em Busca de Tim\u00f3teo <\/i>o orientar\u00e1, afinar\u00e1, preparar\u00e1 e incendiar\u00e1 para uma contribui\u00e7\u00e3o significativa para o Reino de Deus. Este \u00e9 um livro para liderados e l\u00edderes tamb\u00e9m que desejam andar firmes e com o cora\u00e7\u00e3o alinhado ao que Deus tem para as suas vidas, com excel\u00eancia.<\/p>\n<p style=\"font-weight: 400;\"><a href=\"https:\/\/www.facebook.com\/sharer\/sharer.php?u=https:\/\/verboshop.com.br\/produtos\/em-busca-de-timoteo-edicao-revista-e-atualizada\/\" data-network=\"facebook\" aria-label=\"Compartilhar pelo Facebook\">\u00a0<\/a><a href=\"https:\/\/twitter.com\/share?url=https:\/\/verboshop.com.br\/produtos\/em-busca-de-timoteo-edicao-revista-e-atualizada\/\" data-network=\"twitter\" aria-label=\"Compartilhar pelo Twitter\">\u00a0<\/a><\/p>\n","protected":false},"excerpt":{"rendered":"<p>\u201cEm Busca de Tim\u00f3teo\u201d do autor Tony Cooke, \u00e9 uma obra que j\u00e1 \u00e9 considerada um dos cl\u00e1ssicos da literatura crist\u00e3 de todo o mundo que aborda informa\u00e7\u00f5es sobre como voc\u00ea pode ser um recurso vital para seu pastor e igreja. O livro serve para o estudo pessoal ou coletivo. Se voc\u00ea tem o desejo [&hellip;]<\/p>\n","protected":false},"featured_media":1264,"comment_status":"closed","ping_status":"closed","template":"","meta":{"_joinchat":[]},"pwb-brand":[45],"product_cat":[76],"product_tag":[],"class_list":{"0":"post-1262","1":"product","2":"type-product","3":"status-publish","4":"has-post-thumbnail","6":"pwb-brand-tony-cooke","7":"product_cat-igreja","8":"product_shipping_class-geral","10":"first","11":"instock","12":"taxable","13":"shipping-taxable","14":"purchasable","15":"product-type-simple"},"brands":[{"id":45,"name":"TONY COOKE","slug":"tony-cooke"}],"_links":{"self":[{"href":"https:\/\/livrariamaveshop.com.br\/index.php?rest_route=\/wp\/v2\/product\/1262","targetHints":{"allow":["GET"]}}],"collection":[{"href":"https:\/\/livrariamaveshop.com.br\/index.php?rest_route=\/wp\/v2\/product"}],"about":[{"href":"https:\/\/livrariamaveshop.com.br\/index.php?rest_route=\/wp\/v2\/types\/product"}],"replies":[{"embeddable":true,"href":"https:\/\/livrariamaveshop.com.br\/index.php?rest_route=%2Fwp%2Fv2%2Fcomments&post=1262"}],"wp:featuredmedia":[{"embeddable":true,"href":"https:\/\/livrariamaveshop.com.br\/index.php?rest_route=\/wp\/v2\/media\/1264"}],"wp:attachment":[{"href":"https:\/\/livrariamaveshop.com.br\/index.php?rest_route=%2Fwp%2Fv2%2Fmedia&parent=1262"}],"wp:term":[{"taxonomy":"pwb-brand","embeddable":true,"href":"https:\/\/livrariamaveshop.com.br\/index.php?rest_route=%2Fwp%2Fv2%2Fpwb-brand&post=1262"},{"taxonomy":"product_cat","embeddable":true,"href":"https:\/\/livrariamaveshop.com.br\/index.php?rest_route=%2Fwp%2Fv2%2Fproduct_cat&post=1262"},{"taxonomy":"product_tag","embeddable":true,"href":"https:\/\/livrariamaveshop.com.br\/index.php?rest_route=%2Fwp%2Fv2%2Fproduct_tag&post=1262"}],"curies":[{"name":"wp","href":"https:\/\/api.w.org\/{rel}","templated":true}]}}