{"id":1261,"date":"2024-01-18T16:47:16","date_gmt":"2024-01-18T19:47:16","guid":{"rendered":"https:\/\/livrariamaveshop.com.br\/?post_type=product&#038;p=1261"},"modified":"2024-01-18T16:47:16","modified_gmt":"2024-01-18T19:47:16","slug":"totalmente-pago","status":"publish","type":"product","link":"https:\/\/livrariamaveshop.com.br\/?product=totalmente-pago","title":{"rendered":"Totalmente Pago"},"content":{"rendered":"<p dir=\"ltr\">Um Olhar<br \/>\nRevolucion\u00e1rio Sobre a Hist\u00f3ria<br \/>\nQue Voc\u00ea Achava Que Conhecia.<\/p>\n<p dir=\"ltr\">Voc\u00ea acha que sabe o que aconteceu \u2014 a\u00e7oites, trai\u00e7\u00e3o, zombaria, uma cruz, alguns pregos e a morte. Mas essa \u00e9 apenas a superf\u00edcie da hist\u00f3ria.<br \/>\nE se voc\u00ea repassar as partes comumente reconhecidas do relato que conta como e por que Jesus Cristo morreu \u2014 a hist\u00f3ria que todos pensam que j\u00e1 entendem? Se voc\u00ea pudesse descobrir o esp\u00edrito, a humanidade, a emo\u00e7\u00e3o e o significado de cada encontro de Jesus ao longo do caminho, do Gets\u00eamani ao G\u00f3lgota?<br \/>\nTotalmente Pago \u2014 um fascinante relato das horas finais de Jesus \u2014 leva voc\u00ea a uma jornada que faz exatamente isso. Explica poderosamente o significado \u2014 para cada pessoa nascida na Terra \u2014 de cada passo que Jesus, de bom grado, deu ao longo do caminho de sofrimento, morte e ressurrei\u00e7\u00e3o.<br \/>\nO renomado professor da B\u00edblia e erudito em grego, Rick Renner, desenha um pano de fundo v\u00edvido para a paix\u00e3o de Jesus Cristo, apresentando novas vis\u00f5es ao drama humano e divino,escrito a partir dos fundamentos do mundo. Ao seguir a jornada detalhada em Totalmente Pago, voc\u00ea descobrir\u00e1 um retrato \u00edntimo de Jesus que nunca conheceu. Voc\u00ea vai ter uma experi\u00eancia inesquec\u00edvel com Ele.<\/p>\n<p dir=\"ltr\">A reden\u00e7\u00e3o teve um pre\u00e7o.<br \/>\nDescubra como este pre\u00e7o<br \/>\nfoi Totalmente Pago!<\/p>\n","protected":false},"excerpt":{"rendered":"<p>Um Olhar Revolucion\u00e1rio Sobre a Hist\u00f3ria Que Voc\u00ea Achava Que Conhecia. Voc\u00ea acha que sabe o que aconteceu \u2014 a\u00e7oites, trai\u00e7\u00e3o, zombaria, uma cruz, alguns pregos e a morte. Mas essa \u00e9 apenas a superf\u00edcie da hist\u00f3ria. E se voc\u00ea repassar as partes comumente reconhecidas do relato que conta como e por que Jesus Cristo [&hellip;]<\/p>\n","protected":false},"featured_media":1263,"comment_status":"closed","ping_status":"closed","template":"","meta":{"_joinchat":[]},"pwb-brand":[43],"product_cat":[76],"product_tag":[],"class_list":{"0":"post-1261","1":"product","2":"type-product","3":"status-publish","4":"has-post-thumbnail","6":"pwb-brand-kenneth-e-hagin","7":"product_cat-igreja","8":"product_shipping_class-geral","10":"first","11":"instock","12":"taxable","13":"shipping-taxable","14":"purchasable","15":"product-type-simple"},"brands":[{"id":43,"name":"KENNETH E. HAGIN","slug":"kenneth-e-hagin"}],"_links":{"self":[{"href":"https:\/\/livrariamaveshop.com.br\/index.php?rest_route=\/wp\/v2\/product\/1261","targetHints":{"allow":["GET"]}}],"collection":[{"href":"https:\/\/livrariamaveshop.com.br\/index.php?rest_route=\/wp\/v2\/product"}],"about":[{"href":"https:\/\/livrariamaveshop.com.br\/index.php?rest_route=\/wp\/v2\/types\/product"}],"replies":[{"embeddable":true,"href":"https:\/\/livrariamaveshop.com.br\/index.php?rest_route=%2Fwp%2Fv2%2Fcomments&post=1261"}],"wp:featuredmedia":[{"embeddable":true,"href":"https:\/\/livrariamaveshop.com.br\/index.php?rest_route=\/wp\/v2\/media\/1263"}],"wp:attachment":[{"href":"https:\/\/livrariamaveshop.com.br\/index.php?rest_route=%2Fwp%2Fv2%2Fmedia&parent=1261"}],"wp:term":[{"taxonomy":"pwb-brand","embeddable":true,"href":"https:\/\/livrariamaveshop.com.br\/index.php?rest_route=%2Fwp%2Fv2%2Fpwb-brand&post=1261"},{"taxonomy":"product_cat","embeddable":true,"href":"https:\/\/livrariamaveshop.com.br\/index.php?rest_route=%2Fwp%2Fv2%2Fproduct_cat&post=1261"},{"taxonomy":"product_tag","embeddable":true,"href":"https:\/\/livrariamaveshop.com.br\/index.php?rest_route=%2Fwp%2Fv2%2Fproduct_tag&post=1261"}],"curies":[{"name":"wp","href":"https:\/\/api.w.org\/{rel}","templated":true}]}}