{"id":1256,"date":"2024-01-18T16:43:16","date_gmt":"2024-01-18T19:43:16","guid":{"rendered":"https:\/\/livrariamaveshop.com.br\/?post_type=product&#038;p=1256"},"modified":"2024-01-18T16:43:16","modified_gmt":"2024-01-18T19:43:16","slug":"testando-o-sobrenatural","status":"publish","type":"product","link":"https:\/\/livrariamaveshop.com.br\/?product=testando-o-sobrenatural","title":{"rendered":"Testando o Sobrenatural"},"content":{"rendered":"<p><strong><img decoding=\"async\" src=\"https:\/\/acdn.mitiendanube.com\/assets\/themes\/amazonas\/static\/images\/empty-placeholder.png\" alt=\"Testando o Sobrenatural\" \/><\/strong><\/p>\n<p>Essa \u00e9 uma pergunta que muitos t\u00eam feito, especialmente nestes \u00faltimos dias, quando parece que h\u00e1 uma abund\u00e2ncia de sonhos, vis\u00f5es e novas revela\u00e7\u00f5es.<br \/>\nEm<em>\u00a0Testando o Sobrenatural &#8211; Como Avaliar Biblicamente Sonhos, Vis\u00f5es, Revela\u00e7\u00f5es e Manifesta\u00e7\u00f5es Espirituais<\/em>, Rick Renner esclarece de maneira b\u00edblica e cuidadosa como saber o que \u00e9 e o que n\u00e3o \u00e9 a voz de Deus, e o que \u00e9 e o que n\u00e3o \u00e9 uma verdadeira manifesta\u00e7\u00e3o do c\u00e9u.<br \/>\nAo nos dar os pontos essenciais para definir o que \u00e9 certo e errado nas manifesta\u00e7\u00f5es espirituais, Rick mostra como discernir atentamente o que voc\u00ea est\u00e1 vendo e ouvindo &#8211;\u00a0<em>e tamb\u00e9m o que os outros ao seu redor dizem que est\u00e3o vendo e ouvindo.<\/em><br \/>\nAprenda a &#8220;agu\u00e7ar&#8221; seus ouvidos espirituais para se fortalecer na verdade e n\u00e3o cair nas garras do engano espiritual!<\/p>\n<p>O que voc\u00ea ver\u00e1 neste livro:<br \/>\n\u2022 O teste dos falsos ap\u00f3stolos;<br \/>\n\u2022 Quatro perguntas simples que precisam ser respondidas;<br \/>\n\u2022 A iniciativa sempre parte de Deus;<br \/>\n\u2022 Maneiras proibidas de receber revela\u00e7\u00f5es;<br \/>\n\u2022 Como Deus fala;<br \/>\n\u2022 Ignor\u00e2ncia &#8211; a base do engano de Eva;<br \/>\n\u2022 O erro misturado com a verdade;<br \/>\n\u2022 Teste o fruto da sua experi\u00eancia;<br \/>\n\u2022 As experi\u00eancias concedidas divinamente sempre glorificam a Deus;<br \/>\n\u2022\u00a0<em>E muito mais!<\/em><\/p>\n<p><strong><img decoding=\"async\" src=\"https:\/\/acdn.mitiendanube.com\/assets\/themes\/amazonas\/static\/images\/empty-placeholder.png\" alt=\"Testando o Sobrenatural\" \/><\/strong><\/p>\n","protected":false},"excerpt":{"rendered":"<p>Essa \u00e9 uma pergunta que muitos t\u00eam feito, especialmente nestes \u00faltimos dias, quando parece que h\u00e1 uma abund\u00e2ncia de sonhos, vis\u00f5es e novas revela\u00e7\u00f5es. Em\u00a0Testando o Sobrenatural &#8211; Como Avaliar Biblicamente Sonhos, Vis\u00f5es, Revela\u00e7\u00f5es e Manifesta\u00e7\u00f5es Espirituais, Rick Renner esclarece de maneira b\u00edblica e cuidadosa como saber o que \u00e9 e o que n\u00e3o \u00e9 [&hellip;]<\/p>\n","protected":false},"featured_media":1259,"comment_status":"closed","ping_status":"closed","template":"","meta":{"_joinchat":[]},"pwb-brand":[46],"product_cat":[107],"product_tag":[],"class_list":{"0":"post-1256","1":"product","2":"type-product","3":"status-publish","4":"has-post-thumbnail","6":"pwb-brand-rick-renner","7":"product_cat-profetico","8":"product_shipping_class-geral","10":"first","11":"instock","12":"taxable","13":"shipping-taxable","14":"purchasable","15":"product-type-simple"},"brands":[{"id":46,"name":"RICK RENNER","slug":"rick-renner"}],"_links":{"self":[{"href":"https:\/\/livrariamaveshop.com.br\/index.php?rest_route=\/wp\/v2\/product\/1256","targetHints":{"allow":["GET"]}}],"collection":[{"href":"https:\/\/livrariamaveshop.com.br\/index.php?rest_route=\/wp\/v2\/product"}],"about":[{"href":"https:\/\/livrariamaveshop.com.br\/index.php?rest_route=\/wp\/v2\/types\/product"}],"replies":[{"embeddable":true,"href":"https:\/\/livrariamaveshop.com.br\/index.php?rest_route=%2Fwp%2Fv2%2Fcomments&post=1256"}],"wp:featuredmedia":[{"embeddable":true,"href":"https:\/\/livrariamaveshop.com.br\/index.php?rest_route=\/wp\/v2\/media\/1259"}],"wp:attachment":[{"href":"https:\/\/livrariamaveshop.com.br\/index.php?rest_route=%2Fwp%2Fv2%2Fmedia&parent=1256"}],"wp:term":[{"taxonomy":"pwb-brand","embeddable":true,"href":"https:\/\/livrariamaveshop.com.br\/index.php?rest_route=%2Fwp%2Fv2%2Fpwb-brand&post=1256"},{"taxonomy":"product_cat","embeddable":true,"href":"https:\/\/livrariamaveshop.com.br\/index.php?rest_route=%2Fwp%2Fv2%2Fproduct_cat&post=1256"},{"taxonomy":"product_tag","embeddable":true,"href":"https:\/\/livrariamaveshop.com.br\/index.php?rest_route=%2Fwp%2Fv2%2Fproduct_tag&post=1256"}],"curies":[{"name":"wp","href":"https:\/\/api.w.org\/{rel}","templated":true}]}}