{"id":1255,"date":"2024-01-18T16:40:23","date_gmt":"2024-01-18T19:40:23","guid":{"rendered":"https:\/\/livrariamaveshop.com.br\/?post_type=product&#038;p=1255"},"modified":"2024-01-18T16:40:23","modified_gmt":"2024-01-18T19:40:23","slug":"edifique-seu-fundamento","status":"publish","type":"product","link":"https:\/\/livrariamaveshop.com.br\/?product=edifique-seu-fundamento","title":{"rendered":"Edifique Seu Fundamento"},"content":{"rendered":"<p><strong>LANCE UMA BOA FUNDA\u00c7\u00c3O E DEPOIS CONSTRUA EM DIRE\u00c7\u00c3O AO C\u00c9U!<\/strong><\/p>\n<p>Um engenheiro tem uma prioridade m\u00e1xima toda vez que inicia um projeto: fazer uma boa funda\u00e7\u00e3o. Ele sabe que essa \u00e9 a chave para a estabilidade e a durabilidade da estrutura que est\u00e1 construindo. Se sua equipe lan\u00e7ar uma funda\u00e7\u00e3o da forma errada, o pr\u00e9dio poder\u00e1 at\u00e9 ter uma boa apar\u00eancia no final, mas sempre ter\u00e1 problemas e possivelmente nunca cumprir\u00e1 o prop\u00f3sito para o qual foi constru\u00eddo.<\/p>\n<p>O mesmo princ\u00edpio se aplica quando voc\u00ea constr\u00f3i sua vida em Cristo. Voc\u00ea n\u00e3o permanecer\u00e1 firme nem ter\u00e1 muita durabilidade em sua busca por cumprir o que Deus o colocou na terra para realizar, a n\u00e3o ser que foque primeiramente em lan\u00e7ar seu fundamento espiritual na rocha firme das verdades da Sua Palavra.<\/p>\n<p>Neste livro, o autor Rick Renner oferece &#8220;o cimento e os tijolos&#8221; b\u00edblicos que definem as seis doutrinas fundamentais enumeradas em Hebreus 6:1-2 &#8211; os ingredientes certos para lan\u00e7ar um fundamento s\u00f3lido e est\u00e1vel para estruturar sua vida em Cristo.<\/p>\n<p>Voc\u00ea reconhece a necessidade de fortalecer seu fundamento? Se a resposta \u00e9 sim, saiba que tem em m\u00e3os uma ferramenta poderosa que o ajudar\u00e1 a fazer exatamente isso. As ricas verdades encontradas nestas p\u00e1ginas fortalecer\u00e3o seu fundamento para que ele possa mant\u00ea-lo firme e est\u00e1vel enquanto sua vida cresce e se torna um poderoso edif\u00edcio que exibe a gl\u00f3ria e o poder de Deus &#8211; do jeito como Ele sempre pretendeu que fosse!<\/p>\n","protected":false},"excerpt":{"rendered":"<p>LANCE UMA BOA FUNDA\u00c7\u00c3O E DEPOIS CONSTRUA EM DIRE\u00c7\u00c3O AO C\u00c9U! Um engenheiro tem uma prioridade m\u00e1xima toda vez que inicia um projeto: fazer uma boa funda\u00e7\u00e3o. Ele sabe que essa \u00e9 a chave para a estabilidade e a durabilidade da estrutura que est\u00e1 construindo. Se sua equipe lan\u00e7ar uma funda\u00e7\u00e3o da forma errada, o [&hellip;]<\/p>\n","protected":false},"featured_media":1257,"comment_status":"closed","ping_status":"closed","template":"","meta":{"_joinchat":[]},"pwb-brand":[46],"product_cat":[76],"product_tag":[],"class_list":{"0":"post-1255","1":"product","2":"type-product","3":"status-publish","4":"has-post-thumbnail","6":"pwb-brand-rick-renner","7":"product_cat-igreja","8":"product_shipping_class-geral","10":"first","11":"instock","12":"taxable","13":"shipping-taxable","14":"purchasable","15":"product-type-simple"},"brands":[{"id":46,"name":"RICK RENNER","slug":"rick-renner"}],"_links":{"self":[{"href":"https:\/\/livrariamaveshop.com.br\/index.php?rest_route=\/wp\/v2\/product\/1255","targetHints":{"allow":["GET"]}}],"collection":[{"href":"https:\/\/livrariamaveshop.com.br\/index.php?rest_route=\/wp\/v2\/product"}],"about":[{"href":"https:\/\/livrariamaveshop.com.br\/index.php?rest_route=\/wp\/v2\/types\/product"}],"replies":[{"embeddable":true,"href":"https:\/\/livrariamaveshop.com.br\/index.php?rest_route=%2Fwp%2Fv2%2Fcomments&post=1255"}],"wp:featuredmedia":[{"embeddable":true,"href":"https:\/\/livrariamaveshop.com.br\/index.php?rest_route=\/wp\/v2\/media\/1257"}],"wp:attachment":[{"href":"https:\/\/livrariamaveshop.com.br\/index.php?rest_route=%2Fwp%2Fv2%2Fmedia&parent=1255"}],"wp:term":[{"taxonomy":"pwb-brand","embeddable":true,"href":"https:\/\/livrariamaveshop.com.br\/index.php?rest_route=%2Fwp%2Fv2%2Fpwb-brand&post=1255"},{"taxonomy":"product_cat","embeddable":true,"href":"https:\/\/livrariamaveshop.com.br\/index.php?rest_route=%2Fwp%2Fv2%2Fproduct_cat&post=1255"},{"taxonomy":"product_tag","embeddable":true,"href":"https:\/\/livrariamaveshop.com.br\/index.php?rest_route=%2Fwp%2Fv2%2Fproduct_tag&post=1255"}],"curies":[{"name":"wp","href":"https:\/\/api.w.org\/{rel}","templated":true}]}}