{"id":1250,"date":"2024-01-18T16:37:36","date_gmt":"2024-01-18T19:37:36","guid":{"rendered":"https:\/\/livrariamaveshop.com.br\/?post_type=product&#038;p=1250"},"modified":"2024-01-18T16:37:36","modified_gmt":"2024-01-18T19:37:36","slug":"30-dias-para-tornar-se-uma-mulher-de-oracao","status":"publish","type":"product","link":"https:\/\/livrariamaveshop.com.br\/?product=30-dias-para-tornar-se-uma-mulher-de-oracao","title":{"rendered":"30 Dias para Tornar-se uma Mulher de Ora\u00e7\u00e3o"},"content":{"rendered":"<p>Em\u00a0<i>30 Dias para tornar-se uma mulher de ora\u00e7\u00e3o,\u00a0<\/i>a autora Stormie Omartian nos ensina o caminho para desenvolver uma vida de confian\u00e7a e f\u00e9 no Senhor, que nos leva a um lugar onde podemos experimentar o perd\u00e3o, a gra\u00e7a e o amor de Deus em nossa vida, gerando uma grande transforma\u00e7\u00e3o naquilo que sentimos e na maneira que lidamos com as situa\u00e7\u00f5es que havemos de enfrentar.<\/p>\n<p>No livro, Stormie quer nos ensinar diferentes tipos de ora\u00e7\u00e3o, que nos capacitar\u00e3o a desenvolver cada vez mais nosso relacionamento com o Senhor e alcan\u00e7ar uma vida de intimidade com o Esp\u00edrito Santo.<\/p>\n","protected":false},"excerpt":{"rendered":"<p>Em\u00a030 Dias para tornar-se uma mulher de ora\u00e7\u00e3o,\u00a0a autora Stormie Omartian nos ensina o caminho para desenvolver uma vida de confian\u00e7a e f\u00e9 no Senhor, que nos leva a um lugar onde podemos experimentar o perd\u00e3o, a gra\u00e7a e o amor de Deus em nossa vida, gerando uma grande transforma\u00e7\u00e3o naquilo que sentimos e na [&hellip;]<\/p>\n","protected":false},"featured_media":1252,"comment_status":"closed","ping_status":"closed","template":"","meta":{"_joinchat":[]},"pwb-brand":[111],"product_cat":[65],"product_tag":[],"class_list":{"0":"post-1250","1":"product","2":"type-product","3":"status-publish","4":"has-post-thumbnail","6":"pwb-brand-stormie-omartian","7":"product_cat-oracao","8":"product_shipping_class-geral","10":"first","11":"instock","12":"taxable","13":"shipping-taxable","14":"purchasable","15":"product-type-simple"},"brands":[{"id":111,"name":"STORMIE OMARTIAN","slug":"stormie-omartian"}],"_links":{"self":[{"href":"https:\/\/livrariamaveshop.com.br\/index.php?rest_route=\/wp\/v2\/product\/1250","targetHints":{"allow":["GET"]}}],"collection":[{"href":"https:\/\/livrariamaveshop.com.br\/index.php?rest_route=\/wp\/v2\/product"}],"about":[{"href":"https:\/\/livrariamaveshop.com.br\/index.php?rest_route=\/wp\/v2\/types\/product"}],"replies":[{"embeddable":true,"href":"https:\/\/livrariamaveshop.com.br\/index.php?rest_route=%2Fwp%2Fv2%2Fcomments&post=1250"}],"wp:featuredmedia":[{"embeddable":true,"href":"https:\/\/livrariamaveshop.com.br\/index.php?rest_route=\/wp\/v2\/media\/1252"}],"wp:attachment":[{"href":"https:\/\/livrariamaveshop.com.br\/index.php?rest_route=%2Fwp%2Fv2%2Fmedia&parent=1250"}],"wp:term":[{"taxonomy":"pwb-brand","embeddable":true,"href":"https:\/\/livrariamaveshop.com.br\/index.php?rest_route=%2Fwp%2Fv2%2Fpwb-brand&post=1250"},{"taxonomy":"product_cat","embeddable":true,"href":"https:\/\/livrariamaveshop.com.br\/index.php?rest_route=%2Fwp%2Fv2%2Fproduct_cat&post=1250"},{"taxonomy":"product_tag","embeddable":true,"href":"https:\/\/livrariamaveshop.com.br\/index.php?rest_route=%2Fwp%2Fv2%2Fproduct_tag&post=1250"}],"curies":[{"name":"wp","href":"https:\/\/api.w.org\/{rel}","templated":true}]}}