{"id":1248,"date":"2024-01-18T16:35:25","date_gmt":"2024-01-18T19:35:25","guid":{"rendered":"https:\/\/livrariamaveshop.com.br\/?post_type=product&#038;p=1248"},"modified":"2024-01-18T16:35:25","modified_gmt":"2024-01-18T19:35:25","slug":"supere-suas-perdas","status":"publish","type":"product","link":"https:\/\/livrariamaveshop.com.br\/?product=supere-suas-perdas","title":{"rendered":"Supere Suas Perdas"},"content":{"rendered":"<p>Pastores l\u00edderes da Igreja da Cidade em S\u00e3o Jos\u00e9 dos Campos e da Rede de Igrejas d a Cidade, hoje com mais de 16 mil membros e 39 pastores ordenados. L\u00edderes fundadores da Rede Inspire de Igrejas, que re\u00fane mais de 300 igrejas de diversas denomina\u00e7\u00f5es no Brasil e fora do Pa\u00eds. Idealizadores do Col\u00e9gio Inspire e R\u00e1dio Cidade. Carlito \u00e9 bacharel e mestre em teologia, conferencista sobre lideran\u00e7a e autor de diversos livros.<\/p>\n<p>&nbsp;<\/p>\n<p>Os autores Carlito e Leila Paes com sabedoria nos conduzem a verdadeiras aprendizagens advindas das perdas, sugerindo \u201cque perdas nos fazem mais humanos e solid\u00e1rios. Geram gra\u00e7a e compaix\u00e3o, isso \u00e9, quando n\u00e3o deixamos que a m\u00e1goa tome conta do nosso cora\u00e7\u00e3o por conta de uma perda. Precisamos ganhar depois de perder, e n\u00e3o continuar perdendo\u201d.<\/p>\n<p>&nbsp;<\/p>\n<p>Perdas s\u00e3o inevit\u00e1veis: seja a morte de uma pessoa querida, a perda de um sonho h\u00e1 muito acalentado, o desaparecimento de um emprego ou a debilidade f\u00edsica. Na nova edi\u00e7\u00e3o de Supere Suas Perdas. Carlito e Leila Paes nos ensinavam que, mesmo sendo imprescind\u00edvel passar por elas, \u00e9 poss\u00edvel faz\u00ea-lo da melhor forma, percebendo o processo did\u00e1tico que h\u00e1 em cada perda, aprofundando-nos como pessoas e em nosso relacionamento com Deus.<\/p>\n<p>&nbsp;<\/p>\n<p>\u201cCom Jesus, \u00e9 poss\u00edvel ganhar em toda e qualquer situa\u00e7\u00e3o. E lembre-se: nenhuma dor ou perda chegou at\u00e9 voc\u00ea sem que antes j\u00e1 n\u00e3o tivesse atingindo primeiro o cora\u00e7\u00e3o do seu Deus\u201d.<\/p>\n","protected":false},"excerpt":{"rendered":"<p>Pastores l\u00edderes da Igreja da Cidade em S\u00e3o Jos\u00e9 dos Campos e da Rede de Igrejas d a Cidade, hoje com mais de 16 mil membros e 39 pastores ordenados. L\u00edderes fundadores da Rede Inspire de Igrejas, que re\u00fane mais de 300 igrejas de diversas denomina\u00e7\u00f5es no Brasil e fora do Pa\u00eds. Idealizadores do Col\u00e9gio [&hellip;]<\/p>\n","protected":false},"featured_media":1251,"comment_status":"closed","ping_status":"closed","template":"","meta":{"_joinchat":[]},"pwb-brand":[110],"product_cat":[73],"product_tag":[],"class_list":{"0":"post-1248","1":"product","2":"type-product","3":"status-publish","4":"has-post-thumbnail","6":"pwb-brand-carlito-paes-e-leila-paes","7":"product_cat-cura","8":"product_shipping_class-geral","10":"first","11":"instock","12":"taxable","13":"shipping-taxable","14":"purchasable","15":"product-type-simple"},"brands":[{"id":110,"name":"CARLITO PAES E LEILA PAES","slug":"carlito-paes-e-leila-paes"}],"_links":{"self":[{"href":"https:\/\/livrariamaveshop.com.br\/index.php?rest_route=\/wp\/v2\/product\/1248","targetHints":{"allow":["GET"]}}],"collection":[{"href":"https:\/\/livrariamaveshop.com.br\/index.php?rest_route=\/wp\/v2\/product"}],"about":[{"href":"https:\/\/livrariamaveshop.com.br\/index.php?rest_route=\/wp\/v2\/types\/product"}],"replies":[{"embeddable":true,"href":"https:\/\/livrariamaveshop.com.br\/index.php?rest_route=%2Fwp%2Fv2%2Fcomments&post=1248"}],"wp:featuredmedia":[{"embeddable":true,"href":"https:\/\/livrariamaveshop.com.br\/index.php?rest_route=\/wp\/v2\/media\/1251"}],"wp:attachment":[{"href":"https:\/\/livrariamaveshop.com.br\/index.php?rest_route=%2Fwp%2Fv2%2Fmedia&parent=1248"}],"wp:term":[{"taxonomy":"pwb-brand","embeddable":true,"href":"https:\/\/livrariamaveshop.com.br\/index.php?rest_route=%2Fwp%2Fv2%2Fpwb-brand&post=1248"},{"taxonomy":"product_cat","embeddable":true,"href":"https:\/\/livrariamaveshop.com.br\/index.php?rest_route=%2Fwp%2Fv2%2Fproduct_cat&post=1248"},{"taxonomy":"product_tag","embeddable":true,"href":"https:\/\/livrariamaveshop.com.br\/index.php?rest_route=%2Fwp%2Fv2%2Fproduct_tag&post=1248"}],"curies":[{"name":"wp","href":"https:\/\/api.w.org\/{rel}","templated":true}]}}