{"id":1237,"date":"2024-01-18T16:17:26","date_gmt":"2024-01-18T19:17:26","guid":{"rendered":"https:\/\/livrariamaveshop.com.br\/?post_type=product&#038;p=1237"},"modified":"2024-01-24T13:33:40","modified_gmt":"2024-01-24T16:33:40","slug":"dez-homens-da-biblia","status":"publish","type":"product","link":"https:\/\/livrariamaveshop.com.br\/?product=dez-homens-da-biblia","title":{"rendered":"Dez Homens da B\u00edblia"},"content":{"rendered":"<p>Os homens retratados na B\u00edblia n\u00e3o eram perfeitos de forma alguma. Nas Sagradas Escrituras, encontramos diversas hist\u00f3rias marcadas por esc\u00e2ndalos, fracassos e intrigas. No entanto, tamb\u00e9m encontramos muitas hist\u00f3rias de homens que conseguiram olhar al\u00e9m de suas circunst\u00e2ncias, confiar completamente no Senhor e segui-lo por onde quer que fosse. Assim como n\u00f3s, esses homens tomaram boas e m\u00e1s decis\u00f5es ao longo do caminho &#8211; experimentaram boas e m\u00e1s consequ\u00eancias. Nas p\u00e1ginas da B\u00edblia, vemos nossas lutas e esperan\u00e7as refletidas em suas hist\u00f3rias.<\/p>\n","protected":false},"excerpt":{"rendered":"<p>Os homens retratados na B\u00edblia n\u00e3o eram perfeitos de forma alguma. Nas Sagradas Escrituras, encontramos diversas hist\u00f3rias marcadas por esc\u00e2ndalos, fracassos e intrigas. No entanto, tamb\u00e9m encontramos muitas hist\u00f3rias de homens que conseguiram olhar al\u00e9m de suas circunst\u00e2ncias, confiar completamente no Senhor e segui-lo por onde quer que fosse. Assim como n\u00f3s, esses homens tomaram [&hellip;]<\/p>\n","protected":false},"featured_media":1238,"comment_status":"closed","ping_status":"closed","template":"","meta":{"_joinchat":[]},"pwb-brand":[47],"product_cat":[40],"product_tag":[],"class_list":{"0":"post-1237","1":"product","2":"type-product","3":"status-publish","4":"has-post-thumbnail","6":"pwb-brand-max-lucado","7":"product_cat-fe","8":"product_shipping_class-geral","10":"first","11":"instock","12":"taxable","13":"shipping-taxable","14":"purchasable","15":"product-type-simple"},"brands":[{"id":47,"name":"MAX LUCADO","slug":"max-lucado"}],"_links":{"self":[{"href":"https:\/\/livrariamaveshop.com.br\/index.php?rest_route=\/wp\/v2\/product\/1237","targetHints":{"allow":["GET"]}}],"collection":[{"href":"https:\/\/livrariamaveshop.com.br\/index.php?rest_route=\/wp\/v2\/product"}],"about":[{"href":"https:\/\/livrariamaveshop.com.br\/index.php?rest_route=\/wp\/v2\/types\/product"}],"replies":[{"embeddable":true,"href":"https:\/\/livrariamaveshop.com.br\/index.php?rest_route=%2Fwp%2Fv2%2Fcomments&post=1237"}],"wp:featuredmedia":[{"embeddable":true,"href":"https:\/\/livrariamaveshop.com.br\/index.php?rest_route=\/wp\/v2\/media\/1238"}],"wp:attachment":[{"href":"https:\/\/livrariamaveshop.com.br\/index.php?rest_route=%2Fwp%2Fv2%2Fmedia&parent=1237"}],"wp:term":[{"taxonomy":"pwb-brand","embeddable":true,"href":"https:\/\/livrariamaveshop.com.br\/index.php?rest_route=%2Fwp%2Fv2%2Fpwb-brand&post=1237"},{"taxonomy":"product_cat","embeddable":true,"href":"https:\/\/livrariamaveshop.com.br\/index.php?rest_route=%2Fwp%2Fv2%2Fproduct_cat&post=1237"},{"taxonomy":"product_tag","embeddable":true,"href":"https:\/\/livrariamaveshop.com.br\/index.php?rest_route=%2Fwp%2Fv2%2Fproduct_tag&post=1237"}],"curies":[{"name":"wp","href":"https:\/\/api.w.org\/{rel}","templated":true}]}}