{"id":1231,"date":"2024-01-18T16:12:24","date_gmt":"2024-01-18T19:12:24","guid":{"rendered":"https:\/\/livrariamaveshop.com.br\/?post_type=product&#038;p=1231"},"modified":"2024-01-18T16:12:24","modified_gmt":"2024-01-18T19:12:24","slug":"seu-nome-sera-maravilhoso","status":"publish","type":"product","link":"https:\/\/livrariamaveshop.com.br\/?product=seu-nome-sera-maravilhoso","title":{"rendered":"Seu Nome Ser\u00e1 Maravilhoso"},"content":{"rendered":"<p>Este livreto extraordin\u00e1rio revela o glorioso plano de reden\u00e7\u00e3o de Deus por meio de Jesus Cristo.<br \/>\nDa profecia de Isa\u00edas sobre o Conselheiro Maravilhoso ao maravilhoso nascimento, minist\u00e9rio, morte e ressurrei\u00e7\u00e3o de Cristo, o Rev. Kenneth E. Hagin mostra aos crentes o que Jesus fez por eles e como isso significa uma vida vitoriosa nos dias de hoje. N\u00e3o apenas voc\u00ea tem vit\u00f3ria hoje, mas tamb\u00e9m tem a esperan\u00e7a aben\u00e7oada do maravilhoso retorno de Cristo! Leia e se inspire com o que Jesus fez, est\u00e1 fazendo e far\u00e1 por voc\u00ea!<\/p>\n","protected":false},"excerpt":{"rendered":"<p>Este livreto extraordin\u00e1rio revela o glorioso plano de reden\u00e7\u00e3o de Deus por meio de Jesus Cristo. Da profecia de Isa\u00edas sobre o Conselheiro Maravilhoso ao maravilhoso nascimento, minist\u00e9rio, morte e ressurrei\u00e7\u00e3o de Cristo, o Rev. Kenneth E. Hagin mostra aos crentes o que Jesus fez por eles e como isso significa uma vida vitoriosa nos [&hellip;]<\/p>\n","protected":false},"featured_media":1234,"comment_status":"closed","ping_status":"closed","template":"","meta":{"_joinchat":[]},"pwb-brand":[43],"product_cat":[107],"product_tag":[],"class_list":{"0":"post-1231","1":"product","2":"type-product","3":"status-publish","4":"has-post-thumbnail","6":"pwb-brand-kenneth-e-hagin","7":"product_cat-profetico","8":"product_shipping_class-geral","10":"first","11":"instock","12":"taxable","13":"shipping-taxable","14":"purchasable","15":"product-type-simple"},"brands":[{"id":43,"name":"KENNETH E. HAGIN","slug":"kenneth-e-hagin"}],"_links":{"self":[{"href":"https:\/\/livrariamaveshop.com.br\/index.php?rest_route=\/wp\/v2\/product\/1231","targetHints":{"allow":["GET"]}}],"collection":[{"href":"https:\/\/livrariamaveshop.com.br\/index.php?rest_route=\/wp\/v2\/product"}],"about":[{"href":"https:\/\/livrariamaveshop.com.br\/index.php?rest_route=\/wp\/v2\/types\/product"}],"replies":[{"embeddable":true,"href":"https:\/\/livrariamaveshop.com.br\/index.php?rest_route=%2Fwp%2Fv2%2Fcomments&post=1231"}],"wp:featuredmedia":[{"embeddable":true,"href":"https:\/\/livrariamaveshop.com.br\/index.php?rest_route=\/wp\/v2\/media\/1234"}],"wp:attachment":[{"href":"https:\/\/livrariamaveshop.com.br\/index.php?rest_route=%2Fwp%2Fv2%2Fmedia&parent=1231"}],"wp:term":[{"taxonomy":"pwb-brand","embeddable":true,"href":"https:\/\/livrariamaveshop.com.br\/index.php?rest_route=%2Fwp%2Fv2%2Fpwb-brand&post=1231"},{"taxonomy":"product_cat","embeddable":true,"href":"https:\/\/livrariamaveshop.com.br\/index.php?rest_route=%2Fwp%2Fv2%2Fproduct_cat&post=1231"},{"taxonomy":"product_tag","embeddable":true,"href":"https:\/\/livrariamaveshop.com.br\/index.php?rest_route=%2Fwp%2Fv2%2Fproduct_tag&post=1231"}],"curies":[{"name":"wp","href":"https:\/\/api.w.org\/{rel}","templated":true}]}}