{"id":1225,"date":"2024-01-18T16:04:08","date_gmt":"2024-01-18T19:04:08","guid":{"rendered":"https:\/\/livrariamaveshop.com.br\/?post_type=product&#038;p=1225"},"modified":"2024-01-18T16:04:08","modified_gmt":"2024-01-18T19:04:08","slug":"seu-lugar-no-time-dos-sonhos-de-deus","status":"publish","type":"product","link":"https:\/\/livrariamaveshop.com.br\/?product=seu-lugar-no-time-dos-sonhos-de-deus","title":{"rendered":"Seu Lugar no Time dos Sonhos de Deus"},"content":{"rendered":"<p><i>\u201cSeu Lugar no time dos Sonhos de Deus: Formando Campe\u00f5es\u201d<\/i> do autor Tony Cooke, \u00e9 uma obra que j\u00e1 \u00e9 considerada um cl\u00e1ssico da literatura crist\u00e3 no mundo, traduzida agora para a l\u00edngua portuguesa, e aborda assuntos espec\u00edficos sobre estimular o seu desempenho em ser um crist\u00e3o bem capacitado e fortalecido aqui na terra. Tony Cooke afirma neste livro que Deus quando quer fazer algo na terra, Ele come\u00e7a com um l\u00edder, mas termina com uma equipe &#8211; e voc\u00ea \u00e9 chamado para ser um jogador vital dessa equipe!<\/p>\n<p>&nbsp;<\/p>\n<p>Neste livro s\u00e3o destacadas algumas caracter\u00edsticas essenciais para ser um verdadeiro campe\u00e3o, como: <em>compostura, humildade, autenticidade, motiva\u00e7\u00e3o, persist\u00eancia, interdepend\u00eancia, obscuridade, nobreza e estrat\u00e9gia.<\/em><\/p>\n<p>&nbsp;<\/p>\n<p>Uma pessoa n\u00e3o pode fazer tudo, mas uma equipe, cooperando em unidade sob a un\u00e7\u00e3o de Deus, pode realizar coisas consideradas imposs\u00edveis. Assuma o seu lugar no Time dos Sonhos de Deus e, juntos, poderemos transformar o mundo!<\/p>\n","protected":false},"excerpt":{"rendered":"<p>\u201cSeu Lugar no time dos Sonhos de Deus: Formando Campe\u00f5es\u201d do autor Tony Cooke, \u00e9 uma obra que j\u00e1 \u00e9 considerada um cl\u00e1ssico da literatura crist\u00e3 no mundo, traduzida agora para a l\u00edngua portuguesa, e aborda assuntos espec\u00edficos sobre estimular o seu desempenho em ser um crist\u00e3o bem capacitado e fortalecido aqui na terra. Tony [&hellip;]<\/p>\n","protected":false},"featured_media":1226,"comment_status":"closed","ping_status":"closed","template":"","meta":{"_joinchat":[]},"pwb-brand":[45],"product_cat":[107],"product_tag":[],"class_list":{"0":"post-1225","1":"product","2":"type-product","3":"status-publish","4":"has-post-thumbnail","6":"pwb-brand-tony-cooke","7":"product_cat-profetico","8":"product_shipping_class-geral","10":"first","11":"instock","12":"taxable","13":"shipping-taxable","14":"purchasable","15":"product-type-simple"},"brands":[{"id":45,"name":"TONY COOKE","slug":"tony-cooke"}],"_links":{"self":[{"href":"https:\/\/livrariamaveshop.com.br\/index.php?rest_route=\/wp\/v2\/product\/1225","targetHints":{"allow":["GET"]}}],"collection":[{"href":"https:\/\/livrariamaveshop.com.br\/index.php?rest_route=\/wp\/v2\/product"}],"about":[{"href":"https:\/\/livrariamaveshop.com.br\/index.php?rest_route=\/wp\/v2\/types\/product"}],"replies":[{"embeddable":true,"href":"https:\/\/livrariamaveshop.com.br\/index.php?rest_route=%2Fwp%2Fv2%2Fcomments&post=1225"}],"wp:featuredmedia":[{"embeddable":true,"href":"https:\/\/livrariamaveshop.com.br\/index.php?rest_route=\/wp\/v2\/media\/1226"}],"wp:attachment":[{"href":"https:\/\/livrariamaveshop.com.br\/index.php?rest_route=%2Fwp%2Fv2%2Fmedia&parent=1225"}],"wp:term":[{"taxonomy":"pwb-brand","embeddable":true,"href":"https:\/\/livrariamaveshop.com.br\/index.php?rest_route=%2Fwp%2Fv2%2Fpwb-brand&post=1225"},{"taxonomy":"product_cat","embeddable":true,"href":"https:\/\/livrariamaveshop.com.br\/index.php?rest_route=%2Fwp%2Fv2%2Fproduct_cat&post=1225"},{"taxonomy":"product_tag","embeddable":true,"href":"https:\/\/livrariamaveshop.com.br\/index.php?rest_route=%2Fwp%2Fv2%2Fproduct_tag&post=1225"}],"curies":[{"name":"wp","href":"https:\/\/api.w.org\/{rel}","templated":true}]}}