{"id":1220,"date":"2024-01-18T15:59:06","date_gmt":"2024-01-18T18:59:06","guid":{"rendered":"https:\/\/livrariamaveshop.com.br\/?post_type=product&#038;p=1220"},"modified":"2024-01-18T15:59:06","modified_gmt":"2024-01-18T18:59:06","slug":"salte","status":"publish","type":"product","link":"https:\/\/livrariamaveshop.com.br\/?product=salte","title":{"rendered":"Salte"},"content":{"rendered":"<p style=\"font-weight: 400;\"><em>\u201cSalte\u201d<\/em>, do autor Scott Webb, \u00e9 um livro que te estimula a tomar decis\u00f5es r\u00e1pidas em momentos dif\u00edceis, erguendo-se da queda para o triunfo. Alguns estudos da ci\u00eancia moderna, abordam que o fato de que essa habilidade de se reerguer ap\u00f3s quedas devastadoras te trazem longevidade e voc\u00ea vive de forma cada vez mais saud\u00e1vel, e \u00e9 justamente esse assunto que o livro aborda.<\/p>\n<p style=\"font-weight: 400;\">\n<p style=\"font-weight: 400;\">Lan\u00e7ado pela Rhema Brasil Publica\u00e7\u00f5es, <em>\u201cSalte\u201d<\/em> tem se tornado um grande cl\u00e1ssico da literatura crist\u00e3 por apresentar mensagens poderosas com uma linguagem bastante clara e espec\u00edfica acerca de que voc\u00ea tem o extraordin\u00e1rio dentro de voc\u00ea e voc\u00ea carrega um estoque de solu\u00e7\u00f5es para se reerguer de momentos dif\u00edceis.<\/p>\n<p style=\"font-weight: 400;\">\n<p style=\"font-weight: 400;\">Todos enfrentam desafios na vida, mas nem todos sabem como \u201csaltar\u201d e se reerguer. \u00c9 tempo de saltar e ficar de p\u00e9 novamente.<\/p>\n","protected":false},"excerpt":{"rendered":"<p>\u201cSalte\u201d, do autor Scott Webb, \u00e9 um livro que te estimula a tomar decis\u00f5es r\u00e1pidas em momentos dif\u00edceis, erguendo-se da queda para o triunfo. Alguns estudos da ci\u00eancia moderna, abordam que o fato de que essa habilidade de se reerguer ap\u00f3s quedas devastadoras te trazem longevidade e voc\u00ea vive de forma cada vez mais saud\u00e1vel, [&hellip;]<\/p>\n","protected":false},"featured_media":1222,"comment_status":"closed","ping_status":"closed","template":"","meta":{"_joinchat":[]},"pwb-brand":[64],"product_cat":[73,90],"product_tag":[],"class_list":{"0":"post-1220","1":"product","2":"type-product","3":"status-publish","4":"has-post-thumbnail","6":"pwb-brand-scott-webb","7":"product_cat-cura","8":"product_cat-prosperidade","9":"product_shipping_class-geral","11":"first","12":"instock","13":"taxable","14":"shipping-taxable","15":"purchasable","16":"product-type-simple"},"brands":[{"id":64,"name":"SCOTT WEBB","slug":"scott-webb"}],"_links":{"self":[{"href":"https:\/\/livrariamaveshop.com.br\/index.php?rest_route=\/wp\/v2\/product\/1220","targetHints":{"allow":["GET"]}}],"collection":[{"href":"https:\/\/livrariamaveshop.com.br\/index.php?rest_route=\/wp\/v2\/product"}],"about":[{"href":"https:\/\/livrariamaveshop.com.br\/index.php?rest_route=\/wp\/v2\/types\/product"}],"replies":[{"embeddable":true,"href":"https:\/\/livrariamaveshop.com.br\/index.php?rest_route=%2Fwp%2Fv2%2Fcomments&post=1220"}],"wp:featuredmedia":[{"embeddable":true,"href":"https:\/\/livrariamaveshop.com.br\/index.php?rest_route=\/wp\/v2\/media\/1222"}],"wp:attachment":[{"href":"https:\/\/livrariamaveshop.com.br\/index.php?rest_route=%2Fwp%2Fv2%2Fmedia&parent=1220"}],"wp:term":[{"taxonomy":"pwb-brand","embeddable":true,"href":"https:\/\/livrariamaveshop.com.br\/index.php?rest_route=%2Fwp%2Fv2%2Fpwb-brand&post=1220"},{"taxonomy":"product_cat","embeddable":true,"href":"https:\/\/livrariamaveshop.com.br\/index.php?rest_route=%2Fwp%2Fv2%2Fproduct_cat&post=1220"},{"taxonomy":"product_tag","embeddable":true,"href":"https:\/\/livrariamaveshop.com.br\/index.php?rest_route=%2Fwp%2Fv2%2Fproduct_tag&post=1220"}],"curies":[{"name":"wp","href":"https:\/\/api.w.org\/{rel}","templated":true}]}}