{"id":1213,"date":"2024-01-18T15:45:27","date_gmt":"2024-01-18T18:45:27","guid":{"rendered":"https:\/\/livrariamaveshop.com.br\/?post_type=product&#038;p=1213"},"modified":"2024-01-18T15:45:27","modified_gmt":"2024-01-18T18:45:27","slug":"revertendo-situacoes-sem-esperanca","status":"publish","type":"product","link":"https:\/\/livrariamaveshop.com.br\/?product=revertendo-situacoes-sem-esperanca","title":{"rendered":"Revertendo Situa\u00e7\u00f5es Sem Esperan\u00e7a"},"content":{"rendered":"<p>Em Deus sempre podemos ter esperan\u00e7a \u2014 n\u00e3o importa o que diz o diagn\u00f3stico m\u00e9dico nem o que o diabo usa para atormentar voc\u00ea. Nada disso \u00e9 relevante. Nem o c\u00e2ncer, nem as drogas, nem o problema de um ente querido. Jesus disse: \u201cSe tu podes crer, tudo \u00e9 poss\u00edvel ao que cr\u00ea\u201d (Marcos 9:23).<\/p>\n<p>Kenneth E. Hagin examina a hist\u00f3ria do Antigo Testamento sobre o rei Ezequias, que enfrentou uma situa\u00e7\u00e3o aparentemente sem esperan\u00e7a. N\u00e3o apenas os m\u00e9dicos haviam declarado que o caso dele era incur\u00e1vel, como o profeta mais renomado da na\u00e7\u00e3o, Isa\u00edas, havia profetizado que ele morreria.<\/p>\n<p>Mas o rei Ezequias sabia o que fazer. A ora\u00e7\u00e3o sincera do rei tocou o cora\u00e7\u00e3o de Deus e reverteu sua situa\u00e7\u00e3o. Estude a mensagem deste livro e transforme voc\u00ea tamb\u00e9m sua situa\u00e7\u00e3o sem esperan\u00e7a, da mesma maneira que o rei Ezequias fez<\/p>\n","protected":false},"excerpt":{"rendered":"<p>Em Deus sempre podemos ter esperan\u00e7a \u2014 n\u00e3o importa o que diz o diagn\u00f3stico m\u00e9dico nem o que o diabo usa para atormentar voc\u00ea. Nada disso \u00e9 relevante. Nem o c\u00e2ncer, nem as drogas, nem o problema de um ente querido. Jesus disse: \u201cSe tu podes crer, tudo \u00e9 poss\u00edvel ao que cr\u00ea\u201d (Marcos 9:23). [&hellip;]<\/p>\n","protected":false},"featured_media":1216,"comment_status":"closed","ping_status":"closed","template":"","meta":{"_joinchat":[]},"pwb-brand":[43],"product_cat":[40],"product_tag":[],"class_list":{"0":"post-1213","1":"product","2":"type-product","3":"status-publish","4":"has-post-thumbnail","6":"pwb-brand-kenneth-e-hagin","7":"product_cat-fe","8":"product_shipping_class-geral","10":"first","11":"instock","12":"taxable","13":"shipping-taxable","14":"purchasable","15":"product-type-simple"},"brands":[{"id":43,"name":"KENNETH E. HAGIN","slug":"kenneth-e-hagin"}],"_links":{"self":[{"href":"https:\/\/livrariamaveshop.com.br\/index.php?rest_route=\/wp\/v2\/product\/1213","targetHints":{"allow":["GET"]}}],"collection":[{"href":"https:\/\/livrariamaveshop.com.br\/index.php?rest_route=\/wp\/v2\/product"}],"about":[{"href":"https:\/\/livrariamaveshop.com.br\/index.php?rest_route=\/wp\/v2\/types\/product"}],"replies":[{"embeddable":true,"href":"https:\/\/livrariamaveshop.com.br\/index.php?rest_route=%2Fwp%2Fv2%2Fcomments&post=1213"}],"wp:featuredmedia":[{"embeddable":true,"href":"https:\/\/livrariamaveshop.com.br\/index.php?rest_route=\/wp\/v2\/media\/1216"}],"wp:attachment":[{"href":"https:\/\/livrariamaveshop.com.br\/index.php?rest_route=%2Fwp%2Fv2%2Fmedia&parent=1213"}],"wp:term":[{"taxonomy":"pwb-brand","embeddable":true,"href":"https:\/\/livrariamaveshop.com.br\/index.php?rest_route=%2Fwp%2Fv2%2Fpwb-brand&post=1213"},{"taxonomy":"product_cat","embeddable":true,"href":"https:\/\/livrariamaveshop.com.br\/index.php?rest_route=%2Fwp%2Fv2%2Fproduct_cat&post=1213"},{"taxonomy":"product_tag","embeddable":true,"href":"https:\/\/livrariamaveshop.com.br\/index.php?rest_route=%2Fwp%2Fv2%2Fproduct_tag&post=1213"}],"curies":[{"name":"wp","href":"https:\/\/api.w.org\/{rel}","templated":true}]}}