{"id":1203,"date":"2024-01-18T15:28:32","date_gmt":"2024-01-18T18:28:32","guid":{"rendered":"https:\/\/livrariamaveshop.com.br\/?post_type=product&#038;p=1203"},"modified":"2024-01-18T15:28:32","modified_gmt":"2024-01-18T18:28:32","slug":"quando-jesus-ora-atraves-de-voce","status":"publish","type":"product","link":"https:\/\/livrariamaveshop.com.br\/?product=quando-jesus-ora-atraves-de-voce","title":{"rendered":"Quando Jesus Ora Atrav\u00e9s de Voc\u00ea"},"content":{"rendered":"<p>Como crist\u00e3o, voc\u00ea tem um advogado no c\u00e9u: Jesus \u00e9 o seu representante. Ele \u00e9 o seu elo com o Pai como seu intercessor. Muitas vezes, por\u00e9m, crist\u00e3os oram de uma maneira que limita a a\u00e7\u00e3o de Jesus em suas vidas. Quando aprender a seguir o Esp\u00edrito em ora\u00e7\u00e3o, voc\u00ea descobrir\u00e1 que suas ora\u00e7\u00f5es ser\u00e3o atendidas de maneira impressionante!<br \/>\nNesta mensagem vital para todo crist\u00e3o, o autor\u00a0<em>best-seller\u00a0\u00a0<\/em>Chales Capps revela como podemos cooperar com Jesus em seu minist\u00e9rio atual de intercess\u00e3o. Essas verdades poderosas o ajudar\u00e3o a orar com mais efic\u00e1cia por si mesmo e pelos outros.<\/p>\n<p>RESPOSTAS INCR\u00cdVEIS \u00c0 ORA\u00c7\u00c3O!<br \/>\nDescubra estes princ\u00edpios poderosos em sua pr\u00f3pria vida:<\/p>\n<ul>\n<li>Por que orar pelos outros \u00e9 uma arma espiritual din\u00e2mica<\/li>\n<li>\u200bPor que orar no Esp\u00edrito \u00e9 t\u00e3o vital para intercess\u00e3o<\/li>\n<li>Por que Jesus se referia a Si mesmo como &#8220;o Filho do homem&#8221;<\/li>\n<li>O papel da intercess\u00e3o no Antigo e no Novo Testamento<\/li>\n<li>A maneira de usas a Palavra de Deus como a Espada do Esp\u00edrito<\/li>\n<\/ul>\n<p>Jesus precisa de sua coopera\u00e7\u00e3o com Ele em ora\u00e7\u00e3o. Esta jornada b\u00edblica mostrar\u00e1 que voc\u00ea n\u00e3o est\u00e1 sozinho, pois tem Jesus como seu Intercessor. Aprenda o poder de permitir que Jesus ore a vontade perfeita de Deus atrav\u00e9s de voc\u00ea<\/p>\n","protected":false},"excerpt":{"rendered":"<p>Como crist\u00e3o, voc\u00ea tem um advogado no c\u00e9u: Jesus \u00e9 o seu representante. Ele \u00e9 o seu elo com o Pai como seu intercessor. Muitas vezes, por\u00e9m, crist\u00e3os oram de uma maneira que limita a a\u00e7\u00e3o de Jesus em suas vidas. Quando aprender a seguir o Esp\u00edrito em ora\u00e7\u00e3o, voc\u00ea descobrir\u00e1 que suas ora\u00e7\u00f5es ser\u00e3o [&hellip;]<\/p>\n","protected":false},"featured_media":1206,"comment_status":"closed","ping_status":"closed","template":"","meta":{"_joinchat":[]},"pwb-brand":[42],"product_cat":[65],"product_tag":[],"class_list":{"0":"post-1203","1":"product","2":"type-product","3":"status-publish","4":"has-post-thumbnail","6":"pwb-brand-charles-capps","7":"product_cat-oracao","8":"product_shipping_class-geral","10":"first","11":"instock","12":"taxable","13":"shipping-taxable","14":"purchasable","15":"product-type-simple"},"brands":[{"id":42,"name":"CHARLES CAPPS","slug":"charles-capps"}],"_links":{"self":[{"href":"https:\/\/livrariamaveshop.com.br\/index.php?rest_route=\/wp\/v2\/product\/1203","targetHints":{"allow":["GET"]}}],"collection":[{"href":"https:\/\/livrariamaveshop.com.br\/index.php?rest_route=\/wp\/v2\/product"}],"about":[{"href":"https:\/\/livrariamaveshop.com.br\/index.php?rest_route=\/wp\/v2\/types\/product"}],"replies":[{"embeddable":true,"href":"https:\/\/livrariamaveshop.com.br\/index.php?rest_route=%2Fwp%2Fv2%2Fcomments&post=1203"}],"wp:featuredmedia":[{"embeddable":true,"href":"https:\/\/livrariamaveshop.com.br\/index.php?rest_route=\/wp\/v2\/media\/1206"}],"wp:attachment":[{"href":"https:\/\/livrariamaveshop.com.br\/index.php?rest_route=%2Fwp%2Fv2%2Fmedia&parent=1203"}],"wp:term":[{"taxonomy":"pwb-brand","embeddable":true,"href":"https:\/\/livrariamaveshop.com.br\/index.php?rest_route=%2Fwp%2Fv2%2Fpwb-brand&post=1203"},{"taxonomy":"product_cat","embeddable":true,"href":"https:\/\/livrariamaveshop.com.br\/index.php?rest_route=%2Fwp%2Fv2%2Fproduct_cat&post=1203"},{"taxonomy":"product_tag","embeddable":true,"href":"https:\/\/livrariamaveshop.com.br\/index.php?rest_route=%2Fwp%2Fv2%2Fproduct_tag&post=1203"}],"curies":[{"name":"wp","href":"https:\/\/api.w.org\/{rel}","templated":true}]}}