{"id":1199,"date":"2024-01-18T15:22:39","date_gmt":"2024-01-18T18:22:39","guid":{"rendered":"https:\/\/livrariamaveshop.com.br\/?post_type=product&#038;p=1199"},"modified":"2024-01-18T15:22:40","modified_gmt":"2024-01-18T18:22:40","slug":"qualificados","status":"publish","type":"product","link":"https:\/\/livrariamaveshop.com.br\/?product=qualificados","title":{"rendered":"Qualificados"},"content":{"rendered":"<p><span style=\"font-weight: 400;\"><em>\u201cQualificados\u201d<\/em> do autor Tony Cooke \u00e9 uma obra com muitas verdades preciosas para n\u00f3s, crist\u00e3os, pois a falta do entendimento da palavra nos priva de viver a vida que Deus idealizou para n\u00f3s em Cristo, porque quem n\u00e3o se conhece n\u00e3o sabe o que tem e o que pode. Essa obra nos traz base atrav\u00e9s da palavra de Deus juntamente com o conhecimento e sabedoria de Tony Cooke a respeito de quem somos, para qu\u00ea vimos, o que temos e o que podemos em Cristo. <\/span><span style=\"font-weight: 400;\">O livro tamb\u00e9m aborda que quando Deus nos chama para algo, Ele n\u00e3o somente\u00a0nos chama como tamb\u00e9m nos capacita e nos equipa espiritualmente. Tamb\u00e9m nos mostra que n\u00e3o \u00e9 por n\u00f3s e sim por Ele e que precisamos viver uma vida de depend\u00eancia do Senhor. Essa obra j\u00e1 \u00e9 considerada um cl\u00e1ssico da literatura crist\u00e3, e nele voc\u00ea realmente recebe ensinamentos qualific\u00e1veis para que voc\u00ea sirva a Deus com integridade e termine a sua carreira com honra.<\/span><\/p>\n","protected":false},"excerpt":{"rendered":"<p>\u201cQualificados\u201d do autor Tony Cooke \u00e9 uma obra com muitas verdades preciosas para n\u00f3s, crist\u00e3os, pois a falta do entendimento da palavra nos priva de viver a vida que Deus idealizou para n\u00f3s em Cristo, porque quem n\u00e3o se conhece n\u00e3o sabe o que tem e o que pode. Essa obra nos traz base atrav\u00e9s [&hellip;]<\/p>\n","protected":false},"featured_media":1201,"comment_status":"closed","ping_status":"closed","template":"","meta":{"_joinchat":[]},"pwb-brand":[45],"product_cat":[76],"product_tag":[],"class_list":{"0":"post-1199","1":"product","2":"type-product","3":"status-publish","4":"has-post-thumbnail","6":"pwb-brand-tony-cooke","7":"product_cat-igreja","8":"product_shipping_class-geral","10":"first","11":"instock","12":"taxable","13":"shipping-taxable","14":"purchasable","15":"product-type-simple"},"brands":[{"id":45,"name":"TONY COOKE","slug":"tony-cooke"}],"_links":{"self":[{"href":"https:\/\/livrariamaveshop.com.br\/index.php?rest_route=\/wp\/v2\/product\/1199","targetHints":{"allow":["GET"]}}],"collection":[{"href":"https:\/\/livrariamaveshop.com.br\/index.php?rest_route=\/wp\/v2\/product"}],"about":[{"href":"https:\/\/livrariamaveshop.com.br\/index.php?rest_route=\/wp\/v2\/types\/product"}],"replies":[{"embeddable":true,"href":"https:\/\/livrariamaveshop.com.br\/index.php?rest_route=%2Fwp%2Fv2%2Fcomments&post=1199"}],"wp:featuredmedia":[{"embeddable":true,"href":"https:\/\/livrariamaveshop.com.br\/index.php?rest_route=\/wp\/v2\/media\/1201"}],"wp:attachment":[{"href":"https:\/\/livrariamaveshop.com.br\/index.php?rest_route=%2Fwp%2Fv2%2Fmedia&parent=1199"}],"wp:term":[{"taxonomy":"pwb-brand","embeddable":true,"href":"https:\/\/livrariamaveshop.com.br\/index.php?rest_route=%2Fwp%2Fv2%2Fpwb-brand&post=1199"},{"taxonomy":"product_cat","embeddable":true,"href":"https:\/\/livrariamaveshop.com.br\/index.php?rest_route=%2Fwp%2Fv2%2Fproduct_cat&post=1199"},{"taxonomy":"product_tag","embeddable":true,"href":"https:\/\/livrariamaveshop.com.br\/index.php?rest_route=%2Fwp%2Fv2%2Fproduct_tag&post=1199"}],"curies":[{"name":"wp","href":"https:\/\/api.w.org\/{rel}","templated":true}]}}