{"id":1198,"date":"2024-01-18T15:12:12","date_gmt":"2024-01-18T18:12:12","guid":{"rendered":"https:\/\/livrariamaveshop.com.br\/?post_type=product&#038;p=1198"},"modified":"2024-01-25T12:38:12","modified_gmt":"2024-01-25T15:38:12","slug":"planner-meu-plano-com-deus-tua-palavra-e-lampada","status":"publish","type":"product","link":"https:\/\/livrariamaveshop.com.br\/?product=planner-meu-plano-com-deus-tua-palavra-e-lampada","title":{"rendered":"Planner Meu Plano Com Deus | Tua Palavra \u00e9 L\u00e2mpada"},"content":{"rendered":"<p>Meu plano com Deus associa planejamento pessoal, defini\u00e7\u00e3o de metas e prioridades espirituais. Al\u00e9m das medita\u00e7\u00f5es di\u00e1rias, com espa\u00e7os para aplica\u00e7\u00e3o pessoal, ora\u00e7\u00e3o e gratid\u00e3o, este planner traz, mensalmente, campos para registro de motivos de ora\u00e7\u00e3o, relacionados a cada \u00e1rea da vida, e objetivos espirituais a cada semana, agenda para apontamentos de compromissos e datas importantes. Este planner \u00e9 um excelente recurso \u00e0 pr\u00e1tica do equil\u00edbrio entre a organiza\u00e7\u00e3o pessoal e a vida devocional. Se o fato de manter os compromissos em dia \u00e9 elementar para que os dias sejam mais produtivos, muito mais ainda crescer na comunh\u00e3o pessoal com Deus \u00e9 essencial para vivermos de forma significativa e menos estressante.<\/p>\n","protected":false},"excerpt":{"rendered":"<p>Meu plano com Deus associa planejamento pessoal, defini\u00e7\u00e3o de metas e prioridades espirituais. Al\u00e9m das medita\u00e7\u00f5es di\u00e1rias, com espa\u00e7os para aplica\u00e7\u00e3o pessoal, ora\u00e7\u00e3o e gratid\u00e3o, este planner traz, mensalmente, campos para registro de motivos de ora\u00e7\u00e3o, relacionados a cada \u00e1rea da vida, e objetivos espirituais a cada semana, agenda para apontamentos de compromissos e datas [&hellip;]<\/p>\n","protected":false},"featured_media":1508,"comment_status":"closed","ping_status":"closed","template":"","meta":{"_joinchat":[]},"pwb-brand":[],"product_cat":[104],"product_tag":[],"class_list":{"0":"post-1198","1":"product","2":"type-product","3":"status-publish","4":"has-post-thumbnail","6":"product_cat-planner","7":"product_shipping_class-geral","9":"first","10":"instock","11":"taxable","12":"shipping-taxable","13":"purchasable","14":"product-type-simple"},"brands":[],"_links":{"self":[{"href":"https:\/\/livrariamaveshop.com.br\/index.php?rest_route=\/wp\/v2\/product\/1198","targetHints":{"allow":["GET"]}}],"collection":[{"href":"https:\/\/livrariamaveshop.com.br\/index.php?rest_route=\/wp\/v2\/product"}],"about":[{"href":"https:\/\/livrariamaveshop.com.br\/index.php?rest_route=\/wp\/v2\/types\/product"}],"replies":[{"embeddable":true,"href":"https:\/\/livrariamaveshop.com.br\/index.php?rest_route=%2Fwp%2Fv2%2Fcomments&post=1198"}],"wp:featuredmedia":[{"embeddable":true,"href":"https:\/\/livrariamaveshop.com.br\/index.php?rest_route=\/wp\/v2\/media\/1508"}],"wp:attachment":[{"href":"https:\/\/livrariamaveshop.com.br\/index.php?rest_route=%2Fwp%2Fv2%2Fmedia&parent=1198"}],"wp:term":[{"taxonomy":"pwb-brand","embeddable":true,"href":"https:\/\/livrariamaveshop.com.br\/index.php?rest_route=%2Fwp%2Fv2%2Fpwb-brand&post=1198"},{"taxonomy":"product_cat","embeddable":true,"href":"https:\/\/livrariamaveshop.com.br\/index.php?rest_route=%2Fwp%2Fv2%2Fproduct_cat&post=1198"},{"taxonomy":"product_tag","embeddable":true,"href":"https:\/\/livrariamaveshop.com.br\/index.php?rest_route=%2Fwp%2Fv2%2Fproduct_tag&post=1198"}],"curies":[{"name":"wp","href":"https:\/\/api.w.org\/{rel}","templated":true}]}}