{"id":1185,"date":"2024-01-18T14:18:21","date_gmt":"2024-01-18T17:18:21","guid":{"rendered":"https:\/\/livrariamaveshop.com.br\/?post_type=product&#038;p=1185"},"modified":"2024-02-08T17:51:10","modified_gmt":"2024-02-08T20:51:10","slug":"paixao-por-sua-presenca-uma-vida-de-intimidade-com-deus","status":"publish","type":"product","link":"https:\/\/livrariamaveshop.com.br\/?product=paixao-por-sua-presenca-uma-vida-de-intimidade-com-deus","title":{"rendered":"Paix\u00e3o Por Sua Presen\u00e7a. Uma Vida de Intimidade Com Deus"},"content":{"rendered":"<p>Aproximem-se de Deus, e Ele se aproximar\u00e1 de voc\u00eas!&#8221; Neste livro, o autor de best-sellers John Bevere revela as repetidas evid\u00eancias b\u00edblicas de que Deus deseja ter um relacionamento \u00edntimo conosco. Quando nos aproximamos Dele, descobrimos que a Presen\u00e7a do Seu Esp\u00edrito Santo \u00e9 a experi\u00eancia mais revigorante, cheia de vida e transformadora que j\u00e1 experimentamos. \u00c9 dif\u00edcil desejar algo quando nem sequer sabemos que n\u00e3o o temos. Infelizmente, muitos de n\u00f3s nos contentamos com uma religi\u00e3o cega e racional, perdendo a incr\u00edvel experi\u00eancia da intimidade com Deus. Esperamos ser cheios do Seu Esp\u00edrito sem purificar nossas vidas para receb\u00ea-Lo, ignorando a santidade do Senhor. Mas a verdade \u00e9 que fomos criados para ter uma comunh\u00e3o \u00edntima com Ele.<\/p>\n","protected":false},"excerpt":{"rendered":"<p>Aproximem-se de Deus, e Ele se aproximar\u00e1 de voc\u00eas!&#8221; Neste livro, o autor de best-sellers John Bevere revela as repetidas evid\u00eancias b\u00edblicas de que Deus deseja ter um relacionamento \u00edntimo conosco. Quando nos aproximamos Dele, descobrimos que a Presen\u00e7a do Seu Esp\u00edrito Santo \u00e9 a experi\u00eancia mais revigorante, cheia de vida e transformadora que j\u00e1 [&hellip;]<\/p>\n","protected":false},"featured_media":1186,"comment_status":"closed","ping_status":"closed","template":"","meta":{"_joinchat":[]},"pwb-brand":[57],"product_cat":[82],"product_tag":[],"class_list":{"0":"post-1185","1":"product","2":"type-product","3":"status-publish","4":"has-post-thumbnail","6":"pwb-brand-john-bevere","7":"product_cat-avivamento","8":"product_shipping_class-geral","10":"first","11":"outofstock","12":"taxable","13":"shipping-taxable","14":"purchasable","15":"product-type-simple"},"brands":[{"id":57,"name":"JOHN BEVERE","slug":"john-bevere"}],"_links":{"self":[{"href":"https:\/\/livrariamaveshop.com.br\/index.php?rest_route=\/wp\/v2\/product\/1185","targetHints":{"allow":["GET"]}}],"collection":[{"href":"https:\/\/livrariamaveshop.com.br\/index.php?rest_route=\/wp\/v2\/product"}],"about":[{"href":"https:\/\/livrariamaveshop.com.br\/index.php?rest_route=\/wp\/v2\/types\/product"}],"replies":[{"embeddable":true,"href":"https:\/\/livrariamaveshop.com.br\/index.php?rest_route=%2Fwp%2Fv2%2Fcomments&post=1185"}],"wp:featuredmedia":[{"embeddable":true,"href":"https:\/\/livrariamaveshop.com.br\/index.php?rest_route=\/wp\/v2\/media\/1186"}],"wp:attachment":[{"href":"https:\/\/livrariamaveshop.com.br\/index.php?rest_route=%2Fwp%2Fv2%2Fmedia&parent=1185"}],"wp:term":[{"taxonomy":"pwb-brand","embeddable":true,"href":"https:\/\/livrariamaveshop.com.br\/index.php?rest_route=%2Fwp%2Fv2%2Fpwb-brand&post=1185"},{"taxonomy":"product_cat","embeddable":true,"href":"https:\/\/livrariamaveshop.com.br\/index.php?rest_route=%2Fwp%2Fv2%2Fproduct_cat&post=1185"},{"taxonomy":"product_tag","embeddable":true,"href":"https:\/\/livrariamaveshop.com.br\/index.php?rest_route=%2Fwp%2Fv2%2Fproduct_tag&post=1185"}],"curies":[{"name":"wp","href":"https:\/\/api.w.org\/{rel}","templated":true}]}}