{"id":1181,"date":"2024-01-18T14:12:38","date_gmt":"2024-01-18T17:12:38","guid":{"rendered":"https:\/\/livrariamaveshop.com.br\/?post_type=product&#038;p=1181"},"modified":"2024-01-18T14:12:38","modified_gmt":"2024-01-18T17:12:38","slug":"pais-sabios-filhos-brilhantes","status":"publish","type":"product","link":"https:\/\/livrariamaveshop.com.br\/?product=pais-sabios-filhos-brilhantes","title":{"rendered":"Pais S\u00e1bios, Filhos Brilhantes"},"content":{"rendered":"<p>EDUCAR sem medo de ERRAR Quando o assunto \u00e9 cria\u00e7\u00e3o de filhos, n\u00e3o faltam correntes, regras, palpites e instru\u00e7\u00f5es &#8211; muitas vezes confiantes &#8211; fornecidas por parentes, amigos ou especialistas. Mas quem recebeu de Deus a d\u00e1diva de ter um filho quer garantir uma educa\u00e7\u00e3o s\u00f3lida, com princ\u00edpios e valores que n\u00e3o se deteriorem conforme a cultura, as circunst\u00e2ncias ou as opini\u00f5es pessoais.Reconhecido internacionalmente como um dos mais respeitados autores e te\u00f3logos crist\u00e3os da atualidade, John MacArthur oferece uma abordagem singular sobre a educa\u00e7\u00e3o dos filhos. Ele se baseia em conceitos b\u00edblicos que d\u00e3o plena seguran\u00e7a aos pais que reconhecem a autoridade da Palavra de Deus na forma\u00e7\u00e3o do car\u00e1ter da crian\u00e7a, fazendo com que ela se torne um adulto respons\u00e1vel, realizado e feliz.<\/p>\n","protected":false},"excerpt":{"rendered":"<p>EDUCAR sem medo de ERRAR Quando o assunto \u00e9 cria\u00e7\u00e3o de filhos, n\u00e3o faltam correntes, regras, palpites e instru\u00e7\u00f5es &#8211; muitas vezes confiantes &#8211; fornecidas por parentes, amigos ou especialistas. Mas quem recebeu de Deus a d\u00e1diva de ter um filho quer garantir uma educa\u00e7\u00e3o s\u00f3lida, com princ\u00edpios e valores que n\u00e3o se deteriorem conforme [&hellip;]<\/p>\n","protected":false},"featured_media":1182,"comment_status":"closed","ping_status":"closed","template":"","meta":{"_joinchat":[]},"pwb-brand":[100],"product_cat":[68],"product_tag":[],"class_list":{"0":"post-1181","1":"product","2":"type-product","3":"status-publish","4":"has-post-thumbnail","6":"pwb-brand-jonh-macarthur","7":"product_cat-familia","8":"product_shipping_class-geral","10":"first","11":"instock","12":"taxable","13":"shipping-taxable","14":"purchasable","15":"product-type-simple"},"brands":[{"id":100,"name":"JONH MACARTHUR","slug":"jonh-macarthur"}],"_links":{"self":[{"href":"https:\/\/livrariamaveshop.com.br\/index.php?rest_route=\/wp\/v2\/product\/1181","targetHints":{"allow":["GET"]}}],"collection":[{"href":"https:\/\/livrariamaveshop.com.br\/index.php?rest_route=\/wp\/v2\/product"}],"about":[{"href":"https:\/\/livrariamaveshop.com.br\/index.php?rest_route=\/wp\/v2\/types\/product"}],"replies":[{"embeddable":true,"href":"https:\/\/livrariamaveshop.com.br\/index.php?rest_route=%2Fwp%2Fv2%2Fcomments&post=1181"}],"wp:featuredmedia":[{"embeddable":true,"href":"https:\/\/livrariamaveshop.com.br\/index.php?rest_route=\/wp\/v2\/media\/1182"}],"wp:attachment":[{"href":"https:\/\/livrariamaveshop.com.br\/index.php?rest_route=%2Fwp%2Fv2%2Fmedia&parent=1181"}],"wp:term":[{"taxonomy":"pwb-brand","embeddable":true,"href":"https:\/\/livrariamaveshop.com.br\/index.php?rest_route=%2Fwp%2Fv2%2Fpwb-brand&post=1181"},{"taxonomy":"product_cat","embeddable":true,"href":"https:\/\/livrariamaveshop.com.br\/index.php?rest_route=%2Fwp%2Fv2%2Fproduct_cat&post=1181"},{"taxonomy":"product_tag","embeddable":true,"href":"https:\/\/livrariamaveshop.com.br\/index.php?rest_route=%2Fwp%2Fv2%2Fproduct_tag&post=1181"}],"curies":[{"name":"wp","href":"https:\/\/api.w.org\/{rel}","templated":true}]}}