{"id":1169,"date":"2024-01-18T13:47:24","date_gmt":"2024-01-18T16:47:24","guid":{"rendered":"https:\/\/livrariamaveshop.com.br\/?post_type=product&#038;p=1169"},"modified":"2024-01-19T21:49:35","modified_gmt":"2024-01-20T00:49:35","slug":"pao-diario-diario-de-oracao","status":"publish","type":"product","link":"https:\/\/livrariamaveshop.com.br\/?product=pao-diario-diario-de-oracao","title":{"rendered":"P\u00e3o Di\u00e1rio &#8211; Di\u00e1rio de Ora\u00e7\u00e3o"},"content":{"rendered":"<p>As adversidades muitas vezes nos cercam, fazendo-nos sentir s\u00f3s edesprotegidas. Mas o bom \u00e9 saber que o Senhor Deus \u00e9 o nossoref\u00fagio. Por isso, temos um lugar seguro para onde correr quando a ang\u00fastia e a dor tomam conta de n\u00f3s: a presen\u00e7a de Deus! Esse \u00e9 o melhor lugar para se estar, pois ali recebemos o Seu cuidado em cada detalhe e situa\u00e7\u00e3o, aconchegadas e protegidas sob Suas asas.Temos a garantia, em todos os momentos, de que Sua forte e segura defesa nos preservar\u00e1. Que encontremos no Senhor a for\u00e7a e a alegria para enfrentarmos os desafios e lutas di\u00e1rias.Aproveite para registrar em seu Di\u00e1rio de Ora\u00e7\u00e3o os momentos de conforto, refrig\u00e9rio e fortalecimento de Deus para a sua vida! Que o Senhor, que est\u00e1 sempre com voc\u00ea, fale ao seu cora\u00e7\u00e3o atrav\u00e9s destas reflex\u00f5es.<\/p>\n","protected":false},"excerpt":{"rendered":"<p>As adversidades muitas vezes nos cercam, fazendo-nos sentir s\u00f3s edesprotegidas. Mas o bom \u00e9 saber que o Senhor Deus \u00e9 o nossoref\u00fagio. Por isso, temos um lugar seguro para onde correr quando a ang\u00fastia e a dor tomam conta de n\u00f3s: a presen\u00e7a de Deus! Esse \u00e9 o melhor lugar para se estar, pois ali [&hellip;]<\/p>\n","protected":false},"featured_media":1171,"comment_status":"closed","ping_status":"closed","template":"","meta":{"_joinchat":[]},"pwb-brand":[],"product_cat":[21,65],"product_tag":[],"class_list":{"0":"post-1169","1":"product","2":"type-product","3":"status-publish","4":"has-post-thumbnail","6":"product_cat-lancamentos","7":"product_cat-oracao","8":"product_shipping_class-geral","10":"first","11":"instock","12":"taxable","13":"shipping-taxable","14":"purchasable","15":"product-type-simple"},"brands":[],"_links":{"self":[{"href":"https:\/\/livrariamaveshop.com.br\/index.php?rest_route=\/wp\/v2\/product\/1169","targetHints":{"allow":["GET"]}}],"collection":[{"href":"https:\/\/livrariamaveshop.com.br\/index.php?rest_route=\/wp\/v2\/product"}],"about":[{"href":"https:\/\/livrariamaveshop.com.br\/index.php?rest_route=\/wp\/v2\/types\/product"}],"replies":[{"embeddable":true,"href":"https:\/\/livrariamaveshop.com.br\/index.php?rest_route=%2Fwp%2Fv2%2Fcomments&post=1169"}],"wp:featuredmedia":[{"embeddable":true,"href":"https:\/\/livrariamaveshop.com.br\/index.php?rest_route=\/wp\/v2\/media\/1171"}],"wp:attachment":[{"href":"https:\/\/livrariamaveshop.com.br\/index.php?rest_route=%2Fwp%2Fv2%2Fmedia&parent=1169"}],"wp:term":[{"taxonomy":"pwb-brand","embeddable":true,"href":"https:\/\/livrariamaveshop.com.br\/index.php?rest_route=%2Fwp%2Fv2%2Fpwb-brand&post=1169"},{"taxonomy":"product_cat","embeddable":true,"href":"https:\/\/livrariamaveshop.com.br\/index.php?rest_route=%2Fwp%2Fv2%2Fproduct_cat&post=1169"},{"taxonomy":"product_tag","embeddable":true,"href":"https:\/\/livrariamaveshop.com.br\/index.php?rest_route=%2Fwp%2Fv2%2Fproduct_tag&post=1169"}],"curies":[{"name":"wp","href":"https:\/\/api.w.org\/{rel}","templated":true}]}}