{"id":1167,"date":"2024-01-18T13:46:06","date_gmt":"2024-01-18T16:46:06","guid":{"rendered":"https:\/\/livrariamaveshop.com.br\/?post_type=product&#038;p=1167"},"modified":"2024-01-18T13:46:06","modified_gmt":"2024-01-18T16:46:06","slug":"pleitei-sua-causa","status":"publish","type":"product","link":"https:\/\/livrariamaveshop.com.br\/?product=pleitei-sua-causa","title":{"rendered":"Pleitei Sua Causa"},"content":{"rendered":"<p>Unir for\u00e7as com Deus Pai atrav\u00e9s da ora\u00e7\u00e3o e cumprir Sua vontade na terra \u00e9 o direito de todo crente do Novo Testamento!<br \/>\nNesta mensagem encorajadora e poderosa da parte de Deus, Kenneth Hagin nos guia a uma vida cheia de ora\u00e7\u00e3o. Aprendemos que podemos ir com ousadia diante de nosso Pai, apresentando-lhe nossos pedidos em Nome de Jesus. A leitura fortalecer\u00e1 sua f\u00e9 e o deixar\u00e1 com expectativa e entusiasmo ao aplicar essas verdades em sua pr\u00f3pria vida.<br \/>\nVoc\u00ea tamb\u00e9m pode receber se crer!<\/p>\n","protected":false},"excerpt":{"rendered":"<p>Unir for\u00e7as com Deus Pai atrav\u00e9s da ora\u00e7\u00e3o e cumprir Sua vontade na terra \u00e9 o direito de todo crente do Novo Testamento! Nesta mensagem encorajadora e poderosa da parte de Deus, Kenneth Hagin nos guia a uma vida cheia de ora\u00e7\u00e3o. Aprendemos que podemos ir com ousadia diante de nosso Pai, apresentando-lhe nossos pedidos [&hellip;]<\/p>\n","protected":false},"featured_media":1168,"comment_status":"closed","ping_status":"closed","template":"","meta":{"_joinchat":[]},"pwb-brand":[43],"product_cat":[65],"product_tag":[],"class_list":{"0":"post-1167","1":"product","2":"type-product","3":"status-publish","4":"has-post-thumbnail","6":"pwb-brand-kenneth-e-hagin","7":"product_cat-oracao","8":"product_shipping_class-geral","10":"first","11":"instock","12":"taxable","13":"shipping-taxable","14":"purchasable","15":"product-type-simple"},"brands":[{"id":43,"name":"KENNETH E. HAGIN","slug":"kenneth-e-hagin"}],"_links":{"self":[{"href":"https:\/\/livrariamaveshop.com.br\/index.php?rest_route=\/wp\/v2\/product\/1167","targetHints":{"allow":["GET"]}}],"collection":[{"href":"https:\/\/livrariamaveshop.com.br\/index.php?rest_route=\/wp\/v2\/product"}],"about":[{"href":"https:\/\/livrariamaveshop.com.br\/index.php?rest_route=\/wp\/v2\/types\/product"}],"replies":[{"embeddable":true,"href":"https:\/\/livrariamaveshop.com.br\/index.php?rest_route=%2Fwp%2Fv2%2Fcomments&post=1167"}],"wp:featuredmedia":[{"embeddable":true,"href":"https:\/\/livrariamaveshop.com.br\/index.php?rest_route=\/wp\/v2\/media\/1168"}],"wp:attachment":[{"href":"https:\/\/livrariamaveshop.com.br\/index.php?rest_route=%2Fwp%2Fv2%2Fmedia&parent=1167"}],"wp:term":[{"taxonomy":"pwb-brand","embeddable":true,"href":"https:\/\/livrariamaveshop.com.br\/index.php?rest_route=%2Fwp%2Fv2%2Fpwb-brand&post=1167"},{"taxonomy":"product_cat","embeddable":true,"href":"https:\/\/livrariamaveshop.com.br\/index.php?rest_route=%2Fwp%2Fv2%2Fproduct_cat&post=1167"},{"taxonomy":"product_tag","embeddable":true,"href":"https:\/\/livrariamaveshop.com.br\/index.php?rest_route=%2Fwp%2Fv2%2Fproduct_tag&post=1167"}],"curies":[{"name":"wp","href":"https:\/\/api.w.org\/{rel}","templated":true}]}}