{"id":1164,"date":"2024-01-18T13:41:25","date_gmt":"2024-01-18T16:41:25","guid":{"rendered":"https:\/\/livrariamaveshop.com.br\/?post_type=product&#038;p=1164"},"modified":"2024-01-18T13:41:25","modified_gmt":"2024-01-18T16:41:25","slug":"palavras","status":"publish","type":"product","link":"https:\/\/livrariamaveshop.com.br\/?product=palavras","title":{"rendered":"Palavras"},"content":{"rendered":"<p dir=\"ltr\">\u201cPalavras\u201d do autor Kenneth E. Hagin, \u00e9 uma cl\u00e1ssica obra da literatura crist\u00e3 que aborda a import\u00e2ncia de sempre mantermos uma confiss\u00e3o positiva para que tenhamos uma vida boa. Sabemos que confiss\u00f5es e declara\u00e7\u00f5es positivas podem trazer felicidade e sa\u00fade para n\u00f3s e para outros, como tamb\u00e9m o h\u00e1bito de confiss\u00f5es e declara\u00e7\u00f5es negativas podem trazer doen\u00e7as e at\u00e9 morte.<\/p>\n<p dir=\"ltr\">Kenneth E. Hagin traz neste livro informa\u00e7\u00f5es espec\u00edficas como nossas palavras podem afetar outras pessoas, como podemos curar outras pessoas atrav\u00e9s de nossas palavras e indaga\u00e7\u00f5es acerca do que est\u00e1 sendo nossa confiss\u00e3o a todo momento.\u00a0<i>\u201cA morte e a vida est\u00e3o no poder da l\u00edngua; e aquele que a ama comer\u00e1 do seu fruto.\u201d<\/i>\u00a0(Prov\u00e9rbios 18:21)<\/p>\n<p dir=\"ltr\">Neste livro voc\u00ea aprender\u00e1 que as suas palavras s\u00e3o importantes! Voc\u00ea precisa andar com essa consci\u00eancia, porque ela estabelece os limites de sua vida. Voc\u00ea nunca realizar\u00e1 nada al\u00e9m das palavras que voc\u00ea fala. Voc\u00ea nunca conseguir\u00e1 nada al\u00e9m daquilo que voc\u00ea declara. Fale a Palavra de Deus, e tenha a sua vida renovada dia ap\u00f3s dia.<\/p>\n","protected":false},"excerpt":{"rendered":"<p>\u201cPalavras\u201d do autor Kenneth E. Hagin, \u00e9 uma cl\u00e1ssica obra da literatura crist\u00e3 que aborda a import\u00e2ncia de sempre mantermos uma confiss\u00e3o positiva para que tenhamos uma vida boa. Sabemos que confiss\u00f5es e declara\u00e7\u00f5es positivas podem trazer felicidade e sa\u00fade para n\u00f3s e para outros, como tamb\u00e9m o h\u00e1bito de confiss\u00f5es e declara\u00e7\u00f5es negativas podem [&hellip;]<\/p>\n","protected":false},"featured_media":1165,"comment_status":"closed","ping_status":"closed","template":"","meta":{"_joinchat":[]},"pwb-brand":[43],"product_cat":[40],"product_tag":[],"class_list":{"0":"post-1164","1":"product","2":"type-product","3":"status-publish","4":"has-post-thumbnail","6":"pwb-brand-kenneth-e-hagin","7":"product_cat-fe","8":"product_shipping_class-geral","10":"first","11":"instock","12":"taxable","13":"shipping-taxable","14":"purchasable","15":"product-type-simple"},"brands":[{"id":43,"name":"KENNETH E. HAGIN","slug":"kenneth-e-hagin"}],"_links":{"self":[{"href":"https:\/\/livrariamaveshop.com.br\/index.php?rest_route=\/wp\/v2\/product\/1164","targetHints":{"allow":["GET"]}}],"collection":[{"href":"https:\/\/livrariamaveshop.com.br\/index.php?rest_route=\/wp\/v2\/product"}],"about":[{"href":"https:\/\/livrariamaveshop.com.br\/index.php?rest_route=\/wp\/v2\/types\/product"}],"replies":[{"embeddable":true,"href":"https:\/\/livrariamaveshop.com.br\/index.php?rest_route=%2Fwp%2Fv2%2Fcomments&post=1164"}],"wp:featuredmedia":[{"embeddable":true,"href":"https:\/\/livrariamaveshop.com.br\/index.php?rest_route=\/wp\/v2\/media\/1165"}],"wp:attachment":[{"href":"https:\/\/livrariamaveshop.com.br\/index.php?rest_route=%2Fwp%2Fv2%2Fmedia&parent=1164"}],"wp:term":[{"taxonomy":"pwb-brand","embeddable":true,"href":"https:\/\/livrariamaveshop.com.br\/index.php?rest_route=%2Fwp%2Fv2%2Fpwb-brand&post=1164"},{"taxonomy":"product_cat","embeddable":true,"href":"https:\/\/livrariamaveshop.com.br\/index.php?rest_route=%2Fwp%2Fv2%2Fproduct_cat&post=1164"},{"taxonomy":"product_tag","embeddable":true,"href":"https:\/\/livrariamaveshop.com.br\/index.php?rest_route=%2Fwp%2Fv2%2Fproduct_tag&post=1164"}],"curies":[{"name":"wp","href":"https:\/\/api.w.org\/{rel}","templated":true}]}}