{"id":1154,"date":"2024-01-18T13:17:18","date_gmt":"2024-01-18T16:17:18","guid":{"rendered":"https:\/\/livrariamaveshop.com.br\/?post_type=product&#038;p=1154"},"modified":"2024-01-24T13:46:17","modified_gmt":"2024-01-24T16:46:17","slug":"diga-sim","status":"publish","type":"product","link":"https:\/\/livrariamaveshop.com.br\/?product=diga-sim","title":{"rendered":"Diga Sim"},"content":{"rendered":"<p><em>\u201cDiga Sim!\u201d<\/em> do autor Rick Renner te far\u00e1 pensar no que Deus lhe disse para Fazer! Deus falou ao seu Cora\u00e7\u00e3o? Voc\u00ea ficou questionando e dizendo que deveria ser sua imagina\u00e7\u00e3o, porque Deus certamente n\u00e3o escolheria algu\u00e9m como voc\u00ea? Voc\u00ea deixou o diabo convenc\u00ea-lo a abrir m\u00e3o da sua miss\u00e3o porque ela parecia grande e gloriosa demais para uma pessoa &#8220;comum&#8221; como voc\u00ea?<\/p>\n<p>&nbsp;<\/p>\n<p>Voc\u00ea pode ter certeza de que Deus est\u00e1 falando ao seu cora\u00e7\u00e3o hoje, chamando-o para fazer algo&#8230;<\/p>\n<p>&nbsp;<\/p>\n<p><strong>Maior<\/strong> que seus talentos naturais&#8230;<\/p>\n<p><strong>Maior<\/strong> que seus dons naturais&#8230;<\/p>\n<p><strong>Maior<\/strong> que sua experi\u00eancia passada.<\/p>\n<p>&nbsp;<\/p>\n<p>Se voc\u00ea tem hesitado em dar um passo de f\u00e9 para obedecer ao que o senhor est\u00e1 lhe dizendo para fazer, \u00e9 hora de simplesmente dizer &#8220;SIM&#8221;.<\/p>\n<p>&nbsp;<\/p>\n<p>Esse &#8220;Sim&#8221; vai escancarar a porta para uma vida repleta de aventura como voc\u00ea jamais conheceu. Esque\u00e7a o t\u00e9dio! Sua vida ter\u00e1 um novo brilho. Ela ser\u00e1 t\u00e3o plena e profunda que voc\u00ea jamais ir\u00e1 querer voltar atr\u00e1s!<\/p>\n<p>&nbsp;<\/p>\n<p>&nbsp;<\/p>\n<p style=\"font-weight: 400;\"><a href=\"https:\/\/www.facebook.com\/sharer\/sharer.php?u=https:\/\/verboshop.com.br\/produtos\/diga-sim\/\" data-network=\"facebook\" aria-label=\"Compartilhar pelo Facebook\">\u00a0<\/a><a href=\"https:\/\/twitter.com\/share?url=https:\/\/verboshop.com.br\/produtos\/diga-sim\/\" data-network=\"twitter\" aria-label=\"Compartilhar pelo Twitter\">\u00a0<\/a><\/p>\n","protected":false},"excerpt":{"rendered":"<p>\u201cDiga Sim!\u201d do autor Rick Renner te far\u00e1 pensar no que Deus lhe disse para Fazer! Deus falou ao seu Cora\u00e7\u00e3o? Voc\u00ea ficou questionando e dizendo que deveria ser sua imagina\u00e7\u00e3o, porque Deus certamente n\u00e3o escolheria algu\u00e9m como voc\u00ea? Voc\u00ea deixou o diabo convenc\u00ea-lo a abrir m\u00e3o da sua miss\u00e3o porque ela parecia grande e [&hellip;]<\/p>\n","protected":false},"featured_media":1155,"comment_status":"closed","ping_status":"closed","template":"","meta":{"_joinchat":[]},"pwb-brand":[46],"product_cat":[40],"product_tag":[],"class_list":{"0":"post-1154","1":"product","2":"type-product","3":"status-publish","4":"has-post-thumbnail","6":"pwb-brand-rick-renner","7":"product_cat-fe","8":"product_shipping_class-geral","10":"first","11":"instock","12":"taxable","13":"shipping-taxable","14":"purchasable","15":"product-type-simple"},"brands":[{"id":46,"name":"RICK RENNER","slug":"rick-renner"}],"_links":{"self":[{"href":"https:\/\/livrariamaveshop.com.br\/index.php?rest_route=\/wp\/v2\/product\/1154","targetHints":{"allow":["GET"]}}],"collection":[{"href":"https:\/\/livrariamaveshop.com.br\/index.php?rest_route=\/wp\/v2\/product"}],"about":[{"href":"https:\/\/livrariamaveshop.com.br\/index.php?rest_route=\/wp\/v2\/types\/product"}],"replies":[{"embeddable":true,"href":"https:\/\/livrariamaveshop.com.br\/index.php?rest_route=%2Fwp%2Fv2%2Fcomments&post=1154"}],"wp:featuredmedia":[{"embeddable":true,"href":"https:\/\/livrariamaveshop.com.br\/index.php?rest_route=\/wp\/v2\/media\/1155"}],"wp:attachment":[{"href":"https:\/\/livrariamaveshop.com.br\/index.php?rest_route=%2Fwp%2Fv2%2Fmedia&parent=1154"}],"wp:term":[{"taxonomy":"pwb-brand","embeddable":true,"href":"https:\/\/livrariamaveshop.com.br\/index.php?rest_route=%2Fwp%2Fv2%2Fpwb-brand&post=1154"},{"taxonomy":"product_cat","embeddable":true,"href":"https:\/\/livrariamaveshop.com.br\/index.php?rest_route=%2Fwp%2Fv2%2Fproduct_cat&post=1154"},{"taxonomy":"product_tag","embeddable":true,"href":"https:\/\/livrariamaveshop.com.br\/index.php?rest_route=%2Fwp%2Fv2%2Fproduct_tag&post=1154"}],"curies":[{"name":"wp","href":"https:\/\/api.w.org\/{rel}","templated":true}]}}