{"id":1152,"date":"2024-01-18T13:14:00","date_gmt":"2024-01-18T16:14:00","guid":{"rendered":"https:\/\/livrariamaveshop.com.br\/?post_type=product&#038;p=1152"},"modified":"2024-01-18T13:14:00","modified_gmt":"2024-01-18T16:14:00","slug":"dentro-para-fora","status":"publish","type":"product","link":"https:\/\/livrariamaveshop.com.br\/?product=dentro-para-fora","title":{"rendered":"Dentro Para Fora"},"content":{"rendered":"<p>A RELIGIOSIDADE PREFERE CONCENTRAR SUA ATEN\u00c7\u00c3O MAIS NA APAR\u00caNCIA DO QUE NO \u00cdNTIMO. ELA PREFERE MAQUIAGENS DO QUE CIRURGIAS. BUSCA MUDAR A ROTINA, N\u00c3O O CORA\u00c7\u00c3O. EST\u00c1 ATAREFADA COM O REINO,MAS ESQUECIDA DO REI. SE VOC\u00ca QUER CONTINUAR COM A RELIGIOSIDADE ESTE LIVRO N\u00c3O \u00c9 PARA VOC\u00ca.<\/p>\n<p>POIS NESTA OBRA, VAMOS PERCEBER QUE QUANDO DEUS QUIS COME\u00c7AR UMA MUDAN\u00c7A EM N\u00d3S ELE N\u00c3O DISFAR\u00c7OU AS NOSSAS FALHAS, ELE NOS TRANSPLANTOU: &#8220;E DAR-VOS-EI UM CORA\u00c7\u00c3O NOVO, E POREI DENTRO DE V\u00d3S UM ESPIRITO NOVO; E TIRAREI DA VOSSA CARNE O CORA\u00c7\u00c3O DE PEDRA, E VOS DAREI UM CORA\u00c7\u00c3O DE CARNE&#8221; (EZ 36.26) \u00c9 NESTE NOVO CORA\u00c7\u00c3O QUE ELE FALA CONOSCO. POR ISSO, NESTE LIVRO, VAMOS APRENDER A COMO OUVIR A VOZ DE DEUS E COMO DISVERNIR O QUE \u00c9 DA CARNE E O QUE \u00c9 DE DEUS.<\/p>\n","protected":false},"excerpt":{"rendered":"<p>A RELIGIOSIDADE PREFERE CONCENTRAR SUA ATEN\u00c7\u00c3O MAIS NA APAR\u00caNCIA DO QUE NO \u00cdNTIMO. ELA PREFERE MAQUIAGENS DO QUE CIRURGIAS. BUSCA MUDAR A ROTINA, N\u00c3O O CORA\u00c7\u00c3O. EST\u00c1 ATAREFADA COM O REINO,MAS ESQUECIDA DO REI. SE VOC\u00ca QUER CONTINUAR COM A RELIGIOSIDADE ESTE LIVRO N\u00c3O \u00c9 PARA VOC\u00ca. POIS NESTA OBRA, VAMOS PERCEBER QUE QUANDO DEUS [&hellip;]<\/p>\n","protected":false},"featured_media":1153,"comment_status":"closed","ping_status":"closed","template":"","meta":{"_joinchat":[]},"pwb-brand":[99],"product_cat":[76],"product_tag":[],"class_list":{"0":"post-1152","1":"product","2":"type-product","3":"status-publish","4":"has-post-thumbnail","6":"pwb-brand-drummond-lacerda","7":"product_cat-igreja","8":"product_shipping_class-geral","10":"first","11":"instock","12":"taxable","13":"shipping-taxable","14":"purchasable","15":"product-type-simple"},"brands":[{"id":99,"name":"DRUMMOUND LACERDA","slug":"drummond-lacerda"}],"_links":{"self":[{"href":"https:\/\/livrariamaveshop.com.br\/index.php?rest_route=\/wp\/v2\/product\/1152","targetHints":{"allow":["GET"]}}],"collection":[{"href":"https:\/\/livrariamaveshop.com.br\/index.php?rest_route=\/wp\/v2\/product"}],"about":[{"href":"https:\/\/livrariamaveshop.com.br\/index.php?rest_route=\/wp\/v2\/types\/product"}],"replies":[{"embeddable":true,"href":"https:\/\/livrariamaveshop.com.br\/index.php?rest_route=%2Fwp%2Fv2%2Fcomments&post=1152"}],"wp:featuredmedia":[{"embeddable":true,"href":"https:\/\/livrariamaveshop.com.br\/index.php?rest_route=\/wp\/v2\/media\/1153"}],"wp:attachment":[{"href":"https:\/\/livrariamaveshop.com.br\/index.php?rest_route=%2Fwp%2Fv2%2Fmedia&parent=1152"}],"wp:term":[{"taxonomy":"pwb-brand","embeddable":true,"href":"https:\/\/livrariamaveshop.com.br\/index.php?rest_route=%2Fwp%2Fv2%2Fpwb-brand&post=1152"},{"taxonomy":"product_cat","embeddable":true,"href":"https:\/\/livrariamaveshop.com.br\/index.php?rest_route=%2Fwp%2Fv2%2Fproduct_cat&post=1152"},{"taxonomy":"product_tag","embeddable":true,"href":"https:\/\/livrariamaveshop.com.br\/index.php?rest_route=%2Fwp%2Fv2%2Fproduct_tag&post=1152"}],"curies":[{"name":"wp","href":"https:\/\/api.w.org\/{rel}","templated":true}]}}