{"id":1151,"date":"2024-01-18T13:31:33","date_gmt":"2024-01-18T16:31:33","guid":{"rendered":"https:\/\/livrariamaveshop.com.br\/?post_type=product&#038;p=1151"},"modified":"2024-01-18T13:31:33","modified_gmt":"2024-01-18T16:31:33","slug":"profecias-do-fim-dos-tempos-vol-2","status":"publish","type":"product","link":"https:\/\/livrariamaveshop.com.br\/?product=profecias-do-fim-dos-tempos-vol-2","title":{"rendered":"Profecias do Fim dos Tempos &#8211; Vol 2"},"content":{"rendered":"<p>Este \u00e9 o segundo de uma s\u00e9rie detalhada de tr\u00eas volumes sobre as profecias b\u00edblicas. Com este livro, o leitor ir\u00e1 compreender o que a B\u00edblia diz sobre o prop\u00f3sito da Era da Igreja, o Arrebatamento, o Tribunal de Cristo e a vida ap\u00f3s a morte, seguindo a descri\u00e7\u00e3o desses temas em Apocalipse 2-3. Tamb\u00e9m s\u00e3o apresentadas muitas provas que fundamentam o Arrebatamento no per\u00edodo Pr\u00e9-Tribula\u00e7\u00e3o, a partir dos ensinos do nosso Senhor Jesus Cristo e de Seus ap\u00f3stolos Paulo, Pedro e Jo\u00e3o.<\/p>\n","protected":false},"excerpt":{"rendered":"<p>Este \u00e9 o segundo de uma s\u00e9rie detalhada de tr\u00eas volumes sobre as profecias b\u00edblicas. Com este livro, o leitor ir\u00e1 compreender o que a B\u00edblia diz sobre o prop\u00f3sito da Era da Igreja, o Arrebatamento, o Tribunal de Cristo e a vida ap\u00f3s a morte, seguindo a descri\u00e7\u00e3o desses temas em Apocalipse 2-3. Tamb\u00e9m [&hellip;]<\/p>\n","protected":false},"featured_media":1160,"comment_status":"closed","ping_status":"closed","template":"","meta":{"_joinchat":[]},"pwb-brand":[98],"product_cat":[76],"product_tag":[],"class_list":{"0":"post-1151","1":"product","2":"type-product","3":"status-publish","4":"has-post-thumbnail","6":"pwb-brand-derek-walker","7":"product_cat-igreja","8":"product_shipping_class-geral","10":"first","11":"instock","12":"taxable","13":"shipping-taxable","14":"purchasable","15":"product-type-simple"},"brands":[{"id":98,"name":"DEREK WALKER","slug":"derek-walker"}],"_links":{"self":[{"href":"https:\/\/livrariamaveshop.com.br\/index.php?rest_route=\/wp\/v2\/product\/1151","targetHints":{"allow":["GET"]}}],"collection":[{"href":"https:\/\/livrariamaveshop.com.br\/index.php?rest_route=\/wp\/v2\/product"}],"about":[{"href":"https:\/\/livrariamaveshop.com.br\/index.php?rest_route=\/wp\/v2\/types\/product"}],"replies":[{"embeddable":true,"href":"https:\/\/livrariamaveshop.com.br\/index.php?rest_route=%2Fwp%2Fv2%2Fcomments&post=1151"}],"wp:featuredmedia":[{"embeddable":true,"href":"https:\/\/livrariamaveshop.com.br\/index.php?rest_route=\/wp\/v2\/media\/1160"}],"wp:attachment":[{"href":"https:\/\/livrariamaveshop.com.br\/index.php?rest_route=%2Fwp%2Fv2%2Fmedia&parent=1151"}],"wp:term":[{"taxonomy":"pwb-brand","embeddable":true,"href":"https:\/\/livrariamaveshop.com.br\/index.php?rest_route=%2Fwp%2Fv2%2Fpwb-brand&post=1151"},{"taxonomy":"product_cat","embeddable":true,"href":"https:\/\/livrariamaveshop.com.br\/index.php?rest_route=%2Fwp%2Fv2%2Fproduct_cat&post=1151"},{"taxonomy":"product_tag","embeddable":true,"href":"https:\/\/livrariamaveshop.com.br\/index.php?rest_route=%2Fwp%2Fv2%2Fproduct_tag&post=1151"}],"curies":[{"name":"wp","href":"https:\/\/api.w.org\/{rel}","templated":true}]}}