{"id":1141,"date":"2024-01-18T12:53:39","date_gmt":"2024-01-18T15:53:39","guid":{"rendered":"https:\/\/livrariamaveshop.com.br\/?post_type=product&#038;p=1141"},"modified":"2024-01-18T12:53:39","modified_gmt":"2024-01-18T15:53:39","slug":"porque-precisamos-dos-dons-do-espirito-santo","status":"publish","type":"product","link":"https:\/\/livrariamaveshop.com.br\/?product=porque-precisamos-dos-dons-do-espirito-santo","title":{"rendered":"Porque Precisamos dos Dons do Esp\u00edrito Santo"},"content":{"rendered":"<p>Voc\u00ea deseja conhecer e experimntar mais da atua\u00e7\u00e3o sobrenatural do Esp\u00edrito Santo em sua vida? Existem dimens\u00f5es ainda desconhecidas do poder e dos dons que Deus designou para atuarem no meio do Seu povo, e voc\u00ea est\u00e1 prestes a descobrir por que \u00e9 t\u00e3o importante que os dons sobrenaturais se tornem uma realidade viva e constante para voc\u00ea.<\/p>\n<p>Neste livro, Rick Renner ajuda seus leitores a olharem de uma maneira totalmente nova para os nove dons do Esp\u00edrito Santo. Rick mergulha com muita habilidade na Palavra para demonstrar, de forma \u00fanica e poderosa, a import\u00e2ncia desses dons sobrenaturais na vida da Igreja.<\/p>\n<p>Deus nos chamou para mostrar ao mundo a beleza da vida e do poder de Jesus. Precisamos dos dons do Seu Esp\u00edrito para atendermos plenamente a esse chamado. Este livro reacender\u00e1 seu desejo de andar na realidade dos dons concedidos pela Sua gra\u00e7a e que s\u00e3o seus desde sempre.<\/p>\n","protected":false},"excerpt":{"rendered":"<p>Voc\u00ea deseja conhecer e experimntar mais da atua\u00e7\u00e3o sobrenatural do Esp\u00edrito Santo em sua vida? Existem dimens\u00f5es ainda desconhecidas do poder e dos dons que Deus designou para atuarem no meio do Seu povo, e voc\u00ea est\u00e1 prestes a descobrir por que \u00e9 t\u00e3o importante que os dons sobrenaturais se tornem uma realidade viva e [&hellip;]<\/p>\n","protected":false},"featured_media":1144,"comment_status":"closed","ping_status":"closed","template":"","meta":{"_joinchat":[]},"pwb-brand":[46],"product_cat":[66],"product_tag":[],"class_list":{"0":"post-1141","1":"product","2":"type-product","3":"status-publish","4":"has-post-thumbnail","6":"pwb-brand-rick-renner","7":"product_cat-espirito-santo","8":"product_shipping_class-geral","10":"first","11":"instock","12":"taxable","13":"shipping-taxable","14":"purchasable","15":"product-type-simple"},"brands":[{"id":46,"name":"RICK RENNER","slug":"rick-renner"}],"_links":{"self":[{"href":"https:\/\/livrariamaveshop.com.br\/index.php?rest_route=\/wp\/v2\/product\/1141","targetHints":{"allow":["GET"]}}],"collection":[{"href":"https:\/\/livrariamaveshop.com.br\/index.php?rest_route=\/wp\/v2\/product"}],"about":[{"href":"https:\/\/livrariamaveshop.com.br\/index.php?rest_route=\/wp\/v2\/types\/product"}],"replies":[{"embeddable":true,"href":"https:\/\/livrariamaveshop.com.br\/index.php?rest_route=%2Fwp%2Fv2%2Fcomments&post=1141"}],"wp:featuredmedia":[{"embeddable":true,"href":"https:\/\/livrariamaveshop.com.br\/index.php?rest_route=\/wp\/v2\/media\/1144"}],"wp:attachment":[{"href":"https:\/\/livrariamaveshop.com.br\/index.php?rest_route=%2Fwp%2Fv2%2Fmedia&parent=1141"}],"wp:term":[{"taxonomy":"pwb-brand","embeddable":true,"href":"https:\/\/livrariamaveshop.com.br\/index.php?rest_route=%2Fwp%2Fv2%2Fpwb-brand&post=1141"},{"taxonomy":"product_cat","embeddable":true,"href":"https:\/\/livrariamaveshop.com.br\/index.php?rest_route=%2Fwp%2Fv2%2Fproduct_cat&post=1141"},{"taxonomy":"product_tag","embeddable":true,"href":"https:\/\/livrariamaveshop.com.br\/index.php?rest_route=%2Fwp%2Fv2%2Fproduct_tag&post=1141"}],"curies":[{"name":"wp","href":"https:\/\/api.w.org\/{rel}","templated":true}]}}