{"id":1136,"date":"2024-01-18T12:47:50","date_gmt":"2024-01-18T15:47:50","guid":{"rendered":"https:\/\/livrariamaveshop.com.br\/?post_type=product&#038;p=1136"},"modified":"2024-02-02T17:04:23","modified_gmt":"2024-02-02T20:04:23","slug":"como-ouvir-a-voz-de-deus","status":"publish","type":"product","link":"https:\/\/livrariamaveshop.com.br\/?product=como-ouvir-a-voz-de-deus","title":{"rendered":"Como Ouvir a Voz de Deus"},"content":{"rendered":"<p>Como ouvir a Voz de Deus \u201c\u00c9 FUNDAMENTAL OUVIR A VOZ DE DEUS SE QUISERMOS DESFRUTAR DO SEU PLANO ETERNO PARA NOSSAS VIDAS\u201d Ouvir a Deus \u00e9 uma decis\u00e3o pessoal; ningu\u00e9m pode tom\u00e1-la por n\u00f3s. Deus n\u00e3o ir\u00e1 nos obrigar a escolher a Sua vontade, mas far\u00e1 tudo que puder para nos encorajar a dizer sim aos Seus caminhos. Ele deseja se envolver nos m\u00ednimos detalhes de nossas vidas. A Palavra de Deus diz que devemos reconhec\u00ea-lo em todos os nossos caminhos e Ele endireitar\u00e1 as nossas veredas. Reconhecer a Deus significa simplesmente nos importarmos com o que Ele pensa e pedir a Sua opini\u00e3o. N\u00e3o pense que voc\u00ea \u00e9 capaz de governar a sua vida e fazer um bom trabalho sem a ajuda e a dire\u00e7\u00e3o de Deus. A maioria de n\u00f3s demora tempo demais para aprender esta importante li\u00e7\u00e3o. Atrav\u00e9s da leitura da Palavra, aprendi que Deus realmente quer falar conosco e que Ele tem um plano para nossas vidas que nos levar\u00e1 a um lugar de paz e contentamento. \u00c9 da vontade Dele que tenhamos conhecimento de Seu plano atrav\u00e9s da Sua dire\u00e7\u00e3o divina<\/p>\n","protected":false},"excerpt":{"rendered":"<p>Como ouvir a Voz de Deus \u201c\u00c9 FUNDAMENTAL OUVIR A VOZ DE DEUS SE QUISERMOS DESFRUTAR DO SEU PLANO ETERNO PARA NOSSAS VIDAS\u201d Ouvir a Deus \u00e9 uma decis\u00e3o pessoal; ningu\u00e9m pode tom\u00e1-la por n\u00f3s. Deus n\u00e3o ir\u00e1 nos obrigar a escolher a Sua vontade, mas far\u00e1 tudo que puder para nos encorajar a dizer [&hellip;]<\/p>\n","protected":false},"featured_media":1138,"comment_status":"closed","ping_status":"closed","template":"","meta":{"_joinchat":[]},"pwb-brand":[56],"product_cat":[75],"product_tag":[],"class_list":{"0":"post-1136","1":"product","2":"type-product","3":"status-publish","4":"has-post-thumbnail","6":"pwb-brand-joyce-meyer","7":"product_cat-paz","8":"product_shipping_class-geral","10":"first","11":"outofstock","12":"taxable","13":"shipping-taxable","14":"purchasable","15":"product-type-simple"},"brands":[{"id":56,"name":"JOYCE MEYER","slug":"joyce-meyer"}],"_links":{"self":[{"href":"https:\/\/livrariamaveshop.com.br\/index.php?rest_route=\/wp\/v2\/product\/1136","targetHints":{"allow":["GET"]}}],"collection":[{"href":"https:\/\/livrariamaveshop.com.br\/index.php?rest_route=\/wp\/v2\/product"}],"about":[{"href":"https:\/\/livrariamaveshop.com.br\/index.php?rest_route=\/wp\/v2\/types\/product"}],"replies":[{"embeddable":true,"href":"https:\/\/livrariamaveshop.com.br\/index.php?rest_route=%2Fwp%2Fv2%2Fcomments&post=1136"}],"wp:featuredmedia":[{"embeddable":true,"href":"https:\/\/livrariamaveshop.com.br\/index.php?rest_route=\/wp\/v2\/media\/1138"}],"wp:attachment":[{"href":"https:\/\/livrariamaveshop.com.br\/index.php?rest_route=%2Fwp%2Fv2%2Fmedia&parent=1136"}],"wp:term":[{"taxonomy":"pwb-brand","embeddable":true,"href":"https:\/\/livrariamaveshop.com.br\/index.php?rest_route=%2Fwp%2Fv2%2Fpwb-brand&post=1136"},{"taxonomy":"product_cat","embeddable":true,"href":"https:\/\/livrariamaveshop.com.br\/index.php?rest_route=%2Fwp%2Fv2%2Fproduct_cat&post=1136"},{"taxonomy":"product_tag","embeddable":true,"href":"https:\/\/livrariamaveshop.com.br\/index.php?rest_route=%2Fwp%2Fv2%2Fproduct_tag&post=1136"}],"curies":[{"name":"wp","href":"https:\/\/api.w.org\/{rel}","templated":true}]}}