{"id":1119,"date":"2024-01-18T12:30:27","date_gmt":"2024-01-18T15:30:27","guid":{"rendered":"https:\/\/livrariamaveshop.com.br\/?post_type=product&#038;p=1119"},"modified":"2024-02-02T16:02:13","modified_gmt":"2024-02-02T19:02:13","slug":"os-cacadores-de-deus","status":"publish","type":"product","link":"https:\/\/livrariamaveshop.com.br\/?product=os-cacadores-de-deus","title":{"rendered":"Os Ca\u00e7adores de Deus"},"content":{"rendered":"<div class=\"a-expander-content a-expander-partial-collapse-content a-expander-content-expanded\" aria-expanded=\"true\">\n<p>OS CA\u00c7ADORES DE DEUS &#8211; O que \u00e9 um ca\u00e7ador de Deus? Ca\u00e7ador de Deus \u00e9 o indiv\u00edduo cuja fome excede sua capacidade de saci\u00e1-la. \u00c9 aquele que busca o Senhor incans\u00e1velmente, que \u00e9 impulsionado pela paix\u00e3o de ter uma intimidade cada vez maior com Ele. Essas trilhas apaixonadas dos &#8216;Ca\u00e7adores de Deus&#8217; podem ser tra\u00e7adas desde Mois\u00e9s, Davi, J\u00f3, Paulo e tamb\u00e9m por voc\u00ea. Jesus \u00e9 alvo e desejo insaci\u00e1veis; sua presen\u00e7a, seu poder, seu amor, sua gra\u00e7a; est\u00e3 acima de todos os outros desejos. Inclua seu nome nessa lista. Torne-se tamb\u00e9m um &#8216;Ca\u00e7ador de Deus&#8217;.<\/p>\n<\/div>\n","protected":false},"excerpt":{"rendered":"<p>OS CA\u00c7ADORES DE DEUS &#8211; O que \u00e9 um ca\u00e7ador de Deus? Ca\u00e7ador de Deus \u00e9 o indiv\u00edduo cuja fome excede sua capacidade de saci\u00e1-la. \u00c9 aquele que busca o Senhor incans\u00e1velmente, que \u00e9 impulsionado pela paix\u00e3o de ter uma intimidade cada vez maior com Ele. Essas trilhas apaixonadas dos &#8216;Ca\u00e7adores de Deus&#8217; podem ser [&hellip;]<\/p>\n","protected":false},"featured_media":1618,"comment_status":"closed","ping_status":"closed","template":"","meta":{"_joinchat":[]},"pwb-brand":[95],"product_cat":[82],"product_tag":[],"class_list":{"0":"post-1119","1":"product","2":"type-product","3":"status-publish","4":"has-post-thumbnail","6":"pwb-brand-tommy-tenney","7":"product_cat-avivamento","8":"product_shipping_class-geral","10":"first","11":"instock","12":"taxable","13":"shipping-taxable","14":"purchasable","15":"product-type-simple"},"brands":[{"id":95,"name":"TOMMY TENNEY","slug":"tommy-tenney"}],"_links":{"self":[{"href":"https:\/\/livrariamaveshop.com.br\/index.php?rest_route=\/wp\/v2\/product\/1119","targetHints":{"allow":["GET"]}}],"collection":[{"href":"https:\/\/livrariamaveshop.com.br\/index.php?rest_route=\/wp\/v2\/product"}],"about":[{"href":"https:\/\/livrariamaveshop.com.br\/index.php?rest_route=\/wp\/v2\/types\/product"}],"replies":[{"embeddable":true,"href":"https:\/\/livrariamaveshop.com.br\/index.php?rest_route=%2Fwp%2Fv2%2Fcomments&post=1119"}],"wp:featuredmedia":[{"embeddable":true,"href":"https:\/\/livrariamaveshop.com.br\/index.php?rest_route=\/wp\/v2\/media\/1618"}],"wp:attachment":[{"href":"https:\/\/livrariamaveshop.com.br\/index.php?rest_route=%2Fwp%2Fv2%2Fmedia&parent=1119"}],"wp:term":[{"taxonomy":"pwb-brand","embeddable":true,"href":"https:\/\/livrariamaveshop.com.br\/index.php?rest_route=%2Fwp%2Fv2%2Fpwb-brand&post=1119"},{"taxonomy":"product_cat","embeddable":true,"href":"https:\/\/livrariamaveshop.com.br\/index.php?rest_route=%2Fwp%2Fv2%2Fproduct_cat&post=1119"},{"taxonomy":"product_tag","embeddable":true,"href":"https:\/\/livrariamaveshop.com.br\/index.php?rest_route=%2Fwp%2Fv2%2Fproduct_tag&post=1119"}],"curies":[{"name":"wp","href":"https:\/\/api.w.org\/{rel}","templated":true}]}}