{"id":1116,"date":"2024-01-18T12:23:32","date_gmt":"2024-01-18T15:23:32","guid":{"rendered":"https:\/\/livrariamaveshop.com.br\/?post_type=product&#038;p=1116"},"modified":"2024-02-09T15:50:25","modified_gmt":"2024-02-09T18:50:25","slug":"casamento","status":"publish","type":"product","link":"https:\/\/livrariamaveshop.com.br\/?product=casamento","title":{"rendered":"Casamento"},"content":{"rendered":"<p>Voc\u00ea est\u00e1 em busca de um milagre instant\u00e2neo para o seu casamento? Est\u00e1 procurando por uma f\u00f3rmula m\u00e1gica de restaura\u00e7\u00e3o matrimonial? Se a resposta for sim, ent\u00e3o este livro n\u00e3o \u00e9 para voc\u00ea. Ao inv\u00e9s de lhe prometer uma ilus\u00e3o f\u00e1cil, este livro ir\u00e1 compartilhar ferramentas poderosas que, se aplicadas com o devido empenho e comprometimento, com certeza ser\u00e3o capazes de produzir os resultados esperados. A partir de exemplos, din\u00e2micas, exerc\u00edcios e, principalmente, de li\u00e7\u00f5es pautadas nos valores judaico-crist\u00e3os, iremos trilhar o caminho rumo a um matrim\u00f4nio sustent\u00e1vel, aben\u00e7oado, vital\u00edcio, monog\u00e2mico e, por incr\u00edvel que pare\u00e7a, POSS\u00cdVEL. Sim, \u00e9 totalmente poss\u00edvel ter uma vida de felicidade em meio \u00e0s imperfei\u00e7\u00f5es do casamento. Para descobrir como, mergulhe nesta leitura e divirta-se com o desafio! O Pastor Cl\u00e1udio Duarte \u00e9 casado com Mary Duarte, pai do Caio e do Filipe, e av\u00f4 do Miguel. \u00c9 pastor itinerante no Brasil e no exterior, l\u00edder de uma igreja local chamada Projeto Recome\u00e7ar, palestrante, empres\u00e1rio e apresentador de stand-up comedy.<\/p>\n","protected":false},"excerpt":{"rendered":"<p>Voc\u00ea est\u00e1 em busca de um milagre instant\u00e2neo para o seu casamento? Est\u00e1 procurando por uma f\u00f3rmula m\u00e1gica de restaura\u00e7\u00e3o matrimonial? Se a resposta for sim, ent\u00e3o este livro n\u00e3o \u00e9 para voc\u00ea. Ao inv\u00e9s de lhe prometer uma ilus\u00e3o f\u00e1cil, este livro ir\u00e1 compartilhar ferramentas poderosas que, se aplicadas com o devido empenho e [&hellip;]<\/p>\n","protected":false},"featured_media":1629,"comment_status":"closed","ping_status":"closed","template":"","meta":{"_joinchat":[]},"pwb-brand":[94],"product_cat":[68],"product_tag":[],"class_list":{"0":"post-1116","1":"product","2":"type-product","3":"status-publish","4":"has-post-thumbnail","6":"pwb-brand-claudio-duarte","7":"product_cat-familia","8":"product_shipping_class-geral","10":"first","11":"outofstock","12":"taxable","13":"shipping-taxable","14":"purchasable","15":"product-type-simple"},"brands":[{"id":94,"name":"CLAUDIO DUARTE","slug":"claudio-duarte"}],"_links":{"self":[{"href":"https:\/\/livrariamaveshop.com.br\/index.php?rest_route=\/wp\/v2\/product\/1116","targetHints":{"allow":["GET"]}}],"collection":[{"href":"https:\/\/livrariamaveshop.com.br\/index.php?rest_route=\/wp\/v2\/product"}],"about":[{"href":"https:\/\/livrariamaveshop.com.br\/index.php?rest_route=\/wp\/v2\/types\/product"}],"replies":[{"embeddable":true,"href":"https:\/\/livrariamaveshop.com.br\/index.php?rest_route=%2Fwp%2Fv2%2Fcomments&post=1116"}],"wp:featuredmedia":[{"embeddable":true,"href":"https:\/\/livrariamaveshop.com.br\/index.php?rest_route=\/wp\/v2\/media\/1629"}],"wp:attachment":[{"href":"https:\/\/livrariamaveshop.com.br\/index.php?rest_route=%2Fwp%2Fv2%2Fmedia&parent=1116"}],"wp:term":[{"taxonomy":"pwb-brand","embeddable":true,"href":"https:\/\/livrariamaveshop.com.br\/index.php?rest_route=%2Fwp%2Fv2%2Fpwb-brand&post=1116"},{"taxonomy":"product_cat","embeddable":true,"href":"https:\/\/livrariamaveshop.com.br\/index.php?rest_route=%2Fwp%2Fv2%2Fproduct_cat&post=1116"},{"taxonomy":"product_tag","embeddable":true,"href":"https:\/\/livrariamaveshop.com.br\/index.php?rest_route=%2Fwp%2Fv2%2Fproduct_tag&post=1116"}],"curies":[{"name":"wp","href":"https:\/\/api.w.org\/{rel}","templated":true}]}}