{"id":1111,"date":"2024-01-18T12:15:51","date_gmt":"2024-01-18T15:15:51","guid":{"rendered":"https:\/\/livrariamaveshop.com.br\/?post_type=product&#038;p=1111"},"modified":"2024-01-18T12:15:51","modified_gmt":"2024-01-18T15:15:51","slug":"campo-de-batalha-da-mente","status":"publish","type":"product","link":"https:\/\/livrariamaveshop.com.br\/?product=campo-de-batalha-da-mente","title":{"rendered":"Campo de Batalha da Mente"},"content":{"rendered":"<p>Se voc\u00ea \u00e9 um dos milh\u00f5es que sofrem com preocupa\u00e7\u00e3o, d\u00favida, depress\u00e3o, raiva ou culpa, voc\u00ea est\u00e1 experimentando um ataque \u00e0 sua mente. Superar pensamentos negativos que v\u00eam contra sua mente traz liberdade e paz. Descubra como reconhecer padr\u00f5es de pensamento prejudiciais e ponha um fim a essa influ\u00eancia em sua vida. Neste poderoso livro, a popular autora e conferencista Joyce Meyer, o conduz atrav\u00e9s de uma auto-avalia\u00e7\u00e3o honesta compartilhando as prova\u00e7\u00f5es, trag\u00e9dias e principais vit\u00f3rias do seu pr\u00f3prio casamento, fam\u00edlia e minist\u00e9rio inclu\u00eddo a verdade que ela aprendeu sobre o que estava pensando e sentindo a cada passo do caminho. Voc\u00ea aprender\u00e1 como Joyce ganhou a batalha em sua pr\u00f3pria mente e como voc\u00ea tamb\u00e9m pode ganhar.<\/p>\n","protected":false},"excerpt":{"rendered":"<p>Se voc\u00ea \u00e9 um dos milh\u00f5es que sofrem com preocupa\u00e7\u00e3o, d\u00favida, depress\u00e3o, raiva ou culpa, voc\u00ea est\u00e1 experimentando um ataque \u00e0 sua mente. Superar pensamentos negativos que v\u00eam contra sua mente traz liberdade e paz. Descubra como reconhecer padr\u00f5es de pensamento prejudiciais e ponha um fim a essa influ\u00eancia em sua vida. Neste poderoso livro, [&hellip;]<\/p>\n","protected":false},"featured_media":1112,"comment_status":"closed","ping_status":"closed","template":"","meta":{"_joinchat":[]},"pwb-brand":[56],"product_cat":[72],"product_tag":[],"class_list":{"0":"post-1111","1":"product","2":"type-product","3":"status-publish","4":"has-post-thumbnail","6":"pwb-brand-joyce-meyer","7":"product_cat-guerra-espiritual","8":"product_shipping_class-geral","10":"first","11":"instock","12":"taxable","13":"shipping-taxable","14":"purchasable","15":"product-type-simple"},"brands":[{"id":56,"name":"JOYCE MEYER","slug":"joyce-meyer"}],"_links":{"self":[{"href":"https:\/\/livrariamaveshop.com.br\/index.php?rest_route=\/wp\/v2\/product\/1111","targetHints":{"allow":["GET"]}}],"collection":[{"href":"https:\/\/livrariamaveshop.com.br\/index.php?rest_route=\/wp\/v2\/product"}],"about":[{"href":"https:\/\/livrariamaveshop.com.br\/index.php?rest_route=\/wp\/v2\/types\/product"}],"replies":[{"embeddable":true,"href":"https:\/\/livrariamaveshop.com.br\/index.php?rest_route=%2Fwp%2Fv2%2Fcomments&post=1111"}],"wp:featuredmedia":[{"embeddable":true,"href":"https:\/\/livrariamaveshop.com.br\/index.php?rest_route=\/wp\/v2\/media\/1112"}],"wp:attachment":[{"href":"https:\/\/livrariamaveshop.com.br\/index.php?rest_route=%2Fwp%2Fv2%2Fmedia&parent=1111"}],"wp:term":[{"taxonomy":"pwb-brand","embeddable":true,"href":"https:\/\/livrariamaveshop.com.br\/index.php?rest_route=%2Fwp%2Fv2%2Fpwb-brand&post=1111"},{"taxonomy":"product_cat","embeddable":true,"href":"https:\/\/livrariamaveshop.com.br\/index.php?rest_route=%2Fwp%2Fv2%2Fproduct_cat&post=1111"},{"taxonomy":"product_tag","embeddable":true,"href":"https:\/\/livrariamaveshop.com.br\/index.php?rest_route=%2Fwp%2Fv2%2Fproduct_tag&post=1111"}],"curies":[{"name":"wp","href":"https:\/\/api.w.org\/{rel}","templated":true}]}}