{"id":1102,"date":"2024-01-18T11:44:44","date_gmt":"2024-01-18T14:44:44","guid":{"rendered":"https:\/\/livrariamaveshop.com.br\/?post_type=product&#038;p=1102"},"modified":"2024-01-18T11:44:44","modified_gmt":"2024-01-18T14:44:44","slug":"o-que-a-biblia-ensina-sobre-receber-o-espirito-santo","status":"publish","type":"product","link":"https:\/\/livrariamaveshop.com.br\/?product=o-que-a-biblia-ensina-sobre-receber-o-espirito-santo","title":{"rendered":"O Que a B\u00edblia Ensina Sobre Receber o Esp\u00edrito Santo"},"content":{"rendered":"<p>Receber o Esp\u00edrito Santo \u00e9 uma quest\u00e3o de f\u00e9. Aceitar a d\u00e1diva do Consolador \u00e9 uma decis\u00e3o de cada crist\u00e3o. Os filhos do Senhor n\u00e3o precisam implorar a Deus para alcan\u00e7ar as b\u00ean\u00e7\u00e3os. Do mesmo modo, n\u00e3o necessitam rogar para receber o Esp\u00edrito Santo, porque implorar \u00e9 descren\u00e7a. Entenda: a incredulidade implora; a f\u00e9 clama.<\/p>\n<p>Nas Escrituras, existe uma diferen\u00e7a entre nascer do Esp\u00edrito e ser cheio do Esp\u00edrito. Ao nascer de novo, recebemos a vida eterna. O nosso esp\u00edrito, o homem interior, \u00e9 recriado pela vida e natureza de Deus. Assim, tornamo-nos a nova criatura a qual Paulo fala em 2 Cor\u00edntios 5.17.<\/p>\n<p>Para os primeiros crist\u00e3os, receber o Esp\u00edrito Santo \u00e9 uma experi\u00eancia que acontece depois da salva\u00e7\u00e3o. Deus enviou o Esp\u00edrito Santo no Dia de Pentecostes e, desde ent\u00e3o, o Consolador est\u00e1 entre n\u00f3s. O Alt\u00edssimo n\u00e3o precisa envi\u00e1-Lo novamente. O Esp\u00edrito \u00e9 a \u00fanica pessoa da Trindade atuante na Terra hoje. Ele est\u00e1 aqui! N\u00e3o abra m\u00e3o de ser repleto do Santo Esp\u00edrito, leia esta obra e compreenda O que a B\u00edblia ensina sobre receber o Esp\u00edrito Santo.<\/p>\n","protected":false},"excerpt":{"rendered":"<p>Receber o Esp\u00edrito Santo \u00e9 uma quest\u00e3o de f\u00e9. Aceitar a d\u00e1diva do Consolador \u00e9 uma decis\u00e3o de cada crist\u00e3o. Os filhos do Senhor n\u00e3o precisam implorar a Deus para alcan\u00e7ar as b\u00ean\u00e7\u00e3os. Do mesmo modo, n\u00e3o necessitam rogar para receber o Esp\u00edrito Santo, porque implorar \u00e9 descren\u00e7a. Entenda: a incredulidade implora; a f\u00e9 clama. [&hellip;]<\/p>\n","protected":false},"featured_media":1103,"comment_status":"closed","ping_status":"closed","template":"","meta":{"_joinchat":[]},"pwb-brand":[43],"product_cat":[66],"product_tag":[],"class_list":{"0":"post-1102","1":"product","2":"type-product","3":"status-publish","4":"has-post-thumbnail","6":"pwb-brand-kenneth-e-hagin","7":"product_cat-espirito-santo","8":"product_shipping_class-geral","10":"first","11":"instock","12":"taxable","13":"shipping-taxable","14":"purchasable","15":"product-type-simple"},"brands":[{"id":43,"name":"KENNETH E. HAGIN","slug":"kenneth-e-hagin"}],"_links":{"self":[{"href":"https:\/\/livrariamaveshop.com.br\/index.php?rest_route=\/wp\/v2\/product\/1102","targetHints":{"allow":["GET"]}}],"collection":[{"href":"https:\/\/livrariamaveshop.com.br\/index.php?rest_route=\/wp\/v2\/product"}],"about":[{"href":"https:\/\/livrariamaveshop.com.br\/index.php?rest_route=\/wp\/v2\/types\/product"}],"replies":[{"embeddable":true,"href":"https:\/\/livrariamaveshop.com.br\/index.php?rest_route=%2Fwp%2Fv2%2Fcomments&post=1102"}],"wp:featuredmedia":[{"embeddable":true,"href":"https:\/\/livrariamaveshop.com.br\/index.php?rest_route=\/wp\/v2\/media\/1103"}],"wp:attachment":[{"href":"https:\/\/livrariamaveshop.com.br\/index.php?rest_route=%2Fwp%2Fv2%2Fmedia&parent=1102"}],"wp:term":[{"taxonomy":"pwb-brand","embeddable":true,"href":"https:\/\/livrariamaveshop.com.br\/index.php?rest_route=%2Fwp%2Fv2%2Fpwb-brand&post=1102"},{"taxonomy":"product_cat","embeddable":true,"href":"https:\/\/livrariamaveshop.com.br\/index.php?rest_route=%2Fwp%2Fv2%2Fproduct_cat&post=1102"},{"taxonomy":"product_tag","embeddable":true,"href":"https:\/\/livrariamaveshop.com.br\/index.php?rest_route=%2Fwp%2Fv2%2Fproduct_tag&post=1102"}],"curies":[{"name":"wp","href":"https:\/\/api.w.org\/{rel}","templated":true}]}}