{"id":1099,"date":"2024-01-18T11:24:24","date_gmt":"2024-01-18T14:24:24","guid":{"rendered":"https:\/\/livrariamaveshop.com.br\/?post_type=product&#038;p=1099"},"modified":"2024-01-18T11:24:24","modified_gmt":"2024-01-18T14:24:24","slug":"o-poder-do-espirito-santo","status":"publish","type":"product","link":"https:\/\/livrariamaveshop.com.br\/?product=o-poder-do-espirito-santo","title":{"rendered":"O Poder do Esp\u00edrito Santo"},"content":{"rendered":"<p>\u00c9 consenso entre os crist\u00e3os que a a\u00e7\u00e3o genu\u00edna do poder do Esp\u00edrito Santo \u00e9 uma das maiores necessidades da igreja atual. Neste livro o dr. Billy Graham aborda perguntas fundamentais sobre a terceira pessoa da Trindade:<br \/>\nQuem \u00e9 o Esp\u00edrito Santo?<br \/>\nComo seu poder atua na vida do crente?<br \/>\nComo receber o batismo do Esp\u00edrito?<br \/>\nComo experimentar a plenitude do Esp\u00edrito?<br \/>\nQuais s\u00e3o e como funcionam os dons do Esp\u00edrito Santo?<br \/>\nQue \u00e9 a blasf\u00eamia contra o Esp\u00edrito?<br \/>\nSer\u00e1 que o fruto do Esp\u00edrito manifesta-se em sua vida?<br \/>\nAl\u00e9m de responder a essas perguntas o dr. Billy Graham mostra que o Esp\u00edrito Santo n\u00e3o deve ser apenas estudado e compreendido racionalmente, mas sim experimentado em plenitude em nossa vida espiritual. Ele \u00e9 o Consolador prometido por Jesus! Nele devemos andar e dele devemos depender para podermos usufruir a vida aben\u00e7oada que Deus deseja.<\/p>\n","protected":false},"excerpt":{"rendered":"<p>\u00c9 consenso entre os crist\u00e3os que a a\u00e7\u00e3o genu\u00edna do poder do Esp\u00edrito Santo \u00e9 uma das maiores necessidades da igreja atual. Neste livro o dr. Billy Graham aborda perguntas fundamentais sobre a terceira pessoa da Trindade: Quem \u00e9 o Esp\u00edrito Santo? Como seu poder atua na vida do crente? Como receber o batismo do [&hellip;]<\/p>\n","protected":false},"featured_media":1100,"comment_status":"closed","ping_status":"closed","template":"","meta":{"_joinchat":[]},"pwb-brand":[91],"product_cat":[66],"product_tag":[],"class_list":{"0":"post-1099","1":"product","2":"type-product","3":"status-publish","4":"has-post-thumbnail","6":"pwb-brand-billy-graham","7":"product_cat-espirito-santo","8":"product_shipping_class-geral","10":"first","11":"instock","12":"taxable","13":"shipping-taxable","14":"purchasable","15":"product-type-simple"},"brands":[{"id":91,"name":"BILLY GRAHAM","slug":"billy-graham"}],"_links":{"self":[{"href":"https:\/\/livrariamaveshop.com.br\/index.php?rest_route=\/wp\/v2\/product\/1099","targetHints":{"allow":["GET"]}}],"collection":[{"href":"https:\/\/livrariamaveshop.com.br\/index.php?rest_route=\/wp\/v2\/product"}],"about":[{"href":"https:\/\/livrariamaveshop.com.br\/index.php?rest_route=\/wp\/v2\/types\/product"}],"replies":[{"embeddable":true,"href":"https:\/\/livrariamaveshop.com.br\/index.php?rest_route=%2Fwp%2Fv2%2Fcomments&post=1099"}],"wp:featuredmedia":[{"embeddable":true,"href":"https:\/\/livrariamaveshop.com.br\/index.php?rest_route=\/wp\/v2\/media\/1100"}],"wp:attachment":[{"href":"https:\/\/livrariamaveshop.com.br\/index.php?rest_route=%2Fwp%2Fv2%2Fmedia&parent=1099"}],"wp:term":[{"taxonomy":"pwb-brand","embeddable":true,"href":"https:\/\/livrariamaveshop.com.br\/index.php?rest_route=%2Fwp%2Fv2%2Fpwb-brand&post=1099"},{"taxonomy":"product_cat","embeddable":true,"href":"https:\/\/livrariamaveshop.com.br\/index.php?rest_route=%2Fwp%2Fv2%2Fproduct_cat&post=1099"},{"taxonomy":"product_tag","embeddable":true,"href":"https:\/\/livrariamaveshop.com.br\/index.php?rest_route=%2Fwp%2Fv2%2Fproduct_tag&post=1099"}],"curies":[{"name":"wp","href":"https:\/\/api.w.org\/{rel}","templated":true}]}}