{"id":1093,"date":"2024-01-18T11:06:40","date_gmt":"2024-01-18T14:06:40","guid":{"rendered":"https:\/\/livrariamaveshop.com.br\/?post_type=product&#038;p=1093"},"modified":"2024-01-18T11:06:41","modified_gmt":"2024-01-18T14:06:41","slug":"o-espirito-santo","status":"publish","type":"product","link":"https:\/\/livrariamaveshop.com.br\/?product=o-espirito-santo","title":{"rendered":"O Espirito Santo"},"content":{"rendered":"<div class=\"sc-fqkvVR clbOvz sc-jLgLzE fuicqS\" data-testid=\"product-detail\">\n<div class=\"sc-fqkvVR heuZyN sc-cDJyZ bJNKiW\" data-testid=\"product-detail-description\">\n<div class=\"sc-fqkvVR hlqElk sc-bTcWjT uPGqr\" data-testid=\"rich-content-container\">Por tr\u00eas anos, os disc\u00edpulos estiveram com Jesus, caminhando com Ele e escutando tudo que Ele tinha a dizer. Por\u00e9m, Jesus disse a seus amigos mais pr\u00f3ximos que Ele precisava deix\u00e1-los para que o Esp\u00edrito Santo pudesse vir &#8211; e que isso seria para o bem deles (Jo\u00e3o 16:7, 13-14). Se isso era verdade para os disc\u00edpulos que passavam todos os dias com Jesus, quanto mais n\u00f3s precisamos do Esp\u00edrito Santo ativamente envolvido em nossas vidas hoje!<\/p>\n<p>Infelizmente, o Esp\u00edrito \u00e9 frequentemente mal compreendido, deixando muitos sem pistas de como Ele \u00e9 e como Ele se expressa a n\u00f3s. No entanto, a b\u00edblia deixa claro que o Esp\u00edrito n\u00e3o \u00e9 algo. Ele \u00e9 algu\u00e9m &#8211; uma Pessoa que prometeu nunca nos deixar. Neste livro interativo, John Bevere convida voc\u00ea a uma descoberta pessoal da pessoa mais ignorada e mal compreendida na igreja: o Esp\u00edrito Santo<\/p><\/div>\n<\/div>\n<\/div>\n<div class=\"sc-fqkvVR hlqElk\" data-testid=\"lazyload-container\"><\/div>\n","protected":false},"excerpt":{"rendered":"<p>Por tr\u00eas anos, os disc\u00edpulos estiveram com Jesus, caminhando com Ele e escutando tudo que Ele tinha a dizer. Por\u00e9m, Jesus disse a seus amigos mais pr\u00f3ximos que Ele precisava deix\u00e1-los para que o Esp\u00edrito Santo pudesse vir &#8211; e que isso seria para o bem deles (Jo\u00e3o 16:7, 13-14). Se isso era verdade para [&hellip;]<\/p>\n","protected":false},"featured_media":1094,"comment_status":"closed","ping_status":"closed","template":"","meta":{"_joinchat":[]},"pwb-brand":[57],"product_cat":[66],"product_tag":[],"class_list":{"0":"post-1093","1":"product","2":"type-product","3":"status-publish","4":"has-post-thumbnail","6":"pwb-brand-john-bevere","7":"product_cat-espirito-santo","8":"product_shipping_class-geral","10":"first","11":"instock","12":"taxable","13":"shipping-taxable","14":"purchasable","15":"product-type-simple"},"brands":[{"id":57,"name":"JOHN BEVERE","slug":"john-bevere"}],"_links":{"self":[{"href":"https:\/\/livrariamaveshop.com.br\/index.php?rest_route=\/wp\/v2\/product\/1093","targetHints":{"allow":["GET"]}}],"collection":[{"href":"https:\/\/livrariamaveshop.com.br\/index.php?rest_route=\/wp\/v2\/product"}],"about":[{"href":"https:\/\/livrariamaveshop.com.br\/index.php?rest_route=\/wp\/v2\/types\/product"}],"replies":[{"embeddable":true,"href":"https:\/\/livrariamaveshop.com.br\/index.php?rest_route=%2Fwp%2Fv2%2Fcomments&post=1093"}],"wp:featuredmedia":[{"embeddable":true,"href":"https:\/\/livrariamaveshop.com.br\/index.php?rest_route=\/wp\/v2\/media\/1094"}],"wp:attachment":[{"href":"https:\/\/livrariamaveshop.com.br\/index.php?rest_route=%2Fwp%2Fv2%2Fmedia&parent=1093"}],"wp:term":[{"taxonomy":"pwb-brand","embeddable":true,"href":"https:\/\/livrariamaveshop.com.br\/index.php?rest_route=%2Fwp%2Fv2%2Fpwb-brand&post=1093"},{"taxonomy":"product_cat","embeddable":true,"href":"https:\/\/livrariamaveshop.com.br\/index.php?rest_route=%2Fwp%2Fv2%2Fproduct_cat&post=1093"},{"taxonomy":"product_tag","embeddable":true,"href":"https:\/\/livrariamaveshop.com.br\/index.php?rest_route=%2Fwp%2Fv2%2Fproduct_tag&post=1093"}],"curies":[{"name":"wp","href":"https:\/\/api.w.org\/{rel}","templated":true}]}}