{"id":1087,"date":"2024-01-18T10:35:08","date_gmt":"2024-01-18T13:35:08","guid":{"rendered":"https:\/\/livrariamaveshop.com.br\/?post_type=product&#038;p=1087"},"modified":"2024-01-18T10:35:08","modified_gmt":"2024-01-18T13:35:08","slug":"o-sistema-da-verdade-de-paulo","status":"publish","type":"product","link":"https:\/\/livrariamaveshop.com.br\/?product=o-sistema-da-verdade-de-paulo","title":{"rendered":"O Sistema da Verdade de Paulo"},"content":{"rendered":"<p>O Sistema da Verdade de Paulo revela a reden\u00e7\u00e3o do homem em Cristo, a realidade do que aconteceu da cruz ao trono e como essa realidade pode nos dar vit\u00f3ria na vida por meio de Jesus Cristo.<br \/>\nUma das ilustra\u00e7\u00f5es mais simples de um sistema \u00e9 uma corrente. Uma corrente \u00e9 um grupo de elos que s\u00e3o interdependentes para\u00a0<u>garantir<\/u>\u00a0a for\u00e7a do todo. Do mesmo modo, as cartas do ap\u00f3stolo Paulo cont\u00e9m um grupo interdependente de realidades reveladas que contam o que Deus fez por n\u00f3s em Cristo.<br \/>\nEsse sistema da verdade est\u00e1 centralizado na morte, no sepultamento e na ressurrei\u00e7\u00e3o de Cristo com a restaura\u00e7\u00e3o do homem como alvo. N\u00e3o \u00e9 quem voc\u00ea \u00e9 em si mesmo ou suas habilidades que importam; \u00e9 quem voc\u00ea \u00e9 porque voc\u00ea nasceu de novo e est\u00e1 em uni\u00e3o com Cristo. Este \u00e9 o ponto principal da sua f\u00e9: a rede &#8211; ou o sistema &#8211; na qual tudo que voc\u00ea faz na sua caminhada crist\u00e3 deve estar centralizado.<br \/>\nIndependentemente da tribula\u00e7\u00e3o que voc\u00ea esteja enfrentando na vida, descubra que h\u00e1 um sistema da verdade que liberta voc\u00ea e o torna verdadeiramente livre!<\/p>\n","protected":false},"excerpt":{"rendered":"<p>O Sistema da Verdade de Paulo revela a reden\u00e7\u00e3o do homem em Cristo, a realidade do que aconteceu da cruz ao trono e como essa realidade pode nos dar vit\u00f3ria na vida por meio de Jesus Cristo. Uma das ilustra\u00e7\u00f5es mais simples de um sistema \u00e9 uma corrente. Uma corrente \u00e9 um grupo de elos [&hellip;]<\/p>\n","protected":false},"featured_media":1088,"comment_status":"closed","ping_status":"closed","template":"","meta":{"_joinchat":[]},"pwb-brand":[69],"product_cat":[76],"product_tag":[],"class_list":{"0":"post-1087","1":"product","2":"type-product","3":"status-publish","4":"has-post-thumbnail","6":"pwb-brand-mark-hankins","7":"product_cat-igreja","8":"product_shipping_class-geral","10":"first","11":"instock","12":"taxable","13":"shipping-taxable","14":"purchasable","15":"product-type-simple"},"brands":[{"id":69,"name":"MARK HANKINS","slug":"mark-hankins"}],"_links":{"self":[{"href":"https:\/\/livrariamaveshop.com.br\/index.php?rest_route=\/wp\/v2\/product\/1087","targetHints":{"allow":["GET"]}}],"collection":[{"href":"https:\/\/livrariamaveshop.com.br\/index.php?rest_route=\/wp\/v2\/product"}],"about":[{"href":"https:\/\/livrariamaveshop.com.br\/index.php?rest_route=\/wp\/v2\/types\/product"}],"replies":[{"embeddable":true,"href":"https:\/\/livrariamaveshop.com.br\/index.php?rest_route=%2Fwp%2Fv2%2Fcomments&post=1087"}],"wp:featuredmedia":[{"embeddable":true,"href":"https:\/\/livrariamaveshop.com.br\/index.php?rest_route=\/wp\/v2\/media\/1088"}],"wp:attachment":[{"href":"https:\/\/livrariamaveshop.com.br\/index.php?rest_route=%2Fwp%2Fv2%2Fmedia&parent=1087"}],"wp:term":[{"taxonomy":"pwb-brand","embeddable":true,"href":"https:\/\/livrariamaveshop.com.br\/index.php?rest_route=%2Fwp%2Fv2%2Fpwb-brand&post=1087"},{"taxonomy":"product_cat","embeddable":true,"href":"https:\/\/livrariamaveshop.com.br\/index.php?rest_route=%2Fwp%2Fv2%2Fproduct_cat&post=1087"},{"taxonomy":"product_tag","embeddable":true,"href":"https:\/\/livrariamaveshop.com.br\/index.php?rest_route=%2Fwp%2Fv2%2Fproduct_tag&post=1087"}],"curies":[{"name":"wp","href":"https:\/\/api.w.org\/{rel}","templated":true}]}}