{"id":1085,"date":"2024-01-18T10:29:13","date_gmt":"2024-01-18T13:29:13","guid":{"rendered":"https:\/\/livrariamaveshop.com.br\/?post_type=product&#038;p=1085"},"modified":"2024-01-18T10:29:13","modified_gmt":"2024-01-18T13:29:13","slug":"o-fim-da-igreja-espectadora","status":"publish","type":"product","link":"https:\/\/livrariamaveshop.com.br\/?product=o-fim-da-igreja-espectadora","title":{"rendered":"O Fim da Igreja Espectadora"},"content":{"rendered":"<p>Para muitos crist\u00e3os, fazer parte da \u201cigreja\u201d \u00e9 frequentar o culto aos domingos. Mas n\u00f3s somos a Igreja! E estamos destinados a muito mais que isso.<br \/>\nTony Cooke desafia a maneira como alguns veem a \u201cigreja\u201d hoje em dia, apresentando evid\u00eancias b\u00edblicas e hist\u00f3ricas que retratam uma imagem radicalmente diferente. Ele mobiliza o Corpo de Cristo \u00e0 a\u00e7\u00e3o utilizando exorta\u00e7\u00f5es do Novo Testamento que nos lembram que devemos ser um corpo vivo, totalmente engajado e que leva vida aos que est\u00e3o perdidos e sem esperan\u00e7a.<br \/>\nAtrav\u00e9s de percep\u00e7\u00f5es convincentes, O Fim da Igreja Espectadora conduz os leitores da passividade para o prop\u00f3sito \u2014 movendo-os a agir atravessando a rua, a cidade ou at\u00e9 um oceano. Tony escreve com zelo e encorajamento contagiantes enquanto revela:<br \/>\n\u2022 Deus planejou que voc\u00ea estivesse vivo na terra hoje.<br \/>\n\u2022 H\u00e1 pessoas sofrendo esperando pelos dons que est\u00e3o dentro de voc\u00ea.<br \/>\n\u2022 O Corpo de Cristo s\u00f3 funciona plenamente quando cada parte est\u00e1<br \/>\nem seu lugar.<br \/>\n\u2022 O que significa ser uma \u201cpedra viva\u201d.<br \/>\n\u2022 Como \u00e9, de fato, o \u201csacerd\u00f3cio de todos os crentes\u201d.<br \/>\nO chamado a um envolvimento radical est\u00e1 soando. \u00c9 hora de responder, assumir o seu lugar e despertar para a plenitude do destino que Deus tem para a sua vida!<\/p>\n","protected":false},"excerpt":{"rendered":"<p>Para muitos crist\u00e3os, fazer parte da \u201cigreja\u201d \u00e9 frequentar o culto aos domingos. Mas n\u00f3s somos a Igreja! E estamos destinados a muito mais que isso. Tony Cooke desafia a maneira como alguns veem a \u201cigreja\u201d hoje em dia, apresentando evid\u00eancias b\u00edblicas e hist\u00f3ricas que retratam uma imagem radicalmente diferente. Ele mobiliza o Corpo de [&hellip;]<\/p>\n","protected":false},"featured_media":1086,"comment_status":"closed","ping_status":"closed","template":"","meta":{"_joinchat":[]},"pwb-brand":[45],"product_cat":[76],"product_tag":[],"class_list":{"0":"post-1085","1":"product","2":"type-product","3":"status-publish","4":"has-post-thumbnail","6":"pwb-brand-tony-cooke","7":"product_cat-igreja","8":"product_shipping_class-geral","10":"first","11":"instock","12":"taxable","13":"shipping-taxable","14":"purchasable","15":"product-type-simple"},"brands":[{"id":45,"name":"TONY COOKE","slug":"tony-cooke"}],"_links":{"self":[{"href":"https:\/\/livrariamaveshop.com.br\/index.php?rest_route=\/wp\/v2\/product\/1085","targetHints":{"allow":["GET"]}}],"collection":[{"href":"https:\/\/livrariamaveshop.com.br\/index.php?rest_route=\/wp\/v2\/product"}],"about":[{"href":"https:\/\/livrariamaveshop.com.br\/index.php?rest_route=\/wp\/v2\/types\/product"}],"replies":[{"embeddable":true,"href":"https:\/\/livrariamaveshop.com.br\/index.php?rest_route=%2Fwp%2Fv2%2Fcomments&post=1085"}],"wp:featuredmedia":[{"embeddable":true,"href":"https:\/\/livrariamaveshop.com.br\/index.php?rest_route=\/wp\/v2\/media\/1086"}],"wp:attachment":[{"href":"https:\/\/livrariamaveshop.com.br\/index.php?rest_route=%2Fwp%2Fv2%2Fmedia&parent=1085"}],"wp:term":[{"taxonomy":"pwb-brand","embeddable":true,"href":"https:\/\/livrariamaveshop.com.br\/index.php?rest_route=%2Fwp%2Fv2%2Fpwb-brand&post=1085"},{"taxonomy":"product_cat","embeddable":true,"href":"https:\/\/livrariamaveshop.com.br\/index.php?rest_route=%2Fwp%2Fv2%2Fproduct_cat&post=1085"},{"taxonomy":"product_tag","embeddable":true,"href":"https:\/\/livrariamaveshop.com.br\/index.php?rest_route=%2Fwp%2Fv2%2Fproduct_tag&post=1085"}],"curies":[{"name":"wp","href":"https:\/\/api.w.org\/{rel}","templated":true}]}}