{"id":1079,"date":"2024-01-18T10:15:29","date_gmt":"2024-01-18T13:15:29","guid":{"rendered":"https:\/\/livrariamaveshop.com.br\/?post_type=product&#038;p=1079"},"modified":"2024-01-18T10:15:29","modified_gmt":"2024-01-18T13:15:29","slug":"o-que-jesus-diria","status":"publish","type":"product","link":"https:\/\/livrariamaveshop.com.br\/?product=o-que-jesus-diria","title":{"rendered":"O Que Jesus Diria"},"content":{"rendered":"<p>Se Jesus lhe escrevesse uma carta, o que Ele diria? O que poderia dizer \u00e0 sua igreja ou \u00e0s igrejas da sua cidade? Podemos encontrar na B\u00edblia um modelo vivo e real que nos d\u00e1 uma ideia incr\u00edvel do que Cristo declara sobre essas quest\u00f5es vitais. Os cinco primeiros cap\u00edtulos de Apocalipse apresentam mensagens vibrantes que Jesus entregou a sete igrejas locais. Essas cartas nos oferecem respostas fant\u00e1sticas para perguntas como estas:<\/p>\n<p>\u2022 Como Jesus se sente com rela\u00e7\u00e3o aos crist\u00e3os e \u00e0s igrejas?<br \/>\n\u2022 Quais s\u00e3o Suas prioridades e Seus valores para nossa vida?<br \/>\n\u2022 O que o Senhor considera agrad\u00e1vel e desagrad\u00e1vel?<br \/>\n\u2022 Quais s\u00e3o os resultados da obedi\u00eancia e da desobedi\u00eancia?<\/p>\n<p>As palavras de Jesus eram penetrantes \u2014 como uma espada afiada de dois gumes \u2014, e Ele ainda fala poderosamente hoje. Jesus n\u00e3o mudou e Seu cora\u00e7\u00e3o est\u00e1 eternamente comprometido com Seu povo. Jesus nos fala hoje com elogios, advert\u00eancias, instru\u00e7\u00f5es, afirma\u00e7\u00f5es, corre\u00e7\u00f5es e promessas, e \u00e9 urgente darmos ouvidos \u00e0s Suas palavras. Como Ele mesmo disse: \u201cQuem tem ouvidos, ou\u00e7a o que o Esp\u00edrito diz \u00e0s igrejas\u201d (Apocalipse 2:11).<\/p>\n","protected":false},"excerpt":{"rendered":"<p>Se Jesus lhe escrevesse uma carta, o que Ele diria? O que poderia dizer \u00e0 sua igreja ou \u00e0s igrejas da sua cidade? Podemos encontrar na B\u00edblia um modelo vivo e real que nos d\u00e1 uma ideia incr\u00edvel do que Cristo declara sobre essas quest\u00f5es vitais. Os cinco primeiros cap\u00edtulos de Apocalipse apresentam mensagens vibrantes [&hellip;]<\/p>\n","protected":false},"featured_media":1080,"comment_status":"closed","ping_status":"closed","template":"","meta":{"_joinchat":[]},"pwb-brand":[45],"product_cat":[76],"product_tag":[],"class_list":{"0":"post-1079","1":"product","2":"type-product","3":"status-publish","4":"has-post-thumbnail","6":"pwb-brand-tony-cooke","7":"product_cat-igreja","8":"product_shipping_class-geral","10":"first","11":"instock","12":"taxable","13":"shipping-taxable","14":"purchasable","15":"product-type-simple"},"brands":[{"id":45,"name":"TONY COOKE","slug":"tony-cooke"}],"_links":{"self":[{"href":"https:\/\/livrariamaveshop.com.br\/index.php?rest_route=\/wp\/v2\/product\/1079","targetHints":{"allow":["GET"]}}],"collection":[{"href":"https:\/\/livrariamaveshop.com.br\/index.php?rest_route=\/wp\/v2\/product"}],"about":[{"href":"https:\/\/livrariamaveshop.com.br\/index.php?rest_route=\/wp\/v2\/types\/product"}],"replies":[{"embeddable":true,"href":"https:\/\/livrariamaveshop.com.br\/index.php?rest_route=%2Fwp%2Fv2%2Fcomments&post=1079"}],"wp:featuredmedia":[{"embeddable":true,"href":"https:\/\/livrariamaveshop.com.br\/index.php?rest_route=\/wp\/v2\/media\/1080"}],"wp:attachment":[{"href":"https:\/\/livrariamaveshop.com.br\/index.php?rest_route=%2Fwp%2Fv2%2Fmedia&parent=1079"}],"wp:term":[{"taxonomy":"pwb-brand","embeddable":true,"href":"https:\/\/livrariamaveshop.com.br\/index.php?rest_route=%2Fwp%2Fv2%2Fpwb-brand&post=1079"},{"taxonomy":"product_cat","embeddable":true,"href":"https:\/\/livrariamaveshop.com.br\/index.php?rest_route=%2Fwp%2Fv2%2Fproduct_cat&post=1079"},{"taxonomy":"product_tag","embeddable":true,"href":"https:\/\/livrariamaveshop.com.br\/index.php?rest_route=%2Fwp%2Fv2%2Fproduct_tag&post=1079"}],"curies":[{"name":"wp","href":"https:\/\/api.w.org\/{rel}","templated":true}]}}