{"id":1077,"date":"2024-01-18T10:12:32","date_gmt":"2024-01-18T13:12:32","guid":{"rendered":"https:\/\/livrariamaveshop.com.br\/?post_type=product&#038;p=1077"},"modified":"2024-01-26T14:02:26","modified_gmt":"2024-01-26T17:02:26","slug":"o-que-e-a-fe","status":"publish","type":"product","link":"https:\/\/livrariamaveshop.com.br\/?product=o-que-e-a-fe","title":{"rendered":"O Que \u00e9 a F\u00e9"},"content":{"rendered":"<p>A B\u00edblia nos diz que sem f\u00e9 \u00e9 imposs\u00edvel agradar a Deus, mas, afinal, o que \u00e9 a f\u00e9? Kenneth E. Hagin responde a essa pergunta e a outras neste inestim\u00e1vel tesouro de ensinamentos sobre a f\u00e9.<br \/>\nNeste livro poderoso, voc\u00ea descobrir\u00e1:<\/p>\n<p>\u2022 Como o Rev. Hagin aprendeu o segredo da f\u00e9 em seu leito de<br \/>\nmorte;<br \/>\n\u2022 Por que a f\u00e9 no presente \u00e9 vital para receber as promessas de Deus;<br \/>\n\u2022 Como a esperan\u00e7a b\u00edblica e a f\u00e9 s\u00e3o diferentes, e como a<br \/>\ntransforma\u00e7\u00e3o da esperan\u00e7a em f\u00e9 traz resultados.<\/p>\n","protected":false},"excerpt":{"rendered":"<p>A B\u00edblia nos diz que sem f\u00e9 \u00e9 imposs\u00edvel agradar a Deus, mas, afinal, o que \u00e9 a f\u00e9? Kenneth E. Hagin responde a essa pergunta e a outras neste inestim\u00e1vel tesouro de ensinamentos sobre a f\u00e9. Neste livro poderoso, voc\u00ea descobrir\u00e1: \u2022 Como o Rev. Hagin aprendeu o segredo da f\u00e9 em seu leito [&hellip;]<\/p>\n","protected":false},"featured_media":1078,"comment_status":"closed","ping_status":"closed","template":"","meta":{"_joinchat":[]},"pwb-brand":[43],"product_cat":[40,21],"product_tag":[],"class_list":{"0":"post-1077","1":"product","2":"type-product","3":"status-publish","4":"has-post-thumbnail","6":"pwb-brand-kenneth-e-hagin","7":"product_cat-fe","8":"product_cat-lancamentos","9":"product_shipping_class-geral","11":"first","12":"instock","13":"taxable","14":"shipping-taxable","15":"purchasable","16":"product-type-simple"},"brands":[{"id":43,"name":"KENNETH E. HAGIN","slug":"kenneth-e-hagin"}],"_links":{"self":[{"href":"https:\/\/livrariamaveshop.com.br\/index.php?rest_route=\/wp\/v2\/product\/1077","targetHints":{"allow":["GET"]}}],"collection":[{"href":"https:\/\/livrariamaveshop.com.br\/index.php?rest_route=\/wp\/v2\/product"}],"about":[{"href":"https:\/\/livrariamaveshop.com.br\/index.php?rest_route=\/wp\/v2\/types\/product"}],"replies":[{"embeddable":true,"href":"https:\/\/livrariamaveshop.com.br\/index.php?rest_route=%2Fwp%2Fv2%2Fcomments&post=1077"}],"wp:featuredmedia":[{"embeddable":true,"href":"https:\/\/livrariamaveshop.com.br\/index.php?rest_route=\/wp\/v2\/media\/1078"}],"wp:attachment":[{"href":"https:\/\/livrariamaveshop.com.br\/index.php?rest_route=%2Fwp%2Fv2%2Fmedia&parent=1077"}],"wp:term":[{"taxonomy":"pwb-brand","embeddable":true,"href":"https:\/\/livrariamaveshop.com.br\/index.php?rest_route=%2Fwp%2Fv2%2Fpwb-brand&post=1077"},{"taxonomy":"product_cat","embeddable":true,"href":"https:\/\/livrariamaveshop.com.br\/index.php?rest_route=%2Fwp%2Fv2%2Fproduct_cat&post=1077"},{"taxonomy":"product_tag","embeddable":true,"href":"https:\/\/livrariamaveshop.com.br\/index.php?rest_route=%2Fwp%2Fv2%2Fproduct_tag&post=1077"}],"curies":[{"name":"wp","href":"https:\/\/api.w.org\/{rel}","templated":true}]}}