{"id":1071,"date":"2024-01-18T09:23:00","date_gmt":"2024-01-18T12:23:00","guid":{"rendered":"https:\/\/livrariamaveshop.com.br\/?post_type=product&#038;p=1071"},"modified":"2024-01-18T09:23:00","modified_gmt":"2024-01-18T12:23:00","slug":"o-que-aconteceu-da-cruz-ao-trono","status":"publish","type":"product","link":"https:\/\/livrariamaveshop.com.br\/?product=o-que-aconteceu-da-cruz-ao-trono","title":{"rendered":"O Que Aconteceu da Cruz ao Trono"},"content":{"rendered":"<p>Este livro empolgante \u00e9 um desvendar da revela\u00e7\u00e3o dada ao ap\u00f3stolo Paulo, mostrando o que Deus fez em Cristo desde a encarna\u00e7\u00e3o at\u00e9 sentar-se \u00e0 destra da Majestade nas alturas.<\/p>\n<p>A Igreja nunca conseguiu entender a import\u00e2ncia espiritual do que aconteceu quando Cristo morreu na cruz, foi sepultado e ressuscitou ao terceiro dia. Tudo que o crist\u00e3o comum viu foi o sofrimento f\u00edsico de Cristo. Poucos compreendem as verdades profundas que nos s\u00e3o dadas na revela\u00e7\u00e3o paulina.<\/p>\n<p>At\u00e9 Deus revelar essas verdades a Paulo, ningu\u00e9m entendia por que Cristo viera ou por que a morte na cruz era necess\u00e1ria; ningu\u00e9m sabia o que havia acontecido durante aqueles tr\u00eas dias em que Seu corpo f\u00edsico esteve no t\u00famulo antes da ressurrei\u00e7\u00e3o.<\/p>\n<p>Nem mesmo os disc\u00edpulos que andaram com Jesus haviam assimilado plenamente quem Ele era e o que Seu sofrimento conquistaria. Eles n\u00e3o sabiam o que tinha acontecido na cruz ou durante os tr\u00eas dias e noites antes da ressurrei\u00e7\u00e3o de Cristo, mas n\u00f3s precisamos saber, pois \u00e9 isso que edificar\u00e1 a nossa f\u00e9.<\/p>\n<p>S\u00e3o verdade h\u00e1 muito escondidas que precisam ser conhecidas por todos n\u00f3s, filhos de Deus, se quisermos viver uma vida vitoriosa.<\/p>\n","protected":false},"excerpt":{"rendered":"<p>Este livro empolgante \u00e9 um desvendar da revela\u00e7\u00e3o dada ao ap\u00f3stolo Paulo, mostrando o que Deus fez em Cristo desde a encarna\u00e7\u00e3o at\u00e9 sentar-se \u00e0 destra da Majestade nas alturas. A Igreja nunca conseguiu entender a import\u00e2ncia espiritual do que aconteceu quando Cristo morreu na cruz, foi sepultado e ressuscitou ao terceiro dia. Tudo que [&hellip;]<\/p>\n","protected":false},"featured_media":1072,"comment_status":"closed","ping_status":"closed","template":"","meta":{"_joinchat":[]},"pwb-brand":[53],"product_cat":[89],"product_tag":[],"class_list":{"0":"post-1071","1":"product","2":"type-product","3":"status-publish","4":"has-post-thumbnail","6":"pwb-brand-e-w-kenyon","7":"product_cat-ceu","8":"product_shipping_class-geral","10":"first","11":"instock","12":"taxable","13":"shipping-taxable","14":"purchasable","15":"product-type-simple"},"brands":[{"id":53,"name":"E. W. KENYON","slug":"e-w-kenyon"}],"_links":{"self":[{"href":"https:\/\/livrariamaveshop.com.br\/index.php?rest_route=\/wp\/v2\/product\/1071","targetHints":{"allow":["GET"]}}],"collection":[{"href":"https:\/\/livrariamaveshop.com.br\/index.php?rest_route=\/wp\/v2\/product"}],"about":[{"href":"https:\/\/livrariamaveshop.com.br\/index.php?rest_route=\/wp\/v2\/types\/product"}],"replies":[{"embeddable":true,"href":"https:\/\/livrariamaveshop.com.br\/index.php?rest_route=%2Fwp%2Fv2%2Fcomments&post=1071"}],"wp:featuredmedia":[{"embeddable":true,"href":"https:\/\/livrariamaveshop.com.br\/index.php?rest_route=\/wp\/v2\/media\/1072"}],"wp:attachment":[{"href":"https:\/\/livrariamaveshop.com.br\/index.php?rest_route=%2Fwp%2Fv2%2Fmedia&parent=1071"}],"wp:term":[{"taxonomy":"pwb-brand","embeddable":true,"href":"https:\/\/livrariamaveshop.com.br\/index.php?rest_route=%2Fwp%2Fv2%2Fpwb-brand&post=1071"},{"taxonomy":"product_cat","embeddable":true,"href":"https:\/\/livrariamaveshop.com.br\/index.php?rest_route=%2Fwp%2Fv2%2Fproduct_cat&post=1071"},{"taxonomy":"product_tag","embeddable":true,"href":"https:\/\/livrariamaveshop.com.br\/index.php?rest_route=%2Fwp%2Fv2%2Fproduct_tag&post=1071"}],"curies":[{"name":"wp","href":"https:\/\/api.w.org\/{rel}","templated":true}]}}