{"id":1069,"date":"2024-01-18T09:15:35","date_gmt":"2024-01-18T12:15:35","guid":{"rendered":"https:\/\/livrariamaveshop.com.br\/?post_type=product&#038;p=1069"},"modified":"2024-01-18T09:15:35","modified_gmt":"2024-01-18T12:15:35","slug":"o-poder-secreto-da-alegria","status":"publish","type":"product","link":"https:\/\/livrariamaveshop.com.br\/?product=o-poder-secreto-da-alegria","title":{"rendered":"O Poder Secreto da Alegria"},"content":{"rendered":"<p>Em O Poder Secreto da Alegria, Mark Hankins mostra aos crist\u00e3os como trazer a atmosfera celestial da alegria para a realidade da vida di\u00e1ria. A alegria triunfante do c\u00e9u garante a vit\u00f3ria em todas as circunst\u00e2ncias. A f\u00e9 ri das impossibilidades! N\u00e3o duvide, apenas d\u00ea brados de alegria e Deus resolver\u00e1 tudo. Ao fazer isso, voc\u00ea ver\u00e1 a rela\u00e7\u00e3o entre o sangue de Jesus e a alegria no Esp\u00edrito Santo. Responda ao apelo do Esp\u00edrito Santo e alegre-se, ent\u00e3o veja Deus mudar sua vida por completo!Se voc\u00ea soubesse o que acontece no esp\u00edrito quando se alegra, voc\u00ea se alegraria todos os dias. A alegria indiz\u00edvel \u00e9 um meio para receber a gl\u00f3ria de Deus. A alegria \u00e9 a ponte entre crer e receber.<\/p>\n","protected":false},"excerpt":{"rendered":"<p>Em O Poder Secreto da Alegria, Mark Hankins mostra aos crist\u00e3os como trazer a atmosfera celestial da alegria para a realidade da vida di\u00e1ria. A alegria triunfante do c\u00e9u garante a vit\u00f3ria em todas as circunst\u00e2ncias. A f\u00e9 ri das impossibilidades! N\u00e3o duvide, apenas d\u00ea brados de alegria e Deus resolver\u00e1 tudo. Ao fazer isso, [&hellip;]<\/p>\n","protected":false},"featured_media":1070,"comment_status":"closed","ping_status":"closed","template":"","meta":{"_joinchat":[]},"pwb-brand":[69],"product_cat":[40],"product_tag":[],"class_list":{"0":"post-1069","1":"product","2":"type-product","3":"status-publish","4":"has-post-thumbnail","6":"pwb-brand-mark-hankins","7":"product_cat-fe","8":"product_shipping_class-geral","10":"first","11":"instock","12":"taxable","13":"shipping-taxable","14":"purchasable","15":"product-type-simple"},"brands":[{"id":69,"name":"MARK HANKINS","slug":"mark-hankins"}],"_links":{"self":[{"href":"https:\/\/livrariamaveshop.com.br\/index.php?rest_route=\/wp\/v2\/product\/1069","targetHints":{"allow":["GET"]}}],"collection":[{"href":"https:\/\/livrariamaveshop.com.br\/index.php?rest_route=\/wp\/v2\/product"}],"about":[{"href":"https:\/\/livrariamaveshop.com.br\/index.php?rest_route=\/wp\/v2\/types\/product"}],"replies":[{"embeddable":true,"href":"https:\/\/livrariamaveshop.com.br\/index.php?rest_route=%2Fwp%2Fv2%2Fcomments&post=1069"}],"wp:featuredmedia":[{"embeddable":true,"href":"https:\/\/livrariamaveshop.com.br\/index.php?rest_route=\/wp\/v2\/media\/1070"}],"wp:attachment":[{"href":"https:\/\/livrariamaveshop.com.br\/index.php?rest_route=%2Fwp%2Fv2%2Fmedia&parent=1069"}],"wp:term":[{"taxonomy":"pwb-brand","embeddable":true,"href":"https:\/\/livrariamaveshop.com.br\/index.php?rest_route=%2Fwp%2Fv2%2Fpwb-brand&post=1069"},{"taxonomy":"product_cat","embeddable":true,"href":"https:\/\/livrariamaveshop.com.br\/index.php?rest_route=%2Fwp%2Fv2%2Fproduct_cat&post=1069"},{"taxonomy":"product_tag","embeddable":true,"href":"https:\/\/livrariamaveshop.com.br\/index.php?rest_route=%2Fwp%2Fv2%2Fproduct_tag&post=1069"}],"curies":[{"name":"wp","href":"https:\/\/api.w.org\/{rel}","templated":true}]}}