{"id":1061,"date":"2024-01-18T08:58:08","date_gmt":"2024-01-18T11:58:08","guid":{"rendered":"https:\/\/livrariamaveshop.com.br\/?post_type=product&#038;p=1061"},"modified":"2024-01-18T08:58:08","modified_gmt":"2024-01-18T11:58:08","slug":"o-novo-nascimento","status":"publish","type":"product","link":"https:\/\/livrariamaveshop.com.br\/?product=o-novo-nascimento","title":{"rendered":"O Novo Nascimento"},"content":{"rendered":"<p>\u201cA pergunta mais importante que todo crist\u00e3o deve saber n\u00e3o \u00e9 em que igreja ele est\u00e1, mas sim em que fam\u00edlia ele est\u00e1.\u201d<\/p>\n<p>Verdadeiramente n\u00f3s perecemos por falta de conhecimento, o conhecimento da Palavra de Deus. Muitos crist\u00e3os s\u00e3o nascidos de novo h\u00e1 anos, mas nunca entenderam o que verdadeiramente significa o novo nascimento. Felizmente, nunca \u00e9 tarde para come\u00e7ar. Este pequeno livro de Kenneth Hagin traz clareza sobre a salva\u00e7\u00e3o, o nascer de novo e como receber esse presente que nos apresenta a uma nova fam\u00edlia. F\u00e1cil de ler e compreender, ele coloca \u00e0 disposi\u00e7\u00e3o de todo crist\u00e3o o conhecimento dos benef\u00edcios de fazer parte da fam\u00edlia de Deus.<\/p>\n","protected":false},"excerpt":{"rendered":"<p>\u201cA pergunta mais importante que todo crist\u00e3o deve saber n\u00e3o \u00e9 em que igreja ele est\u00e1, mas sim em que fam\u00edlia ele est\u00e1.\u201d Verdadeiramente n\u00f3s perecemos por falta de conhecimento, o conhecimento da Palavra de Deus. Muitos crist\u00e3os s\u00e3o nascidos de novo h\u00e1 anos, mas nunca entenderam o que verdadeiramente significa o novo nascimento. Felizmente, [&hellip;]<\/p>\n","protected":false},"featured_media":1062,"comment_status":"closed","ping_status":"closed","template":"","meta":{"_joinchat":[]},"pwb-brand":[43],"product_cat":[88],"product_tag":[],"class_list":{"0":"post-1061","1":"product","2":"type-product","3":"status-publish","4":"has-post-thumbnail","6":"pwb-brand-kenneth-e-hagin","7":"product_cat-salvacao","8":"product_shipping_class-geral","10":"first","11":"instock","12":"taxable","13":"shipping-taxable","14":"purchasable","15":"product-type-simple"},"brands":[{"id":43,"name":"KENNETH E. HAGIN","slug":"kenneth-e-hagin"}],"_links":{"self":[{"href":"https:\/\/livrariamaveshop.com.br\/index.php?rest_route=\/wp\/v2\/product\/1061","targetHints":{"allow":["GET"]}}],"collection":[{"href":"https:\/\/livrariamaveshop.com.br\/index.php?rest_route=\/wp\/v2\/product"}],"about":[{"href":"https:\/\/livrariamaveshop.com.br\/index.php?rest_route=\/wp\/v2\/types\/product"}],"replies":[{"embeddable":true,"href":"https:\/\/livrariamaveshop.com.br\/index.php?rest_route=%2Fwp%2Fv2%2Fcomments&post=1061"}],"wp:featuredmedia":[{"embeddable":true,"href":"https:\/\/livrariamaveshop.com.br\/index.php?rest_route=\/wp\/v2\/media\/1062"}],"wp:attachment":[{"href":"https:\/\/livrariamaveshop.com.br\/index.php?rest_route=%2Fwp%2Fv2%2Fmedia&parent=1061"}],"wp:term":[{"taxonomy":"pwb-brand","embeddable":true,"href":"https:\/\/livrariamaveshop.com.br\/index.php?rest_route=%2Fwp%2Fv2%2Fpwb-brand&post=1061"},{"taxonomy":"product_cat","embeddable":true,"href":"https:\/\/livrariamaveshop.com.br\/index.php?rest_route=%2Fwp%2Fv2%2Fproduct_cat&post=1061"},{"taxonomy":"product_tag","embeddable":true,"href":"https:\/\/livrariamaveshop.com.br\/index.php?rest_route=%2Fwp%2Fv2%2Fproduct_tag&post=1061"}],"curies":[{"name":"wp","href":"https:\/\/api.w.org\/{rel}","templated":true}]}}