{"id":1059,"date":"2024-01-18T01:42:47","date_gmt":"2024-01-18T04:42:47","guid":{"rendered":"https:\/\/livrariamaveshop.com.br\/?post_type=product&#038;p=1059"},"modified":"2024-01-18T01:42:47","modified_gmt":"2024-01-18T04:42:47","slug":"cafe-com-deus-pai-2024-porcoes-diarias-de-paz","status":"publish","type":"product","link":"https:\/\/livrariamaveshop.com.br\/?product=cafe-com-deus-pai-2024-porcoes-diarias-de-paz","title":{"rendered":"Caf\u00e9 com Deus Pai 2024: Por\u00e7\u00f5es Di\u00e1rias de paz"},"content":{"rendered":"<p>Que tal desfrutar de um momento \u00edntimo com algu\u00e9m que te ama e tem as respostas para todas as suas afli\u00e7\u00f5es?<\/p>\n<p>Essa \u00e9 a experi\u00eancia que voc\u00ea encontra em cada p\u00e1gina de Caf\u00e9 com Deus Pai. S\u00e3o 366 mensagens que te levar\u00e3o a uma jornada com devocionais di\u00e1rios ao longo do ano, onde voc\u00ea \u00e9 convidado a ter um encontro com Deus Pai.<\/p>\n<p>Um livro que desperta sensa\u00e7\u00f5es, Caf\u00e9 com Deus Pai 2024, proporciona um toque macio, al\u00e9m de um delicioso aroma de caf\u00e9 em cada folha.<\/p>\n<p>As p\u00e1ginas interativas ir\u00e3o envolv\u00ea-lo ainda mais nessa jornada, permitindo que voc\u00ea reflita, anote suas inspira\u00e7\u00f5es e compartilhe suas experi\u00eancias.<\/p>\n<p>A cada dia, voc\u00ea encontrar\u00e1 uma mensagem \u00fanica e significativa, especialmente selecionada para nutrir sua alma e fortalecer sua f\u00e9.<\/p>\n<p>Para tornar o seu dia ainda mais especial, frases inspiradoras s\u00e3o destacadas ao longo do livro, proporcionando motiva\u00e7\u00e3o e encorajamento sempre que precisar.<\/p>\n<p>E para aqueles que desejam se aprofundar ainda mais na Palavra de Deus, tamb\u00e9m \u00e9 incluso um plano de leitura b\u00edblica, que o guiar\u00e1 por uma jornada de conhecimento e descoberta.<\/p>\n<p>Al\u00e9m de proporcionar um novo modo de apreciar uma x\u00edcara de caf\u00e9, este livro mostrar\u00e1 como a vida pode ser saboreada.<\/p>\n","protected":false},"excerpt":{"rendered":"<p>Que tal desfrutar de um momento \u00edntimo com algu\u00e9m que te ama e tem as respostas para todas as suas afli\u00e7\u00f5es? Essa \u00e9 a experi\u00eancia que voc\u00ea encontra em cada p\u00e1gina de Caf\u00e9 com Deus Pai. S\u00e3o 366 mensagens que te levar\u00e3o a uma jornada com devocionais di\u00e1rios ao longo do ano, onde voc\u00ea \u00e9 [&hellip;]<\/p>\n","protected":false},"featured_media":1060,"comment_status":"closed","ping_status":"closed","template":"","meta":{"_joinchat":[]},"pwb-brand":[87],"product_cat":[21],"product_tag":[],"class_list":{"0":"post-1059","1":"product","2":"type-product","3":"status-publish","4":"has-post-thumbnail","6":"pwb-brand-junior-rostirola","7":"product_cat-lancamentos","8":"product_shipping_class-geral","10":"first","11":"instock","12":"taxable","13":"shipping-taxable","14":"purchasable","15":"product-type-simple"},"brands":[{"id":87,"name":"JUNIOR ROSTIROLA","slug":"junior-rostirola"}],"_links":{"self":[{"href":"https:\/\/livrariamaveshop.com.br\/index.php?rest_route=\/wp\/v2\/product\/1059","targetHints":{"allow":["GET"]}}],"collection":[{"href":"https:\/\/livrariamaveshop.com.br\/index.php?rest_route=\/wp\/v2\/product"}],"about":[{"href":"https:\/\/livrariamaveshop.com.br\/index.php?rest_route=\/wp\/v2\/types\/product"}],"replies":[{"embeddable":true,"href":"https:\/\/livrariamaveshop.com.br\/index.php?rest_route=%2Fwp%2Fv2%2Fcomments&post=1059"}],"wp:featuredmedia":[{"embeddable":true,"href":"https:\/\/livrariamaveshop.com.br\/index.php?rest_route=\/wp\/v2\/media\/1060"}],"wp:attachment":[{"href":"https:\/\/livrariamaveshop.com.br\/index.php?rest_route=%2Fwp%2Fv2%2Fmedia&parent=1059"}],"wp:term":[{"taxonomy":"pwb-brand","embeddable":true,"href":"https:\/\/livrariamaveshop.com.br\/index.php?rest_route=%2Fwp%2Fv2%2Fpwb-brand&post=1059"},{"taxonomy":"product_cat","embeddable":true,"href":"https:\/\/livrariamaveshop.com.br\/index.php?rest_route=%2Fwp%2Fv2%2Fproduct_cat&post=1059"},{"taxonomy":"product_tag","embeddable":true,"href":"https:\/\/livrariamaveshop.com.br\/index.php?rest_route=%2Fwp%2Fv2%2Fproduct_tag&post=1059"}],"curies":[{"name":"wp","href":"https:\/\/api.w.org\/{rel}","templated":true}]}}