{"id":1054,"date":"2024-01-18T01:29:35","date_gmt":"2024-01-18T04:29:35","guid":{"rendered":"https:\/\/livrariamaveshop.com.br\/?post_type=product&#038;p=1054"},"modified":"2024-01-19T21:51:05","modified_gmt":"2024-01-20T00:51:05","slug":"curando-os-enfermos","status":"publish","type":"product","link":"https:\/\/livrariamaveshop.com.br\/?product=curando-os-enfermos","title":{"rendered":"Curando os Enfermos"},"content":{"rendered":"<p style=\"font-weight: 400;\">\u201cCurando os Enfermos\u201d do autor T.L. Osborn, \u00e9 um cl\u00e1ssico moderno da literatura crist\u00e3 sobre cura divina. Com mais de um milh\u00e3o de c\u00f3pias vendidas, este livro traz de ensinamentos e testemunhos poderosos que T.L. Osborn presenciou ao longo do seu minist\u00e9rio sobre multid\u00f5es sendo curadas milagrosamente, porque consideraram e creram no poder da ressurrei\u00e7\u00e3o de Jesus Cristo.<\/p>\n<p style=\"font-weight: 400;\">Agora na edi\u00e7\u00e3o ampliada, este livro nos revela informa\u00e7\u00f5es poderosas sobre a vontade do Senhor a respeito de cura divina, e que \u00e9 vontade dEle que estejamos sempre sarados e curados. Vale salientar que existem testemunhos poderosos de pessoas que leram este livro e por considerar os estudos sobre o que Deus diz a respeito da cura divina, foram curados.<\/p>\n<p style=\"font-weight: 400;\">\u201cCurando os enfermos\u201d tem sido e continuar\u00e1 a ser um dos ensinamentos de maior autoridade sobre cura divina.<\/p>\n","protected":false},"excerpt":{"rendered":"<p>\u201cCurando os Enfermos\u201d do autor T.L. Osborn, \u00e9 um cl\u00e1ssico moderno da literatura crist\u00e3 sobre cura divina. Com mais de um milh\u00e3o de c\u00f3pias vendidas, este livro traz de ensinamentos e testemunhos poderosos que T.L. Osborn presenciou ao longo do seu minist\u00e9rio sobre multid\u00f5es sendo curadas milagrosamente, porque consideraram e creram no poder da ressurrei\u00e7\u00e3o [&hellip;]<\/p>\n","protected":false},"featured_media":1055,"comment_status":"closed","ping_status":"closed","template":"","meta":{"_joinchat":[]},"pwb-brand":[85],"product_cat":[73,21],"product_tag":[],"class_list":{"0":"post-1054","1":"product","2":"type-product","3":"status-publish","4":"has-post-thumbnail","6":"pwb-brand-t-l-osborn","7":"product_cat-cura","8":"product_cat-lancamentos","9":"product_shipping_class-geral","11":"first","12":"instock","13":"taxable","14":"shipping-taxable","15":"purchasable","16":"product-type-simple"},"brands":[{"id":85,"name":"T. L. OSBORN","slug":"t-l-osborn"}],"_links":{"self":[{"href":"https:\/\/livrariamaveshop.com.br\/index.php?rest_route=\/wp\/v2\/product\/1054","targetHints":{"allow":["GET"]}}],"collection":[{"href":"https:\/\/livrariamaveshop.com.br\/index.php?rest_route=\/wp\/v2\/product"}],"about":[{"href":"https:\/\/livrariamaveshop.com.br\/index.php?rest_route=\/wp\/v2\/types\/product"}],"replies":[{"embeddable":true,"href":"https:\/\/livrariamaveshop.com.br\/index.php?rest_route=%2Fwp%2Fv2%2Fcomments&post=1054"}],"wp:featuredmedia":[{"embeddable":true,"href":"https:\/\/livrariamaveshop.com.br\/index.php?rest_route=\/wp\/v2\/media\/1055"}],"wp:attachment":[{"href":"https:\/\/livrariamaveshop.com.br\/index.php?rest_route=%2Fwp%2Fv2%2Fmedia&parent=1054"}],"wp:term":[{"taxonomy":"pwb-brand","embeddable":true,"href":"https:\/\/livrariamaveshop.com.br\/index.php?rest_route=%2Fwp%2Fv2%2Fpwb-brand&post=1054"},{"taxonomy":"product_cat","embeddable":true,"href":"https:\/\/livrariamaveshop.com.br\/index.php?rest_route=%2Fwp%2Fv2%2Fproduct_cat&post=1054"},{"taxonomy":"product_tag","embeddable":true,"href":"https:\/\/livrariamaveshop.com.br\/index.php?rest_route=%2Fwp%2Fv2%2Fproduct_tag&post=1054"}],"curies":[{"name":"wp","href":"https:\/\/api.w.org\/{rel}","templated":true}]}}