{"id":1048,"date":"2024-01-18T01:15:36","date_gmt":"2024-01-18T04:15:36","guid":{"rendered":"https:\/\/livrariamaveshop.com.br\/?post_type=product&#038;p=1048"},"modified":"2024-01-24T13:47:58","modified_gmt":"2024-01-24T16:47:58","slug":"conhecendo-o-pai","status":"publish","type":"product","link":"https:\/\/livrariamaveshop.com.br\/?product=conhecendo-o-pai","title":{"rendered":"Conhecendo o Pai"},"content":{"rendered":"<p dir=\"ltr\">\u201cConhecendo o Pai\u201d do autor David Emigh, \u00e9 uma obra que aborda assuntos espec\u00edficos acerca do nosso relacionamento com Deus. Pessoas que n\u00e3o est\u00e3o seguras no seu relacionamento com Deus, nunca s\u00e3o poderosas em ora\u00e7\u00e3o ou vitoriosas em qualquer \u00e1rea de sua vida crist\u00e3. Conhecer a Deus se torna essencial se somos verdadeiramente filhos dEle.<\/p>\n<p dir=\"ltr\">David Emigh, com seus testemunhos e experi\u00eancias de vida, nos passa, com a leitura do livro, essa seguran\u00e7a e confian\u00e7a em conhecermos a Deus e vivermos mediante ao conhecimento que temos do Pai. De certo que nunca atingiremos uma plenitude acerca de conhecermos de fato nosso Pai, por\u00e9m a leitura desse livro se torna uma rica oportunidade de que voc\u00ea esteja cada vez mais por dentro de quem \u00e9 o nosso pai. Este livro \u00e9 para voc\u00ea!<\/p>\n","protected":false},"excerpt":{"rendered":"<p>\u201cConhecendo o Pai\u201d do autor David Emigh, \u00e9 uma obra que aborda assuntos espec\u00edficos acerca do nosso relacionamento com Deus. Pessoas que n\u00e3o est\u00e3o seguras no seu relacionamento com Deus, nunca s\u00e3o poderosas em ora\u00e7\u00e3o ou vitoriosas em qualquer \u00e1rea de sua vida crist\u00e3. Conhecer a Deus se torna essencial se somos verdadeiramente filhos dEle. [&hellip;]<\/p>\n","protected":false},"featured_media":1049,"comment_status":"closed","ping_status":"closed","template":"","meta":{"_joinchat":[]},"pwb-brand":[77],"product_cat":[129],"product_tag":[],"class_list":{"0":"post-1048","1":"product","2":"type-product","3":"status-publish","4":"has-post-thumbnail","6":"pwb-brand-david-emigh","7":"product_cat-relacionamento-com-deus","8":"product_shipping_class-geral","10":"first","11":"instock","12":"taxable","13":"shipping-taxable","14":"purchasable","15":"product-type-simple"},"brands":[{"id":77,"name":"DAVID EMIGH","slug":"david-emigh"}],"_links":{"self":[{"href":"https:\/\/livrariamaveshop.com.br\/index.php?rest_route=\/wp\/v2\/product\/1048","targetHints":{"allow":["GET"]}}],"collection":[{"href":"https:\/\/livrariamaveshop.com.br\/index.php?rest_route=\/wp\/v2\/product"}],"about":[{"href":"https:\/\/livrariamaveshop.com.br\/index.php?rest_route=\/wp\/v2\/types\/product"}],"replies":[{"embeddable":true,"href":"https:\/\/livrariamaveshop.com.br\/index.php?rest_route=%2Fwp%2Fv2%2Fcomments&post=1048"}],"wp:featuredmedia":[{"embeddable":true,"href":"https:\/\/livrariamaveshop.com.br\/index.php?rest_route=\/wp\/v2\/media\/1049"}],"wp:attachment":[{"href":"https:\/\/livrariamaveshop.com.br\/index.php?rest_route=%2Fwp%2Fv2%2Fmedia&parent=1048"}],"wp:term":[{"taxonomy":"pwb-brand","embeddable":true,"href":"https:\/\/livrariamaveshop.com.br\/index.php?rest_route=%2Fwp%2Fv2%2Fpwb-brand&post=1048"},{"taxonomy":"product_cat","embeddable":true,"href":"https:\/\/livrariamaveshop.com.br\/index.php?rest_route=%2Fwp%2Fv2%2Fproduct_cat&post=1048"},{"taxonomy":"product_tag","embeddable":true,"href":"https:\/\/livrariamaveshop.com.br\/index.php?rest_route=%2Fwp%2Fv2%2Fproduct_tag&post=1048"}],"curies":[{"name":"wp","href":"https:\/\/api.w.org\/{rel}","templated":true}]}}