{"id":1037,"date":"2024-01-18T00:46:55","date_gmt":"2024-01-18T03:46:55","guid":{"rendered":"https:\/\/livrariamaveshop.com.br\/?post_type=product&#038;p=1037"},"modified":"2024-01-18T00:46:55","modified_gmt":"2024-01-18T03:46:55","slug":"bom-dia-espirito-santo","status":"publish","type":"product","link":"https:\/\/livrariamaveshop.com.br\/?product=bom-dia-espirito-santo","title":{"rendered":"Bom Dia, Esp\u00edrito Santo"},"content":{"rendered":"<p>Um cl\u00e1ssico sempre atual.<\/p>\n<p><b>Em\u00a0<\/b><b><i>Bom dia, Esp\u00edrito Santo,<\/i><\/b><b>\u00a0Benny Hinn, um dos maiores evangelistas do mundo, relata sua trajet\u00f3ria incomum rumo a sua\u00a0transforma\u00e7\u00e3o de vida por meio dos ensinamentos de Deus.\u00a0<\/b>A partir de um encontro surpreendente, o autor iniciou uma longa e peculiar amizade come\u00e7ou com o Esp\u00edrito Santo, amizade que tamb\u00e9m estreitou seus la\u00e7os com o Pai e o Filho.<\/p>\n<p>Neste livro, voc\u00ea vai descobrir:<\/p>\n<ul>\n<li>Como reconhecer a voz do Esp\u00edrito Santo e ter intimidade com Deus;<\/li>\n<li>Os sete passos para uma vida de ora\u00e7\u00e3o mais efetiva;<\/li>\n<li>A fonte e o prop\u00f3sito da un\u00e7\u00e3o de Deus;<\/li>\n<li>Como libertar-se do medo do &#8220;pecado imperdo\u00e1vel&#8221; e viver a transforma\u00e7\u00e3o que se origina do arrependimento;<\/li>\n<li>O grande plano de Deus para nossas vidas.<\/li>\n<\/ul>\n<p>&nbsp;<\/p>\n<p>Neste aut\u00eantico cl\u00e1ssico crist\u00e3o \u2015\u00a0<b>agora em nova edi\u00e7\u00e3o revisada<\/b>\u00a0\u2015, o autor redefine a forma como as pessoas se relacionam com o Esp\u00edrito Santo, o Consolador, que nos revela a verdade e abre nossos olhos e nossa mente para o poder de sua presen\u00e7a, essencial para uma vida espiritual plena e feliz, e para o relacionamento com Deus.<\/p>\n<p>&#8220;Convidei o Esp\u00edrito Santo para ser meu amigo. Para ser meu guia constante. Para que me pegasse pela m\u00e3o e me levasse &#8216;para a verdade completa&#8217;. O que ele vai revelar a voc\u00ea nas Escrituras far\u00e1 com que seu estudo da B\u00edblia ganhe vida.&#8221; \u2013 Benny Hinn<\/p>\n","protected":false},"excerpt":{"rendered":"<p>Um cl\u00e1ssico sempre atual. Em\u00a0Bom dia, Esp\u00edrito Santo,\u00a0Benny Hinn, um dos maiores evangelistas do mundo, relata sua trajet\u00f3ria incomum rumo a sua\u00a0transforma\u00e7\u00e3o de vida por meio dos ensinamentos de Deus.\u00a0A partir de um encontro surpreendente, o autor iniciou uma longa e peculiar amizade come\u00e7ou com o Esp\u00edrito Santo, amizade que tamb\u00e9m estreitou seus la\u00e7os com [&hellip;]<\/p>\n","protected":false},"featured_media":1038,"comment_status":"closed","ping_status":"closed","template":"","meta":{"_joinchat":[]},"pwb-brand":[84],"product_cat":[66],"product_tag":[],"class_list":{"0":"post-1037","1":"product","2":"type-product","3":"status-publish","4":"has-post-thumbnail","6":"pwb-brand-benny-hinn","7":"product_cat-espirito-santo","8":"product_shipping_class-geral","10":"first","11":"instock","12":"taxable","13":"shipping-taxable","14":"purchasable","15":"product-type-simple"},"brands":[{"id":84,"name":"BENNY HINN","slug":"benny-hinn"}],"_links":{"self":[{"href":"https:\/\/livrariamaveshop.com.br\/index.php?rest_route=\/wp\/v2\/product\/1037","targetHints":{"allow":["GET"]}}],"collection":[{"href":"https:\/\/livrariamaveshop.com.br\/index.php?rest_route=\/wp\/v2\/product"}],"about":[{"href":"https:\/\/livrariamaveshop.com.br\/index.php?rest_route=\/wp\/v2\/types\/product"}],"replies":[{"embeddable":true,"href":"https:\/\/livrariamaveshop.com.br\/index.php?rest_route=%2Fwp%2Fv2%2Fcomments&post=1037"}],"wp:featuredmedia":[{"embeddable":true,"href":"https:\/\/livrariamaveshop.com.br\/index.php?rest_route=\/wp\/v2\/media\/1038"}],"wp:attachment":[{"href":"https:\/\/livrariamaveshop.com.br\/index.php?rest_route=%2Fwp%2Fv2%2Fmedia&parent=1037"}],"wp:term":[{"taxonomy":"pwb-brand","embeddable":true,"href":"https:\/\/livrariamaveshop.com.br\/index.php?rest_route=%2Fwp%2Fv2%2Fpwb-brand&post=1037"},{"taxonomy":"product_cat","embeddable":true,"href":"https:\/\/livrariamaveshop.com.br\/index.php?rest_route=%2Fwp%2Fv2%2Fproduct_cat&post=1037"},{"taxonomy":"product_tag","embeddable":true,"href":"https:\/\/livrariamaveshop.com.br\/index.php?rest_route=%2Fwp%2Fv2%2Fproduct_tag&post=1037"}],"curies":[{"name":"wp","href":"https:\/\/api.w.org\/{rel}","templated":true}]}}