{"id":1035,"date":"2024-01-18T00:40:50","date_gmt":"2024-01-18T03:40:50","guid":{"rendered":"https:\/\/livrariamaveshop.com.br\/?post_type=product&#038;p=1035"},"modified":"2024-01-18T00:40:50","modified_gmt":"2024-01-18T03:40:50","slug":"bem-vindo-espirito-santo","status":"publish","type":"product","link":"https:\/\/livrariamaveshop.com.br\/?product=bem-vindo-espirito-santo","title":{"rendered":"Bem-vindo, Esp\u00edrito Santo"},"content":{"rendered":"<p>Neste livro, voc\u00ea vai descobrir:<\/p>\n<ul class=\"a-unordered-list a-vertical\">\n<li><span class=\"a-list-item\">Os nomes e t\u00edtulos do Esp\u00edrito Santo;<\/span><\/li>\n<li><span class=\"a-list-item\">A obra do Esp\u00edrito na vida de Jesus Cristo;<\/span><\/li>\n<li><span class=\"a-list-item\">A comunh\u00e3o transformadora com a Terceira Pessoa da Trindade;<\/span><\/li>\n<li><span class=\"a-list-item\">Como remover as barreiras para as b\u00ean\u00e7\u00e3os.<\/span><\/li>\n<\/ul>\n<p>Em\u00a0<span class=\"a-text-italic\">Bem-Vindo, Esp\u00edrito Santo<\/span>, a Terceira Pessoa da Trindade \u00e9 apresentada como o grande transformador da vida, cheio de poder para mudar a hist\u00f3ria do mundo \u2013 e a sua tamb\u00e9m! Aprenda a ser guiado pelo Esp\u00edrito e tenha uma vida transformada.<\/p>\n<p>&#8220;\u00c9 preciso ter paix\u00e3o pelo poder divino. Voc\u00ea precisa ter essa fome em seu cora\u00e7\u00e3o, uma fome que o fa\u00e7a continuar procurando at\u00e9 experimentar, em sua pr\u00f3pria vida, os milagres descritos pela B\u00edblia.&#8221; \u2013\u00a0<span class=\"a-text-bold\">Benny Hinn<\/span><\/p>\n","protected":false},"excerpt":{"rendered":"<p>Neste livro, voc\u00ea vai descobrir: Os nomes e t\u00edtulos do Esp\u00edrito Santo; A obra do Esp\u00edrito na vida de Jesus Cristo; A comunh\u00e3o transformadora com a Terceira Pessoa da Trindade; Como remover as barreiras para as b\u00ean\u00e7\u00e3os. Em\u00a0Bem-Vindo, Esp\u00edrito Santo, a Terceira Pessoa da Trindade \u00e9 apresentada como o grande transformador da vida, cheio de [&hellip;]<\/p>\n","protected":false},"featured_media":1036,"comment_status":"closed","ping_status":"closed","template":"","meta":{"_joinchat":[]},"pwb-brand":[84],"product_cat":[66],"product_tag":[],"class_list":{"0":"post-1035","1":"product","2":"type-product","3":"status-publish","4":"has-post-thumbnail","6":"pwb-brand-benny-hinn","7":"product_cat-espirito-santo","8":"product_shipping_class-geral","10":"first","11":"instock","12":"taxable","13":"shipping-taxable","14":"purchasable","15":"product-type-simple"},"brands":[{"id":84,"name":"BENNY HINN","slug":"benny-hinn"}],"_links":{"self":[{"href":"https:\/\/livrariamaveshop.com.br\/index.php?rest_route=\/wp\/v2\/product\/1035","targetHints":{"allow":["GET"]}}],"collection":[{"href":"https:\/\/livrariamaveshop.com.br\/index.php?rest_route=\/wp\/v2\/product"}],"about":[{"href":"https:\/\/livrariamaveshop.com.br\/index.php?rest_route=\/wp\/v2\/types\/product"}],"replies":[{"embeddable":true,"href":"https:\/\/livrariamaveshop.com.br\/index.php?rest_route=%2Fwp%2Fv2%2Fcomments&post=1035"}],"wp:featuredmedia":[{"embeddable":true,"href":"https:\/\/livrariamaveshop.com.br\/index.php?rest_route=\/wp\/v2\/media\/1036"}],"wp:attachment":[{"href":"https:\/\/livrariamaveshop.com.br\/index.php?rest_route=%2Fwp%2Fv2%2Fmedia&parent=1035"}],"wp:term":[{"taxonomy":"pwb-brand","embeddable":true,"href":"https:\/\/livrariamaveshop.com.br\/index.php?rest_route=%2Fwp%2Fv2%2Fpwb-brand&post=1035"},{"taxonomy":"product_cat","embeddable":true,"href":"https:\/\/livrariamaveshop.com.br\/index.php?rest_route=%2Fwp%2Fv2%2Fproduct_cat&post=1035"},{"taxonomy":"product_tag","embeddable":true,"href":"https:\/\/livrariamaveshop.com.br\/index.php?rest_route=%2Fwp%2Fv2%2Fproduct_tag&post=1035"}],"curies":[{"name":"wp","href":"https:\/\/api.w.org\/{rel}","templated":true}]}}