{"id":1032,"date":"2024-01-18T00:31:15","date_gmt":"2024-01-18T03:31:15","guid":{"rendered":"https:\/\/livrariamaveshop.com.br\/?post_type=product&#038;p=1032"},"modified":"2024-02-02T16:49:20","modified_gmt":"2024-02-02T19:49:20","slug":"batalha-espiritual-para-vencer-o-medo-e-ansiedade","status":"publish","type":"product","link":"https:\/\/livrariamaveshop.com.br\/?product=batalha-espiritual-para-vencer-o-medo-e-ansiedade","title":{"rendered":"Batalha Espiritual Para Vencer o Medo e Ansiedade"},"content":{"rendered":"<p>Apesar de evang\u00e9licos, estamos sujeitos aos males do mundo \u2013 incluindo o estresse, o medo e a ansiedade. Entretanto, esse n\u00e3o \u00e9 o plano elaborado por Deus para voc\u00ea. Ele te preparou para grandes coisas! E para que esses prop\u00f3sitos se realizem em sua vida, ele precisa libert\u00e1-lo de todos as correntes do inimigo.<\/p>\n<p>&nbsp;<\/p>\n<p><strong>Neste livro Batalha Espiritual para vencer o medo e a ansiedade, a Dra. Carol Peters-Tanksley<\/strong>\u00a0oferece instrumentos necess\u00e1rios para desfrutar da liberdade de Deus e viver uma vida repleta de paz que excede todo o entendimento.<\/p>\n<p>Neste livro, voc\u00ea aprender\u00e1 a:<\/p>\n<ul>\n<li style=\"list-style-type: none;\">\n<ul>\n<li>Determinar a fonte subjacente do seu medo e ansiedade;<\/li>\n<\/ul>\n<\/li>\n<\/ul>\n<ul>\n<li style=\"list-style-type: none;\">\n<ul>\n<li>Experimente uma melhora em seu bem-estar psicol\u00f3gico;<\/li>\n<\/ul>\n<\/li>\n<\/ul>\n<ul>\n<li>Empregue pr\u00e1ticas bem-sucedidas de batalha espiritual que ir\u00e3o quebrar o poder do inimigo sobre voc\u00ea.<\/li>\n<\/ul>\n","protected":false},"excerpt":{"rendered":"<p>Apesar de evang\u00e9licos, estamos sujeitos aos males do mundo \u2013 incluindo o estresse, o medo e a ansiedade. Entretanto, esse n\u00e3o \u00e9 o plano elaborado por Deus para voc\u00ea. Ele te preparou para grandes coisas! E para que esses prop\u00f3sitos se realizem em sua vida, ele precisa libert\u00e1-lo de todos as correntes do inimigo. &nbsp; [&hellip;]<\/p>\n","protected":false},"featured_media":1637,"comment_status":"closed","ping_status":"closed","template":"","meta":{"_joinchat":[]},"pwb-brand":[83],"product_cat":[72],"product_tag":[],"class_list":{"0":"post-1032","1":"product","2":"type-product","3":"status-publish","4":"has-post-thumbnail","6":"pwb-brand-dra-carol-peters-tanksley","7":"product_cat-guerra-espiritual","8":"product_shipping_class-geral","10":"first","11":"instock","12":"taxable","13":"shipping-taxable","14":"purchasable","15":"product-type-simple"},"brands":[{"id":83,"name":"DRA CAROL PETERS TANKSLEY","slug":"dra-carol-peters-tanksley"}],"_links":{"self":[{"href":"https:\/\/livrariamaveshop.com.br\/index.php?rest_route=\/wp\/v2\/product\/1032","targetHints":{"allow":["GET"]}}],"collection":[{"href":"https:\/\/livrariamaveshop.com.br\/index.php?rest_route=\/wp\/v2\/product"}],"about":[{"href":"https:\/\/livrariamaveshop.com.br\/index.php?rest_route=\/wp\/v2\/types\/product"}],"replies":[{"embeddable":true,"href":"https:\/\/livrariamaveshop.com.br\/index.php?rest_route=%2Fwp%2Fv2%2Fcomments&post=1032"}],"wp:featuredmedia":[{"embeddable":true,"href":"https:\/\/livrariamaveshop.com.br\/index.php?rest_route=\/wp\/v2\/media\/1637"}],"wp:attachment":[{"href":"https:\/\/livrariamaveshop.com.br\/index.php?rest_route=%2Fwp%2Fv2%2Fmedia&parent=1032"}],"wp:term":[{"taxonomy":"pwb-brand","embeddable":true,"href":"https:\/\/livrariamaveshop.com.br\/index.php?rest_route=%2Fwp%2Fv2%2Fpwb-brand&post=1032"},{"taxonomy":"product_cat","embeddable":true,"href":"https:\/\/livrariamaveshop.com.br\/index.php?rest_route=%2Fwp%2Fv2%2Fproduct_cat&post=1032"},{"taxonomy":"product_tag","embeddable":true,"href":"https:\/\/livrariamaveshop.com.br\/index.php?rest_route=%2Fwp%2Fv2%2Fproduct_tag&post=1032"}],"curies":[{"name":"wp","href":"https:\/\/api.w.org\/{rel}","templated":true}]}}