{"id":1027,"date":"2024-01-18T00:19:51","date_gmt":"2024-01-18T03:19:51","guid":{"rendered":"https:\/\/livrariamaveshop.com.br\/?post_type=product&#038;p=1027"},"modified":"2024-01-19T21:51:47","modified_gmt":"2024-01-20T00:51:47","slug":"avivamento-para-as-nacoes","status":"publish","type":"product","link":"https:\/\/livrariamaveshop.com.br\/?product=avivamento-para-as-nacoes","title":{"rendered":"Avivamento Para as Na\u00e7\u00f5es"},"content":{"rendered":"<p>Todos n\u00f3s aguardamos ansiosamente pelo avivamento prometido nas escrituras concordam? Entretanto, o que muitos aguardam \u00e9 um som festivo, convers\u00f5es em massa e um derramar do Esp\u00edrito Santo nunca antes experimentado. Mas este mover est\u00e1 diretamente atrelado a um processo que se antecipa a este padr\u00e3o que todos buscamos. Primeiramente vir\u00e1 o som do pranto, de arrependimento genu\u00edno, confiss\u00e3o de pecados, santidade radical, amor incondicional e ren\u00fancia absoluta. O avivamento que alcan\u00e7ar\u00e1 as na\u00e7\u00f5es se manifestar\u00e1 primeiramente em nossas pr\u00f3prias estruturas atrav\u00e9s de uma revela\u00e7\u00e3o confrontadora a partir da palavra de Deus que posicionar\u00e1 os cora\u00e7\u00f5es muito al\u00e9m de sentimentos emotivos, estabelecendo novos n\u00edveis verdadeiramente espirituais fundamentados no amor. O pr\u00f3prio Deus nos instruir\u00e1 em um novo modo de vida estabelecido atrav\u00e9s do modelo de Cristo Jesus, conectados com a realidade dos c\u00e9us em nossos dias discernindo os movimentos em todos os processos a nossa volta. Neste avivamento, afiar as espadas precisa ser um ato de prepara\u00e7\u00e3o muito al\u00e9m do \u201cculto de domingo\u201d que se faz pouco para tudo o que o Senhor est\u00e1 realizando em toda a terra. Para aquilo que est\u00e1 na agenda do c\u00e9u, movimentos precisos, maduros e intencionais s\u00e3o necess\u00e1rios para que a gl\u00f3ria do Senhor alcance todos os povos l\u00ednguas e na\u00e7\u00f5es com o toque do evangelho genu\u00edno.<\/p>\n","protected":false},"excerpt":{"rendered":"<p>Todos n\u00f3s aguardamos ansiosamente pelo avivamento prometido nas escrituras concordam? Entretanto, o que muitos aguardam \u00e9 um som festivo, convers\u00f5es em massa e um derramar do Esp\u00edrito Santo nunca antes experimentado. Mas este mover est\u00e1 diretamente atrelado a um processo que se antecipa a este padr\u00e3o que todos buscamos. Primeiramente vir\u00e1 o som do pranto, [&hellip;]<\/p>\n","protected":false},"featured_media":1028,"comment_status":"closed","ping_status":"closed","template":"","meta":{"_joinchat":[]},"pwb-brand":[81],"product_cat":[82,21],"product_tag":[],"class_list":{"0":"post-1027","1":"product","2":"type-product","3":"status-publish","4":"has-post-thumbnail","6":"pwb-brand-luiz-herminio","7":"product_cat-avivamento","8":"product_cat-lancamentos","9":"product_shipping_class-geral","11":"first","12":"instock","13":"taxable","14":"shipping-taxable","15":"purchasable","16":"product-type-simple"},"brands":[{"id":81,"name":"LUIZ HERMINIO","slug":"luiz-herminio"}],"_links":{"self":[{"href":"https:\/\/livrariamaveshop.com.br\/index.php?rest_route=\/wp\/v2\/product\/1027","targetHints":{"allow":["GET"]}}],"collection":[{"href":"https:\/\/livrariamaveshop.com.br\/index.php?rest_route=\/wp\/v2\/product"}],"about":[{"href":"https:\/\/livrariamaveshop.com.br\/index.php?rest_route=\/wp\/v2\/types\/product"}],"replies":[{"embeddable":true,"href":"https:\/\/livrariamaveshop.com.br\/index.php?rest_route=%2Fwp%2Fv2%2Fcomments&post=1027"}],"wp:featuredmedia":[{"embeddable":true,"href":"https:\/\/livrariamaveshop.com.br\/index.php?rest_route=\/wp\/v2\/media\/1028"}],"wp:attachment":[{"href":"https:\/\/livrariamaveshop.com.br\/index.php?rest_route=%2Fwp%2Fv2%2Fmedia&parent=1027"}],"wp:term":[{"taxonomy":"pwb-brand","embeddable":true,"href":"https:\/\/livrariamaveshop.com.br\/index.php?rest_route=%2Fwp%2Fv2%2Fpwb-brand&post=1027"},{"taxonomy":"product_cat","embeddable":true,"href":"https:\/\/livrariamaveshop.com.br\/index.php?rest_route=%2Fwp%2Fv2%2Fproduct_cat&post=1027"},{"taxonomy":"product_tag","embeddable":true,"href":"https:\/\/livrariamaveshop.com.br\/index.php?rest_route=%2Fwp%2Fv2%2Fproduct_tag&post=1027"}],"curies":[{"name":"wp","href":"https:\/\/api.w.org\/{rel}","templated":true}]}}