{"id":95,"date":"2024-01-02T09:31:07","date_gmt":"2024-01-02T12:31:07","guid":{"rendered":"http:\/\/localhost\/maveshop\/?page_id=95"},"modified":"2024-01-20T17:27:24","modified_gmt":"2024-01-20T20:27:24","slug":"quem-somos","status":"publish","type":"page","link":"https:\/\/livrariamaveshop.com.br\/?page_id=95","title":{"rendered":"Quem somos"},"content":{"rendered":"\t\t<div data-elementor-type=\"wp-page\" data-elementor-id=\"95\" class=\"elementor elementor-95\">\n\t\t\t\t<div class=\"elementor-element elementor-element-1403714 e-flex e-con-boxed wpr-particle-no wpr-jarallax-no wpr-parallax-no wpr-sticky-section-no e-con e-parent\" data-id=\"1403714\" data-element_type=\"container\" data-settings=\"{&quot;animation&quot;:&quot;none&quot;}\" data-core-v316-plus=\"true\">\n\t\t\t\t\t<div class=\"e-con-inner\">\n\t\t<div class=\"elementor-element elementor-element-1fe615a e-con-full e-flex wpr-particle-no wpr-jarallax-no wpr-parallax-no wpr-sticky-section-no e-con e-child\" data-id=\"1fe615a\" data-element_type=\"container\">\n\t\t\t\t<div class=\"elementor-element elementor-element-d1d72cb elementor-invisible elementor-widget elementor-widget-text-editor\" data-id=\"d1d72cb\" data-element_type=\"widget\" data-settings=\"{&quot;_animation&quot;:&quot;slideInDown&quot;}\" data-widget_type=\"text-editor.default\">\n\t\t\t\t<div class=\"elementor-widget-container\">\n\t\t\t<style>\/*! elementor - v3.20.0 - 26-03-2024 *\/\n.elementor-widget-text-editor.elementor-drop-cap-view-stacked .elementor-drop-cap{background-color:#69727d;color:#fff}.elementor-widget-text-editor.elementor-drop-cap-view-framed .elementor-drop-cap{color:#69727d;border:3px solid;background-color:transparent}.elementor-widget-text-editor:not(.elementor-drop-cap-view-default) .elementor-drop-cap{margin-top:8px}.elementor-widget-text-editor:not(.elementor-drop-cap-view-default) .elementor-drop-cap-letter{width:1em;height:1em}.elementor-widget-text-editor .elementor-drop-cap{float:left;text-align:center;line-height:1;font-size:50px}.elementor-widget-text-editor .elementor-drop-cap-letter{display:inline-block}<\/style>\t\t\t\t<p>Somos a maior livraria evang\u00e9lica online do Brasil, contendo a maior diversidade de autores com obras reconhecidas em meio ao povo de Deus, com fruto de vida, minist\u00e9rio e ensino para o Corpo de Cristo.<\/p><p><br>Aqui voc\u00ea encontra o livro certo para o momento certo que voc\u00ea est\u00e1 encontrando edifica\u00e7\u00e3o para sua F\u00e9 e crescimento para sua caminhada com Deus.<\/p><p><br>Al\u00e9m de livros, aqui voc\u00ea encontrar\u00e1 de forma simples e pratica diversas B\u00edblias e materiais evang\u00e9licos que chegar\u00e3o em sua resid\u00eancia, comprando de forma online, com todo suporte e envio de forma segura.<\/p><p><br>Em caso, de voc\u00ea ser pastor e querer implantar uma livraria na sua Igreja, a MAVESHOP pode lhe ajudar nesse sonho, atrav\u00e9s de pre\u00e7os promocionais para parceiros, voc\u00ea pode montar sua pr\u00f3pria livraria e assim levar a riqueza da Palavra de Deus a todos os seus&nbsp;disc\u00edpulos.<\/p>\t\t\t\t\t\t<\/div>\n\t\t\t\t<\/div>\n\t\t\t\t<\/div>\n\t\t<div class=\"elementor-element elementor-element-1549484 e-con-full e-flex wpr-particle-no wpr-jarallax-no wpr-parallax-no wpr-sticky-section-no e-con e-child\" data-id=\"1549484\" data-element_type=\"container\">\n\t\t<div class=\"elementor-element elementor-element-cadc5cb e-flex e-con-boxed wpr-particle-no wpr-jarallax-no wpr-parallax-no wpr-sticky-section-no e-con e-child\" data-id=\"cadc5cb\" data-element_type=\"container\" data-settings=\"{&quot;background_background&quot;:&quot;classic&quot;}\">\n\t\t\t\t\t<div class=\"e-con-inner\">\n\t\t\t\t<div class=\"elementor-element elementor-element-9b9db90 elementor-invisible elementor-widget elementor-widget-image\" data-id=\"9b9db90\" data-element_type=\"widget\" data-settings=\"{&quot;_animation&quot;:&quot;fadeIn&quot;,&quot;_animation_delay&quot;:2}\" data-widget_type=\"image.default\">\n\t\t\t\t<div class=\"elementor-widget-container\">\n\t\t\t<style>\/*! elementor - v3.20.0 - 26-03-2024 *\/\n.elementor-widget-image{text-align:center}.elementor-widget-image a{display:inline-block}.elementor-widget-image a img[src$=\".svg\"]{width:48px}.elementor-widget-image img{vertical-align:middle;display:inline-block}<\/style>\t\t\t\t\t\t\t\t\t\t\t<a href=\"https:\/\/livrariamaveshop.com.br\/wp-content\/uploads\/2024\/01\/Imagem-do-WhatsApp-de-2024-01-20-as-17.02.05_6f665a8f.jpg\" data-elementor-open-lightbox=\"yes\" data-elementor-lightbox-title=\"Imagem do WhatsApp de 2024-01-20 \u00e0(s) 17.02.05_6f665a8f\" data-e-action-hash=\"#elementor-action%3Aaction%3Dlightbox%26settings%3DeyJpZCI6MTQyMiwidXJsIjoiaHR0cHM6XC9cL2xpdnJhcmlhbWF2ZXNob3AuY29tLmJyXC93cC1jb250ZW50XC91cGxvYWRzXC8yMDI0XC8wMVwvSW1hZ2VtLWRvLVdoYXRzQXBwLWRlLTIwMjQtMDEtMjAtYXMtMTcuMDIuMDVfNmY2NjVhOGYuanBnIn0%3D\">\n\t\t\t\t\t\t\t<img decoding=\"async\" src=\"https:\/\/livrariamaveshop.com.br\/wp-content\/uploads\/elementor\/thumbs\/Imagem-do-WhatsApp-de-2024-01-20-as-17.02.05_6f665a8f-qilr8c7gmrbfi6ahkr57rhy3ivkv4grzmojl9v354o.jpg\" title=\"Imagem do WhatsApp de 2024-01-20 \u00e0(s) 17.02.05_6f665a8f\" alt=\"Imagem do WhatsApp de 2024-01-20 \u00e0(s) 17.02.05_6f665a8f\" loading=\"lazy\" \/>\t\t\t\t\t\t\t\t<\/a>\n\t\t\t\t\t\t\t\t\t\t\t\t\t<\/div>\n\t\t\t\t<\/div>\n\t\t\t\t\t<\/div>\n\t\t\t\t<\/div>\n\t\t<div class=\"elementor-element elementor-element-0b1ba1a e-flex e-con-boxed wpr-particle-no wpr-jarallax-no wpr-parallax-no wpr-sticky-section-no e-con e-child\" data-id=\"0b1ba1a\" data-element_type=\"container\" data-settings=\"{&quot;background_background&quot;:&quot;classic&quot;}\">\n\t\t\t\t\t<div class=\"e-con-inner\">\n\t\t\t\t<div class=\"elementor-element elementor-element-3b3977d elementor-invisible elementor-widget elementor-widget-image\" data-id=\"3b3977d\" data-element_type=\"widget\" data-settings=\"{&quot;_animation&quot;:&quot;fadeIn&quot;,&quot;_animation_delay&quot;:3}\" data-widget_type=\"image.default\">\n\t\t\t\t<div class=\"elementor-widget-container\">\n\t\t\t\t\t\t\t\t\t\t\t\t\t\t<a href=\"https:\/\/livrariamaveshop.com.br\/wp-content\/uploads\/2024\/01\/Imagem-do-WhatsApp-de-2024-01-20-as-17.02.10_b816f2d4.jpg\" data-elementor-open-lightbox=\"yes\" data-elementor-lightbox-title=\"Imagem do WhatsApp de 2024-01-20 \u00e0(s) 17.02.10_b816f2d4\" data-e-action-hash=\"#elementor-action%3Aaction%3Dlightbox%26settings%3DeyJpZCI6MTQyMywidXJsIjoiaHR0cHM6XC9cL2xpdnJhcmlhbWF2ZXNob3AuY29tLmJyXC93cC1jb250ZW50XC91cGxvYWRzXC8yMDI0XC8wMVwvSW1hZ2VtLWRvLVdoYXRzQXBwLWRlLTIwMjQtMDEtMjAtYXMtMTcuMDIuMTBfYjgxNmYyZDQuanBnIn0%3D\">\n\t\t\t\t\t\t\t<img decoding=\"async\" src=\"https:\/\/livrariamaveshop.com.br\/wp-content\/uploads\/elementor\/thumbs\/Imagem-do-WhatsApp-de-2024-01-20-as-17.02.10_b816f2d4-qilr9dt084qwekrvh7eaj8gjaafjocx93un0gxje7s.jpg\" title=\"Imagem do WhatsApp de 2024-01-20 \u00e0(s) 17.02.10_b816f2d4\" alt=\"Imagem do WhatsApp de 2024-01-20 \u00e0(s) 17.02.10_b816f2d4\" loading=\"lazy\" \/>\t\t\t\t\t\t\t\t<\/a>\n\t\t\t\t\t\t\t\t\t\t\t\t\t<\/div>\n\t\t\t\t<\/div>\n\t\t\t\t\t<\/div>\n\t\t\t\t<\/div>\n\t\t\t\t<\/div>\n\t\t\t\t\t<\/div>\n\t\t\t\t<\/div>\n\t\t<div class=\"elementor-element elementor-element-95fd8f5 e-flex e-con-boxed wpr-particle-no wpr-jarallax-no wpr-parallax-no wpr-sticky-section-no e-con e-parent\" data-id=\"95fd8f5\" data-element_type=\"container\" data-core-v316-plus=\"true\">\n\t\t\t\t\t<div class=\"e-con-inner\">\n\t\t\t\t<div class=\"elementor-element elementor-element-e095634 elementor-widget elementor-widget-spacer\" data-id=\"e095634\" data-element_type=\"widget\" data-widget_type=\"spacer.default\">\n\t\t\t\t<div class=\"elementor-widget-container\">\n\t\t\t<style>\/*! elementor - v3.20.0 - 26-03-2024 *\/\n.elementor-column .elementor-spacer-inner{height:var(--spacer-size)}.e-con{--container-widget-width:100%}.e-con-inner>.elementor-widget-spacer,.e-con>.elementor-widget-spacer{width:var(--container-widget-width,var(--spacer-size));--align-self:var(--container-widget-align-self,initial);--flex-shrink:0}.e-con-inner>.elementor-widget-spacer>.elementor-widget-container,.e-con>.elementor-widget-spacer>.elementor-widget-container{height:100%;width:100%}.e-con-inner>.elementor-widget-spacer>.elementor-widget-container>.elementor-spacer,.e-con>.elementor-widget-spacer>.elementor-widget-container>.elementor-spacer{height:100%}.e-con-inner>.elementor-widget-spacer>.elementor-widget-container>.elementor-spacer>.elementor-spacer-inner,.e-con>.elementor-widget-spacer>.elementor-widget-container>.elementor-spacer>.elementor-spacer-inner{height:var(--container-widget-height,var(--spacer-size))}.e-con-inner>.elementor-widget-spacer.elementor-widget-empty,.e-con>.elementor-widget-spacer.elementor-widget-empty{position:relative;min-height:22px;min-width:22px}.e-con-inner>.elementor-widget-spacer.elementor-widget-empty .elementor-widget-empty-icon,.e-con>.elementor-widget-spacer.elementor-widget-empty .elementor-widget-empty-icon{position:absolute;top:0;bottom:0;left:0;right:0;margin:auto;padding:0;width:22px;height:22px}<\/style>\t\t<div class=\"elementor-spacer\">\n\t\t\t<div class=\"elementor-spacer-inner\"><\/div>\n\t\t<\/div>\n\t\t\t\t<\/div>\n\t\t\t\t<\/div>\n\t\t\t\t\t<\/div>\n\t\t\t\t<\/div>\n\t\t\t\t<\/div>\n\t\t","protected":false},"excerpt":{"rendered":"<p>Somos a maior livraria evang\u00e9lica online do Brasil, contendo a maior diversidade de autores com obras reconhecidas em meio ao povo de Deus, com fruto de vida, minist\u00e9rio e ensino para o Corpo de Cristo. Aqui voc\u00ea encontra o livro certo para o momento certo que voc\u00ea est\u00e1 encontrando edifica\u00e7\u00e3o para sua F\u00e9 e crescimento [&hellip;]<\/p>\n","protected":false},"author":1,"featured_media":0,"parent":0,"menu_order":0,"comment_status":"closed","ping_status":"closed","template":"","meta":{"_joinchat":[],"footnotes":""},"class_list":["post-95","page","type-page","status-publish","hentry"],"_links":{"self":[{"href":"https:\/\/livrariamaveshop.com.br\/index.php?rest_route=\/wp\/v2\/pages\/95","targetHints":{"allow":["GET"]}}],"collection":[{"href":"https:\/\/livrariamaveshop.com.br\/index.php?rest_route=\/wp\/v2\/pages"}],"about":[{"href":"https:\/\/livrariamaveshop.com.br\/index.php?rest_route=\/wp\/v2\/types\/page"}],"author":[{"embeddable":true,"href":"https:\/\/livrariamaveshop.com.br\/index.php?rest_route=\/wp\/v2\/users\/1"}],"replies":[{"embeddable":true,"href":"https:\/\/livrariamaveshop.com.br\/index.php?rest_route=%2Fwp%2Fv2%2Fcomments&post=95"}],"version-history":[{"count":37,"href":"https:\/\/livrariamaveshop.com.br\/index.php?rest_route=\/wp\/v2\/pages\/95\/revisions"}],"predecessor-version":[{"id":1459,"href":"https:\/\/livrariamaveshop.com.br\/index.php?rest_route=\/wp\/v2\/pages\/95\/revisions\/1459"}],"wp:attachment":[{"href":"https:\/\/livrariamaveshop.com.br\/index.php?rest_route=%2Fwp%2Fv2%2Fmedia&parent=95"}],"curies":[{"name":"wp","href":"https:\/\/api.w.org\/{rel}","templated":true}]}}