{"id":461,"date":"2024-01-04T15:41:35","date_gmt":"2024-01-04T18:41:35","guid":{"rendered":"https:\/\/livrariamaveshop.com.br\/?page_id=461"},"modified":"2024-01-18T17:49:06","modified_gmt":"2024-01-18T20:49:06","slug":"livros-por-categorias","status":"publish","type":"page","link":"https:\/\/livrariamaveshop.com.br\/?page_id=461","title":{"rendered":"Livros por categorias"},"content":{"rendered":"\t\t<div data-elementor-type=\"wp-page\" data-elementor-id=\"461\" class=\"elementor elementor-461\">\n\t\t\t\t<div class=\"elementor-element elementor-element-c886fdf e-flex e-con-boxed wpr-particle-no wpr-jarallax-no wpr-parallax-no wpr-sticky-section-no e-con e-parent\" data-id=\"c886fdf\" data-element_type=\"container\" data-core-v316-plus=\"true\">\n\t\t\t\t\t<div class=\"e-con-inner\">\n\t\t\t\t<div class=\"elementor-element elementor-element-1d4aa5d elementor-widget elementor-widget-jet-woo-widgets-categories\" data-id=\"1d4aa5d\" data-element_type=\"widget\" data-widget_type=\"jet-woo-widgets-categories.default\">\n\t\t\t\t<div class=\"elementor-widget-container\">\n\t\t\t<div class=\"elementor-jet-woo-widgets-categories jet-woo-widgets\">\r\n<div class=\"jet-woo-categories jet-woo-categories--preset-1 col-row \">\r\n<div class=\"jet-woo-categories__item\">\r\n\t<div class=\"jet-woo-categories__inner-box\">\r\n\t\t\r\n<div class=\"jet-woo-categories-thumbnail__wrap\"><div class=\"jet-woo-category-thumbnail\">\r\n\t<a href=\"https:\/\/livrariamaveshop.com.br\/?product_cat=adoracao\" rel=\"bookmark\"><img decoding=\"async\" width=\"150\" height=\"150\" src=\"https:\/\/livrariamaveshop.com.br\/wp-content\/uploads\/2024\/01\/adoracao-150x150.jpeg\" class=\"attachment-thumbnail size-thumbnail\" alt=\"\" \/><\/a>\r\n\t<div class=\"jet-woo-category-img-overlay\"><\/div>\r\n\t<div class=\"jet-woo-category-img-overlay__hover\"><\/div>\r\n<\/div>\r\n\t<div class=\"jet-woo-category-count__wrap\"><\/div>\r\n<\/div>\r\n<div class=\"jet-woo-categories-content\">\r\n<div class=\"jet-woo-category-title\">\r\n\t<a href=\"https:\/\/livrariamaveshop.com.br\/?product_cat=adoracao\" class=\"jet-woo-category-title__link\">Adora\u00e7\u00e3o<\/a>\r\n<\/div>\r\n<\/div>\t<\/div>\r\n<\/div><div class=\"jet-woo-categories__item\">\r\n\t<div class=\"jet-woo-categories__inner-box\">\r\n\t\t\r\n<div class=\"jet-woo-categories-thumbnail__wrap\"><div class=\"jet-woo-category-thumbnail\">\r\n\t<a href=\"https:\/\/livrariamaveshop.com.br\/?product_cat=alegria\" rel=\"bookmark\"><img decoding=\"async\" width=\"150\" height=\"150\" src=\"https:\/\/livrariamaveshop.com.br\/wp-content\/uploads\/2024\/01\/alegria-150x150.webp\" class=\"attachment-thumbnail size-thumbnail\" alt=\"\" \/><\/a>\r\n\t<div class=\"jet-woo-category-img-overlay\"><\/div>\r\n\t<div class=\"jet-woo-category-img-overlay__hover\"><\/div>\r\n<\/div>\r\n\t<div class=\"jet-woo-category-count__wrap\"><\/div>\r\n<\/div>\r\n<div class=\"jet-woo-categories-content\">\r\n<div class=\"jet-woo-category-title\">\r\n\t<a href=\"https:\/\/livrariamaveshop.com.br\/?product_cat=alegria\" class=\"jet-woo-category-title__link\">Alegria<\/a>\r\n<\/div>\r\n<\/div>\t<\/div>\r\n<\/div><div class=\"jet-woo-categories__item\">\r\n\t<div class=\"jet-woo-categories__inner-box\">\r\n\t\t\r\n<div class=\"jet-woo-categories-thumbnail__wrap\"><div class=\"jet-woo-category-thumbnail\">\r\n\t<a href=\"https:\/\/livrariamaveshop.com.br\/?product_cat=avivamento\" rel=\"bookmark\"><img decoding=\"async\" width=\"150\" height=\"150\" src=\"https:\/\/livrariamaveshop.com.br\/wp-content\/uploads\/2024\/01\/avivamento-150x150.png\" class=\"attachment-thumbnail size-thumbnail\" alt=\"\" \/><\/a>\r\n\t<div class=\"jet-woo-category-img-overlay\"><\/div>\r\n\t<div class=\"jet-woo-category-img-overlay__hover\"><\/div>\r\n<\/div>\r\n\t<div class=\"jet-woo-category-count__wrap\"><\/div>\r\n<\/div>\r\n<div class=\"jet-woo-categories-content\">\r\n<div class=\"jet-woo-category-title\">\r\n\t<a href=\"https:\/\/livrariamaveshop.com.br\/?product_cat=avivamento\" class=\"jet-woo-category-title__link\">Avivamento<\/a>\r\n<\/div>\r\n<\/div>\t<\/div>\r\n<\/div><div class=\"jet-woo-categories__item\">\r\n\t<div class=\"jet-woo-categories__inner-box\">\r\n\t\t\r\n<div class=\"jet-woo-categories-thumbnail__wrap\"><div class=\"jet-woo-category-thumbnail\">\r\n\t<a href=\"https:\/\/livrariamaveshop.com.br\/?product_cat=biblias\" rel=\"bookmark\"><img loading=\"lazy\" decoding=\"async\" width=\"150\" height=\"150\" src=\"https:\/\/livrariamaveshop.com.br\/wp-content\/uploads\/2024\/01\/biblia--150x150.webp\" class=\"attachment-thumbnail size-thumbnail\" alt=\"\" \/><\/a>\r\n\t<div class=\"jet-woo-category-img-overlay\"><\/div>\r\n\t<div class=\"jet-woo-category-img-overlay__hover\"><\/div>\r\n<\/div>\r\n\t<div class=\"jet-woo-category-count__wrap\"><\/div>\r\n<\/div>\r\n<div class=\"jet-woo-categories-content\">\r\n<div class=\"jet-woo-category-title\">\r\n\t<a href=\"https:\/\/livrariamaveshop.com.br\/?product_cat=biblias\" class=\"jet-woo-category-title__link\">B\u00edblias<\/a>\r\n<\/div>\r\n<\/div>\t<\/div>\r\n<\/div><div class=\"jet-woo-categories__item\">\r\n\t<div class=\"jet-woo-categories__inner-box\">\r\n\t\t\r\n<div class=\"jet-woo-categories-thumbnail__wrap\"><div class=\"jet-woo-category-thumbnail\">\r\n\t<a href=\"https:\/\/livrariamaveshop.com.br\/?product_cat=casamento\" rel=\"bookmark\"><img loading=\"lazy\" decoding=\"async\" width=\"150\" height=\"150\" src=\"https:\/\/livrariamaveshop.com.br\/wp-content\/uploads\/2024\/01\/casamento-150x150.webp\" class=\"attachment-thumbnail size-thumbnail\" alt=\"\" \/><\/a>\r\n\t<div class=\"jet-woo-category-img-overlay\"><\/div>\r\n\t<div class=\"jet-woo-category-img-overlay__hover\"><\/div>\r\n<\/div>\r\n\t<div class=\"jet-woo-category-count__wrap\"><\/div>\r\n<\/div>\r\n<div class=\"jet-woo-categories-content\">\r\n<div class=\"jet-woo-category-title\">\r\n\t<a href=\"https:\/\/livrariamaveshop.com.br\/?product_cat=casamento\" class=\"jet-woo-category-title__link\">Casamento<\/a>\r\n<\/div>\r\n<\/div>\t<\/div>\r\n<\/div><div class=\"jet-woo-categories__item\">\r\n\t<div class=\"jet-woo-categories__inner-box\">\r\n\t\t\r\n<div class=\"jet-woo-categories-thumbnail__wrap\"><div class=\"jet-woo-category-thumbnail\">\r\n\t<a href=\"https:\/\/livrariamaveshop.com.br\/?product_cat=ceu\" rel=\"bookmark\"><img loading=\"lazy\" decoding=\"async\" width=\"150\" height=\"150\" src=\"https:\/\/livrariamaveshop.com.br\/wp-content\/uploads\/2024\/01\/ceu-150x150.webp\" class=\"attachment-thumbnail size-thumbnail\" alt=\"\" \/><\/a>\r\n\t<div class=\"jet-woo-category-img-overlay\"><\/div>\r\n\t<div class=\"jet-woo-category-img-overlay__hover\"><\/div>\r\n<\/div>\r\n\t<div class=\"jet-woo-category-count__wrap\"><\/div>\r\n<\/div>\r\n<div class=\"jet-woo-categories-content\">\r\n<div class=\"jet-woo-category-title\">\r\n\t<a href=\"https:\/\/livrariamaveshop.com.br\/?product_cat=ceu\" class=\"jet-woo-category-title__link\">C\u00e9u<\/a>\r\n<\/div>\r\n<\/div>\t<\/div>\r\n<\/div><div class=\"jet-woo-categories__item\">\r\n\t<div class=\"jet-woo-categories__inner-box\">\r\n\t\t\r\n<div class=\"jet-woo-categories-thumbnail__wrap\"><div class=\"jet-woo-category-thumbnail\">\r\n\t<a href=\"https:\/\/livrariamaveshop.com.br\/?product_cat=combos-promocionais\" rel=\"bookmark\"><img loading=\"lazy\" decoding=\"async\" width=\"150\" height=\"150\" src=\"https:\/\/livrariamaveshop.com.br\/wp-content\/uploads\/2024\/02\/MAVE-COMBO-SITE-2-150x150.png\" class=\"attachment-thumbnail size-thumbnail\" alt=\"\" \/><\/a>\r\n\t<div class=\"jet-woo-category-img-overlay\"><\/div>\r\n\t<div class=\"jet-woo-category-img-overlay__hover\"><\/div>\r\n<\/div>\r\n\t<div class=\"jet-woo-category-count__wrap\"><\/div>\r\n<\/div>\r\n<div class=\"jet-woo-categories-content\">\r\n<div class=\"jet-woo-category-title\">\r\n\t<a href=\"https:\/\/livrariamaveshop.com.br\/?product_cat=combos-promocionais\" class=\"jet-woo-category-title__link\">Combos Promocionais<\/a>\r\n<\/div>\r\n<\/div>\t<\/div>\r\n<\/div><div class=\"jet-woo-categories__item\">\r\n\t<div class=\"jet-woo-categories__inner-box\">\r\n\t\t\r\n<div class=\"jet-woo-categories-thumbnail__wrap\"><div class=\"jet-woo-category-thumbnail\">\r\n\t<a href=\"https:\/\/livrariamaveshop.com.br\/?product_cat=cura\" rel=\"bookmark\"><img loading=\"lazy\" decoding=\"async\" width=\"150\" height=\"150\" src=\"https:\/\/livrariamaveshop.com.br\/wp-content\/uploads\/2024\/01\/cura-150x150.jpg\" class=\"attachment-thumbnail size-thumbnail\" alt=\"\" \/><\/a>\r\n\t<div class=\"jet-woo-category-img-overlay\"><\/div>\r\n\t<div class=\"jet-woo-category-img-overlay__hover\"><\/div>\r\n<\/div>\r\n\t<div class=\"jet-woo-category-count__wrap\"><\/div>\r\n<\/div>\r\n<div class=\"jet-woo-categories-content\">\r\n<div class=\"jet-woo-category-title\">\r\n\t<a href=\"https:\/\/livrariamaveshop.com.br\/?product_cat=cura\" class=\"jet-woo-category-title__link\">Cura<\/a>\r\n<\/div>\r\n<\/div>\t<\/div>\r\n<\/div><div class=\"jet-woo-categories__item\">\r\n\t<div class=\"jet-woo-categories__inner-box\">\r\n\t\t\r\n<div class=\"jet-woo-categories-thumbnail__wrap\"><div class=\"jet-woo-category-thumbnail\">\r\n\t<a href=\"https:\/\/livrariamaveshop.com.br\/?product_cat=devocionais\" rel=\"bookmark\"><img loading=\"lazy\" decoding=\"async\" width=\"150\" height=\"150\" src=\"https:\/\/livrariamaveshop.com.br\/wp-content\/uploads\/2024\/01\/devocional-150x150.png\" class=\"attachment-thumbnail size-thumbnail\" alt=\"\" \/><\/a>\r\n\t<div class=\"jet-woo-category-img-overlay\"><\/div>\r\n\t<div class=\"jet-woo-category-img-overlay__hover\"><\/div>\r\n<\/div>\r\n\t<div class=\"jet-woo-category-count__wrap\"><\/div>\r\n<\/div>\r\n<div class=\"jet-woo-categories-content\">\r\n<div class=\"jet-woo-category-title\">\r\n\t<a href=\"https:\/\/livrariamaveshop.com.br\/?product_cat=devocionais\" class=\"jet-woo-category-title__link\">Devocionais<\/a>\r\n<\/div>\r\n<\/div>\t<\/div>\r\n<\/div><div class=\"jet-woo-categories__item\">\r\n\t<div class=\"jet-woo-categories__inner-box\">\r\n\t\t\r\n<div class=\"jet-woo-categories-thumbnail__wrap\"><div class=\"jet-woo-category-thumbnail\">\r\n\t<a href=\"https:\/\/livrariamaveshop.com.br\/?product_cat=e-book\" rel=\"bookmark\"><img loading=\"lazy\" decoding=\"async\" width=\"150\" height=\"150\" src=\"https:\/\/livrariamaveshop.com.br\/wp-content\/uploads\/2024\/01\/ebook-2-150x150.webp\" class=\"attachment-thumbnail size-thumbnail\" alt=\"\" \/><\/a>\r\n\t<div class=\"jet-woo-category-img-overlay\"><\/div>\r\n\t<div class=\"jet-woo-category-img-overlay__hover\"><\/div>\r\n<\/div>\r\n\t<div class=\"jet-woo-category-count__wrap\"><\/div>\r\n<\/div>\r\n<div class=\"jet-woo-categories-content\">\r\n<div class=\"jet-woo-category-title\">\r\n\t<a href=\"https:\/\/livrariamaveshop.com.br\/?product_cat=e-book\" class=\"jet-woo-category-title__link\">E-books Gratuitos<\/a>\r\n<\/div>\r\n<\/div>\t<\/div>\r\n<\/div><div class=\"jet-woo-categories__item\">\r\n\t<div class=\"jet-woo-categories__inner-box\">\r\n\t\t\r\n<div class=\"jet-woo-categories-thumbnail__wrap\"><div class=\"jet-woo-category-thumbnail\">\r\n\t<a href=\"https:\/\/livrariamaveshop.com.br\/?product_cat=emocional\" rel=\"bookmark\"><img loading=\"lazy\" decoding=\"async\" width=\"150\" height=\"150\" src=\"https:\/\/livrariamaveshop.com.br\/wp-content\/uploads\/2024\/01\/emocional-2-150x150.jpg\" class=\"attachment-thumbnail size-thumbnail\" alt=\"\" \/><\/a>\r\n\t<div class=\"jet-woo-category-img-overlay\"><\/div>\r\n\t<div class=\"jet-woo-category-img-overlay__hover\"><\/div>\r\n<\/div>\r\n\t<div class=\"jet-woo-category-count__wrap\"><\/div>\r\n<\/div>\r\n<div class=\"jet-woo-categories-content\">\r\n<div class=\"jet-woo-category-title\">\r\n\t<a href=\"https:\/\/livrariamaveshop.com.br\/?product_cat=emocional\" class=\"jet-woo-category-title__link\">Emocional<\/a>\r\n<\/div>\r\n<\/div>\t<\/div>\r\n<\/div><div class=\"jet-woo-categories__item\">\r\n\t<div class=\"jet-woo-categories__inner-box\">\r\n\t\t\r\n<div class=\"jet-woo-categories-thumbnail__wrap\"><div class=\"jet-woo-category-thumbnail\">\r\n\t<a href=\"https:\/\/livrariamaveshop.com.br\/?product_cat=espirito-santo\" rel=\"bookmark\"><img loading=\"lazy\" decoding=\"async\" width=\"150\" height=\"150\" src=\"https:\/\/livrariamaveshop.com.br\/wp-content\/uploads\/2024\/01\/Espirito-Santo-150x150.jpg\" class=\"attachment-thumbnail size-thumbnail\" alt=\"\" \/><\/a>\r\n\t<div class=\"jet-woo-category-img-overlay\"><\/div>\r\n\t<div class=\"jet-woo-category-img-overlay__hover\"><\/div>\r\n<\/div>\r\n\t<div class=\"jet-woo-category-count__wrap\"><\/div>\r\n<\/div>\r\n<div class=\"jet-woo-categories-content\">\r\n<div class=\"jet-woo-category-title\">\r\n\t<a href=\"https:\/\/livrariamaveshop.com.br\/?product_cat=espirito-santo\" class=\"jet-woo-category-title__link\">Espirito Santo<\/a>\r\n<\/div>\r\n<\/div>\t<\/div>\r\n<\/div><div class=\"jet-woo-categories__item\">\r\n\t<div class=\"jet-woo-categories__inner-box\">\r\n\t\t\r\n<div class=\"jet-woo-categories-thumbnail__wrap\"><div class=\"jet-woo-category-thumbnail\">\r\n\t<a href=\"https:\/\/livrariamaveshop.com.br\/?product_cat=evangelizacao\" rel=\"bookmark\"><img loading=\"lazy\" decoding=\"async\" width=\"150\" height=\"150\" src=\"https:\/\/livrariamaveshop.com.br\/wp-content\/uploads\/2024\/01\/Evangelizacao-150x150.jpg\" class=\"attachment-thumbnail size-thumbnail\" alt=\"\" \/><\/a>\r\n\t<div class=\"jet-woo-category-img-overlay\"><\/div>\r\n\t<div class=\"jet-woo-category-img-overlay__hover\"><\/div>\r\n<\/div>\r\n\t<div class=\"jet-woo-category-count__wrap\"><\/div>\r\n<\/div>\r\n<div class=\"jet-woo-categories-content\">\r\n<div class=\"jet-woo-category-title\">\r\n\t<a href=\"https:\/\/livrariamaveshop.com.br\/?product_cat=evangelizacao\" class=\"jet-woo-category-title__link\">Evangeliza\u00e7\u00e3o<\/a>\r\n<\/div>\r\n<\/div>\t<\/div>\r\n<\/div><div class=\"jet-woo-categories__item\">\r\n\t<div class=\"jet-woo-categories__inner-box\">\r\n\t\t\r\n<div class=\"jet-woo-categories-thumbnail__wrap\"><div class=\"jet-woo-category-thumbnail\">\r\n\t<a href=\"https:\/\/livrariamaveshop.com.br\/?product_cat=familia\" rel=\"bookmark\"><img loading=\"lazy\" decoding=\"async\" width=\"150\" height=\"150\" src=\"https:\/\/livrariamaveshop.com.br\/wp-content\/uploads\/2024\/01\/Familia-150x150.jpg\" class=\"attachment-thumbnail size-thumbnail\" alt=\"\" \/><\/a>\r\n\t<div class=\"jet-woo-category-img-overlay\"><\/div>\r\n\t<div class=\"jet-woo-category-img-overlay__hover\"><\/div>\r\n<\/div>\r\n\t<div class=\"jet-woo-category-count__wrap\"><\/div>\r\n<\/div>\r\n<div class=\"jet-woo-categories-content\">\r\n<div class=\"jet-woo-category-title\">\r\n\t<a href=\"https:\/\/livrariamaveshop.com.br\/?product_cat=familia\" class=\"jet-woo-category-title__link\">Fam\u00edlia<\/a>\r\n<\/div>\r\n<\/div>\t<\/div>\r\n<\/div><div class=\"jet-woo-categories__item\">\r\n\t<div class=\"jet-woo-categories__inner-box\">\r\n\t\t\r\n<div class=\"jet-woo-categories-thumbnail__wrap\"><div class=\"jet-woo-category-thumbnail\">\r\n\t<a href=\"https:\/\/livrariamaveshop.com.br\/?product_cat=fe\" rel=\"bookmark\"><img loading=\"lazy\" decoding=\"async\" width=\"150\" height=\"150\" src=\"https:\/\/livrariamaveshop.com.br\/wp-content\/uploads\/2024\/01\/Fe-150x150.jpg\" class=\"attachment-thumbnail size-thumbnail\" alt=\"\" \/><\/a>\r\n\t<div class=\"jet-woo-category-img-overlay\"><\/div>\r\n\t<div class=\"jet-woo-category-img-overlay__hover\"><\/div>\r\n<\/div>\r\n\t<div class=\"jet-woo-category-count__wrap\"><\/div>\r\n<\/div>\r\n<div class=\"jet-woo-categories-content\">\r\n<div class=\"jet-woo-category-title\">\r\n\t<a href=\"https:\/\/livrariamaveshop.com.br\/?product_cat=fe\" class=\"jet-woo-category-title__link\">F\u00e9<\/a>\r\n<\/div>\r\n<\/div>\t<\/div>\r\n<\/div><div class=\"jet-woo-categories__item\">\r\n\t<div class=\"jet-woo-categories__inner-box\">\r\n\t\t\r\n<div class=\"jet-woo-categories-thumbnail__wrap\"><div class=\"jet-woo-category-thumbnail\">\r\n\t<a href=\"https:\/\/livrariamaveshop.com.br\/?product_cat=gloria-de-deus\" rel=\"bookmark\"><img loading=\"lazy\" decoding=\"async\" width=\"150\" height=\"150\" src=\"https:\/\/livrariamaveshop.com.br\/wp-content\/uploads\/2024\/01\/Gloria-de-Deus-150x150.jpg\" class=\"attachment-thumbnail size-thumbnail\" alt=\"\" \/><\/a>\r\n\t<div class=\"jet-woo-category-img-overlay\"><\/div>\r\n\t<div class=\"jet-woo-category-img-overlay__hover\"><\/div>\r\n<\/div>\r\n\t<div class=\"jet-woo-category-count__wrap\"><\/div>\r\n<\/div>\r\n<div class=\"jet-woo-categories-content\">\r\n<div class=\"jet-woo-category-title\">\r\n\t<a href=\"https:\/\/livrariamaveshop.com.br\/?product_cat=gloria-de-deus\" class=\"jet-woo-category-title__link\">Gl\u00f3ria de Deus<\/a>\r\n<\/div>\r\n<\/div>\t<\/div>\r\n<\/div><div class=\"jet-woo-categories__item\">\r\n\t<div class=\"jet-woo-categories__inner-box\">\r\n\t\t\r\n<div class=\"jet-woo-categories-thumbnail__wrap\"><div class=\"jet-woo-category-thumbnail\">\r\n\t<a href=\"https:\/\/livrariamaveshop.com.br\/?product_cat=graca\" rel=\"bookmark\"><img loading=\"lazy\" decoding=\"async\" width=\"150\" height=\"150\" src=\"https:\/\/livrariamaveshop.com.br\/wp-content\/uploads\/2024\/01\/graca-de-Deus-150x150.jpg\" class=\"attachment-thumbnail size-thumbnail\" alt=\"\" \/><\/a>\r\n\t<div class=\"jet-woo-category-img-overlay\"><\/div>\r\n\t<div class=\"jet-woo-category-img-overlay__hover\"><\/div>\r\n<\/div>\r\n\t<div class=\"jet-woo-category-count__wrap\"><\/div>\r\n<\/div>\r\n<div class=\"jet-woo-categories-content\">\r\n<div class=\"jet-woo-category-title\">\r\n\t<a href=\"https:\/\/livrariamaveshop.com.br\/?product_cat=graca\" class=\"jet-woo-category-title__link\">Gra\u00e7a<\/a>\r\n<\/div>\r\n<\/div>\t<\/div>\r\n<\/div><div class=\"jet-woo-categories__item\">\r\n\t<div class=\"jet-woo-categories__inner-box\">\r\n\t\t\r\n<div class=\"jet-woo-categories-thumbnail__wrap\"><div class=\"jet-woo-category-thumbnail\">\r\n\t<a href=\"https:\/\/livrariamaveshop.com.br\/?product_cat=grandes-homens-de-deus\" rel=\"bookmark\"><img loading=\"lazy\" decoding=\"async\" width=\"150\" height=\"150\" src=\"https:\/\/livrariamaveshop.com.br\/wp-content\/uploads\/2024\/01\/Homens-de-Deus-150x150.jpg\" class=\"attachment-thumbnail size-thumbnail\" alt=\"\" \/><\/a>\r\n\t<div class=\"jet-woo-category-img-overlay\"><\/div>\r\n\t<div class=\"jet-woo-category-img-overlay__hover\"><\/div>\r\n<\/div>\r\n\t<div class=\"jet-woo-category-count__wrap\"><\/div>\r\n<\/div>\r\n<div class=\"jet-woo-categories-content\">\r\n<div class=\"jet-woo-category-title\">\r\n\t<a href=\"https:\/\/livrariamaveshop.com.br\/?product_cat=grandes-homens-de-deus\" class=\"jet-woo-category-title__link\">Grandes Homens de Deus<\/a>\r\n<\/div>\r\n<\/div>\t<\/div>\r\n<\/div><div class=\"jet-woo-categories__item\">\r\n\t<div class=\"jet-woo-categories__inner-box\">\r\n\t\t\r\n<div class=\"jet-woo-categories-thumbnail__wrap\"><div class=\"jet-woo-category-thumbnail\">\r\n\t<a href=\"https:\/\/livrariamaveshop.com.br\/?product_cat=guerra-espiritual\" rel=\"bookmark\"><img loading=\"lazy\" decoding=\"async\" width=\"150\" height=\"150\" src=\"https:\/\/livrariamaveshop.com.br\/wp-content\/uploads\/2024\/01\/Guerra-Espiritual-150x150.jpg\" class=\"attachment-thumbnail size-thumbnail\" alt=\"\" \/><\/a>\r\n\t<div class=\"jet-woo-category-img-overlay\"><\/div>\r\n\t<div class=\"jet-woo-category-img-overlay__hover\"><\/div>\r\n<\/div>\r\n\t<div class=\"jet-woo-category-count__wrap\"><\/div>\r\n<\/div>\r\n<div class=\"jet-woo-categories-content\">\r\n<div class=\"jet-woo-category-title\">\r\n\t<a href=\"https:\/\/livrariamaveshop.com.br\/?product_cat=guerra-espiritual\" class=\"jet-woo-category-title__link\">Guerra Espiritual<\/a>\r\n<\/div>\r\n<\/div>\t<\/div>\r\n<\/div><div class=\"jet-woo-categories__item\">\r\n\t<div class=\"jet-woo-categories__inner-box\">\r\n\t\t\r\n<div class=\"jet-woo-categories-thumbnail__wrap\"><div class=\"jet-woo-category-thumbnail\">\r\n\t<a href=\"https:\/\/livrariamaveshop.com.br\/?product_cat=honra\" rel=\"bookmark\"><img loading=\"lazy\" decoding=\"async\" width=\"150\" height=\"150\" src=\"https:\/\/livrariamaveshop.com.br\/wp-content\/uploads\/2024\/01\/Honra-150x150.jpg\" class=\"attachment-thumbnail size-thumbnail\" alt=\"\" \/><\/a>\r\n\t<div class=\"jet-woo-category-img-overlay\"><\/div>\r\n\t<div class=\"jet-woo-category-img-overlay__hover\"><\/div>\r\n<\/div>\r\n\t<div class=\"jet-woo-category-count__wrap\"><\/div>\r\n<\/div>\r\n<div class=\"jet-woo-categories-content\">\r\n<div class=\"jet-woo-category-title\">\r\n\t<a href=\"https:\/\/livrariamaveshop.com.br\/?product_cat=honra\" class=\"jet-woo-category-title__link\">Honra<\/a>\r\n<\/div>\r\n<\/div>\t<\/div>\r\n<\/div><div class=\"jet-woo-categories__item\">\r\n\t<div class=\"jet-woo-categories__inner-box\">\r\n\t\t\r\n<div class=\"jet-woo-categories-thumbnail__wrap\"><div class=\"jet-woo-category-thumbnail\">\r\n\t<a href=\"https:\/\/livrariamaveshop.com.br\/?product_cat=igreja\" rel=\"bookmark\"><img loading=\"lazy\" decoding=\"async\" width=\"150\" height=\"150\" src=\"https:\/\/livrariamaveshop.com.br\/wp-content\/uploads\/2024\/01\/Igreja-150x150.jpg\" class=\"attachment-thumbnail size-thumbnail\" alt=\"\" \/><\/a>\r\n\t<div class=\"jet-woo-category-img-overlay\"><\/div>\r\n\t<div class=\"jet-woo-category-img-overlay__hover\"><\/div>\r\n<\/div>\r\n\t<div class=\"jet-woo-category-count__wrap\"><\/div>\r\n<\/div>\r\n<div class=\"jet-woo-categories-content\">\r\n<div class=\"jet-woo-category-title\">\r\n\t<a href=\"https:\/\/livrariamaveshop.com.br\/?product_cat=igreja\" class=\"jet-woo-category-title__link\">Igreja<\/a>\r\n<\/div>\r\n<\/div>\t<\/div>\r\n<\/div><div class=\"jet-woo-categories__item\">\r\n\t<div class=\"jet-woo-categories__inner-box\">\r\n\t\t\r\n<div class=\"jet-woo-categories-thumbnail__wrap\"><div class=\"jet-woo-category-thumbnail\">\r\n\t<a href=\"https:\/\/livrariamaveshop.com.br\/?product_cat=infantil\" rel=\"bookmark\"><img loading=\"lazy\" decoding=\"async\" width=\"150\" height=\"150\" src=\"https:\/\/livrariamaveshop.com.br\/wp-content\/uploads\/2024\/02\/Criancas-150x150.jpg\" class=\"attachment-thumbnail size-thumbnail\" alt=\"\" \/><\/a>\r\n\t<div class=\"jet-woo-category-img-overlay\"><\/div>\r\n\t<div class=\"jet-woo-category-img-overlay__hover\"><\/div>\r\n<\/div>\r\n\t<div class=\"jet-woo-category-count__wrap\"><\/div>\r\n<\/div>\r\n<div class=\"jet-woo-categories-content\">\r\n<div class=\"jet-woo-category-title\">\r\n\t<a href=\"https:\/\/livrariamaveshop.com.br\/?product_cat=infantil\" class=\"jet-woo-category-title__link\">Infantil<\/a>\r\n<\/div>\r\n<\/div>\t<\/div>\r\n<\/div><div class=\"jet-woo-categories__item\">\r\n\t<div class=\"jet-woo-categories__inner-box\">\r\n\t\t\r\n<div class=\"jet-woo-categories-thumbnail__wrap\"><div class=\"jet-woo-category-thumbnail\">\r\n\t<a href=\"https:\/\/livrariamaveshop.com.br\/?product_cat=lancamentos\" rel=\"bookmark\"><img loading=\"lazy\" decoding=\"async\" width=\"150\" height=\"150\" src=\"https:\/\/livrariamaveshop.com.br\/wp-content\/uploads\/2024\/02\/Imagem-do-WhatsApp-de-2023-12-02-as-11.06.15_3bc6b285-150x150.jpg\" class=\"attachment-thumbnail size-thumbnail\" alt=\"\" \/><\/a>\r\n\t<div class=\"jet-woo-category-img-overlay\"><\/div>\r\n\t<div class=\"jet-woo-category-img-overlay__hover\"><\/div>\r\n<\/div>\r\n\t<div class=\"jet-woo-category-count__wrap\"><\/div>\r\n<\/div>\r\n<div class=\"jet-woo-categories-content\">\r\n<div class=\"jet-woo-category-title\">\r\n\t<a href=\"https:\/\/livrariamaveshop.com.br\/?product_cat=lancamentos\" class=\"jet-woo-category-title__link\">Lan\u00e7amentos<\/a>\r\n<\/div>\r\n<\/div>\t<\/div>\r\n<\/div><div class=\"jet-woo-categories__item\">\r\n\t<div class=\"jet-woo-categories__inner-box\">\r\n\t\t\r\n<div class=\"jet-woo-categories-thumbnail__wrap\"><div class=\"jet-woo-category-thumbnail\">\r\n\t<a href=\"https:\/\/livrariamaveshop.com.br\/?product_cat=libertacao\" rel=\"bookmark\"><img loading=\"lazy\" decoding=\"async\" width=\"150\" height=\"150\" src=\"https:\/\/livrariamaveshop.com.br\/wp-content\/uploads\/2024\/01\/Libertacao-150x150.jpg\" class=\"attachment-thumbnail size-thumbnail\" alt=\"\" \/><\/a>\r\n\t<div class=\"jet-woo-category-img-overlay\"><\/div>\r\n\t<div class=\"jet-woo-category-img-overlay__hover\"><\/div>\r\n<\/div>\r\n\t<div class=\"jet-woo-category-count__wrap\"><\/div>\r\n<\/div>\r\n<div class=\"jet-woo-categories-content\">\r\n<div class=\"jet-woo-category-title\">\r\n\t<a href=\"https:\/\/livrariamaveshop.com.br\/?product_cat=libertacao\" class=\"jet-woo-category-title__link\">Liberta\u00e7\u00e3o<\/a>\r\n<\/div>\r\n<\/div>\t<\/div>\r\n<\/div><\/div>\r\n<\/div>\t\t<\/div>\n\t\t\t\t<\/div>\n\t\t\t\t\t<\/div>\n\t\t\t\t<\/div>\n\t\t\t\t<\/div>\n\t\t","protected":false},"excerpt":{"rendered":"<p>Avivamento B\u00edblias Casamento C\u00e9u Combos promocionais Cura Devocionais E-book Espirito Santo Evangeliza\u00e7\u00e3o Fam\u00edlia F\u00e9 Geral Gra\u00e7a Guerra Espiritual Igreja Lan\u00e7amentos Ora\u00e7\u00e3o Paz Planner Prof\u00e9tico Prosperidade Salva\u00e7\u00e3o Santidade<\/p>\n","protected":false},"author":1,"featured_media":0,"parent":0,"menu_order":0,"comment_status":"closed","ping_status":"closed","template":"","meta":{"_joinchat":[],"footnotes":""},"class_list":["post-461","page","type-page","status-publish","hentry"],"_links":{"self":[{"href":"https:\/\/livrariamaveshop.com.br\/index.php?rest_route=\/wp\/v2\/pages\/461","targetHints":{"allow":["GET"]}}],"collection":[{"href":"https:\/\/livrariamaveshop.com.br\/index.php?rest_route=\/wp\/v2\/pages"}],"about":[{"href":"https:\/\/livrariamaveshop.com.br\/index.php?rest_route=\/wp\/v2\/types\/page"}],"author":[{"embeddable":true,"href":"https:\/\/livrariamaveshop.com.br\/index.php?rest_route=\/wp\/v2\/users\/1"}],"replies":[{"embeddable":true,"href":"https:\/\/livrariamaveshop.com.br\/index.php?rest_route=%2Fwp%2Fv2%2Fcomments&post=461"}],"version-history":[{"count":28,"href":"https:\/\/livrariamaveshop.com.br\/index.php?rest_route=\/wp\/v2\/pages\/461\/revisions"}],"predecessor-version":[{"id":1352,"href":"https:\/\/livrariamaveshop.com.br\/index.php?rest_route=\/wp\/v2\/pages\/461\/revisions\/1352"}],"wp:attachment":[{"href":"https:\/\/livrariamaveshop.com.br\/index.php?rest_route=%2Fwp%2Fv2%2Fmedia&parent=461"}],"curies":[{"name":"wp","href":"https:\/\/api.w.org\/{rel}","templated":true}]}}